{"id":889,"date":"2023-04-26T13:31:11","date_gmt":"2023-04-26T17:31:11","guid":{"rendered":"https:\/\/prod.mcq.org\/preparer-sa-visite\/"},"modified":"2026-03-30T10:44:14","modified_gmt":"2026-03-30T14:44:14","slug":"plan-your-visit","status":"publish","type":"page","link":"https:\/\/mcq.org\/en\/visit\/plan-your-visit\/","title":{"rendered":"Plan Your Visit"},"content":{"rendered":"<div  class=\"container contenu-centre\">\n  <div class=\"row justify-content-center\">\n    <div class=\"col-lg-10 col-xl-8\">\n      \n        \n\n<h2>Buying tickets<\/h2>\n<p>Buy your tickets online and save! Then, pick up your sticker of the day at the terminals located at the Mus\u00e9e entrance.\u00a0<\/p>\n<p><!--We recommend buying your ticket online, even if you are a member. Exclusive online discount are automatically applied to regular rates. You can also buy your ticket on site at regular price.--><\/p>\n<p><a class=\"bouton-noir\" href=\"https:\/\/boutique.mcq.org\/en_US\/\">Buy a ticket\u00a0 <\/a><\/p>\n\n\n          <\/div>\n  <\/div>\n<\/div>\n\n    <div class=\"container bloc-informations-utiles\">\n      <div class=\"row justify-content-md-center\">\n                  <div class=\"col-lg-6\">\n            <div class=\"inner\">\n                              <img decoding=\"async\" src=\"https:\/\/mcq.org\/wp-content\/uploads\/2023\/04\/ico-info-direction.svg\" alt=\"Direction\" aria-hidden=\"true\">\n                            <span class=\"info-utiles-title\">Location and access<\/span>\n              <p>Get <a href=\"https:\/\/mcq.org\/en\/visit\/location-and-access\/\">directions<\/a> to the Mus\u00e9e.<\/p>\n            <\/div>\n          <\/div>\n                  <div class=\"col-lg-6\">\n            <div class=\"inner\">\n                              <img decoding=\"async\" src=\"https:\/\/mcq.org\/wp-content\/uploads\/2023\/04\/ico-info-horaire.svg\" alt=\"Horaire\" aria-hidden=\"true\">\n                            <span class=\"info-utiles-title\">Opening hours<\/span>\n              <p>The Mus\u00e9e is <a href=\"https:\/\/mcq.org\/en\/visit\/schedule-and-rates\/\">open<\/a> Tuesday to Sunday, from 10:00 am to 5:00 pm.<\/p>\n<p>The <a href=\"https:\/\/mcq.org\/en\/visit\/boutique\/\">Boutique<\/a> is open from 11:00 am to 5 pm.<\/p>\n            <\/div>\n          <\/div>\n                  <div class=\"col-lg-6\">\n            <div class=\"inner\">\n                              <img decoding=\"async\" src=\"https:\/\/mcq.org\/wp-content\/uploads\/2023\/04\/ico-info-reservation.svg\" alt=\"R\u00e9servation restaurant\" aria-hidden=\"true\">\n                            <span class=\"info-utiles-title\">Reservations for guided tours and activities<\/span>\n              <p>You must register all <a href=\"\/en\/discover\/activities\/\">guided tours<\/a>, except the guided tour of the <em>This Is Our Story<\/em> exhibition, at the information desk.<\/p>\n            <\/div>\n          <\/div>\n                  <div class=\"col-lg-6\">\n            <div class=\"inner\">\n                              <img decoding=\"async\" src=\"https:\/\/mcq.org\/wp-content\/uploads\/2023\/04\/ico-info-acces-universelle.svg\" alt=\"Accessibilit\u00e9 universelle\" aria-hidden=\"true\">\n                            <span class=\"info-utiles-title\">Universal accessibility\u00a0<\/span>\n              <p>Visit a Mus\u00e9e for all. At the Mus\u00e9e, <a href=\"https:\/\/mcq.org\/en\/about-us\/universal-accessibility\/\">universal accessibility<\/a> is a priority.<\/p>\n            <\/div>\n          <\/div>\n                  <div class=\"col-lg-6\">\n            <div class=\"inner\">\n                              <img decoding=\"async\" src=\"https:\/\/mcq.org\/wp-content\/uploads\/2023\/04\/ico-info-restaurant.svg\" alt=\"Restaurant\" aria-hidden=\"true\">\n                            <span class=\"info-utiles-title\">Where to eat\u00a0<\/span>\n              <p>You can eat at the Mus\u00e9e <a href=\"https:\/\/mcq.org\/en\/visit\/restaurant\/\">restaurant<\/a> or bring your lunch. A dining area with a microwave is available in the basement.<\/p>\n            <\/div>\n          <\/div>\n                  <div class=\"col-lg-6\">\n            <div class=\"inner\">\n                              <img decoding=\"async\" src=\"https:\/\/mcq.org\/wp-content\/uploads\/2023\/04\/ico-info-boutique.svg\" alt=\"Boutique\" aria-hidden=\"true\">\n                            <span class=\"info-utiles-title\">Boutique<\/span>\n              <p>Find gift ideas and unique items at the <a href=\"https:\/\/mcq.org\/en\/visit\/boutique\/\">Museum Boutique<\/a>. Open everyday 11 a.m. to 5 p.m. <\/p>\n            <\/div>\n          <\/div>\n                  <div class=\"col-lg-6\">\n            <div class=\"inner\">\n                              <img decoding=\"async\" src=\"https:\/\/mcq.org\/wp-content\/uploads\/2023\/04\/ico-info-abonne.svg\" alt=\"Abonn\u00e9 combl\u00e9\" aria-hidden=\"true\">\n                            <span class=\"info-utiles-title\">Become a member<\/span>\n              <p><a href=\"https:\/\/mcq.org\/en\/visit\/membership\/\">Members<\/a> enjoy discounts at the Mus\u00e9e restaurant and at the shop, as well as a host of other privileges.<\/p>\n            <\/div>\n          <\/div>\n              <\/div>\n    <\/div>\n\n\n<div  class=\"container contenu-centre\">\n  <div class=\"row justify-content-center\">\n    <div class=\"col-lg-10 col-xl-8\">\n      \n        \n      <div class=\"col-12\">\n        <h2 class=\"section-title\">Services<\/h2>\n      <\/div>\n        <div class=\"block-pictos-textes\">\n                <div class=\"col-12\"><img decoding=\"async\" src=\"https:\/\/mcq.org\/wp-content\/uploads\/2023\/04\/ico-planif-accueil.svg\" alt=\"Accueil\" class=\"rounded img-fluid\">\n              <div><h3>Information desk<\/h3>\n<p>Need more information? Head to the information desk with your questions!<\/p>\n<\/div>\n    <\/div>\n          <div class=\"col-12\"><img decoding=\"async\" src=\"https:\/\/mcq.org\/wp-content\/uploads\/2023\/04\/ico-planif-vestiaire.svg\" alt=\"Vestiaire\" class=\"rounded img-fluid\">\n              <div><h3>Cloakroom<\/h3>\n<p>Acloakroom is available and forty self-service lockers are available for your use for free.<\/p>\n<\/div>\n    <\/div>\n          <div class=\"col-12\"><img decoding=\"async\" src=\"https:\/\/mcq.org\/wp-content\/uploads\/2023\/04\/ico-planif-info.svg\" alt=\"Comptoir d\u2019information\" class=\"rounded img-fluid\">\n              <div><h3>Remember\u2026 <\/h3>\n<ul>\n<li>No food or drink is allowed in the exhibition halls. <\/li>\n<li>Water bottles and containers with liquid should be closed. <\/li>\n<li>As light can deteriorate many works of art, flash photography is not permitted. <\/li>\n<\/div>\n    <\/div>\n          <div class=\"col-12\"><img decoding=\"async\" src=\"https:\/\/mcq.org\/wp-content\/uploads\/2023\/04\/ico-planif-pret-materiel.svg\" alt=\"Pr\u00eat de mat\u00e9riel\" class=\"rounded img-fluid\">\n              <div><h3>Equipment you can borrow<\/h3>\n<p>Strollers and wheelchairs are available for free. Ask at the cloakroom.<\/p>\n<\/div>\n    <\/div>\n          <div class=\"col-12\"><img decoding=\"async\" src=\"https:\/\/mcq.org\/wp-content\/uploads\/2023\/04\/ico-planif-wifi.svg\" alt=\"Wifi\" class=\"rounded img-fluid\">\n              <div><h3>Free Wi-Fi<\/h3>\n<p>A public Wi-Fi network is available in the public areas of the Mus\u00e9e. You will need to agree to the terms of use in order to log in.<\/p>\n<\/div>\n    <\/div>\n          <div class=\"col-12\"><img decoding=\"async\" src=\"https:\/\/mcq.org\/wp-content\/uploads\/2023\/04\/ico-planif-toilette-non-genrees.svg\" alt=\"Toilettes non-genr\u00e9es\" class=\"rounded img-fluid\">\n              <div><h3>Washrooms<\/h3>\n<p>You will find washrooms with diaper changing tables on every floor of the Mus\u00e9e. A gender-neutral washroom is available on the first floor.<\/p>\n<\/div>\n    <\/div>\n          <div class=\"col-12\"><img decoding=\"async\" src=\"https:\/\/mcq.org\/wp-content\/uploads\/2023\/04\/ico-planif-espace-bebe.svg\" alt=\"Espace b\u00e9b\u00e9\" class=\"rounded img-fluid\">\n              <div><h3>Baby area<\/h3>\n<p>An area with a range of baby amenities is available at the Mus\u00e9e. Follow the signs or ask at the information desk. You will find two armchairs, a microwave, a bottle warmer and a changing table. Changing tables are also available in all washrooms.<\/p>\n<\/div>\n    <\/div>\n          <div class=\"col-12\"><img decoding=\"async\" src=\"https:\/\/mcq.org\/wp-content\/uploads\/2023\/04\/ico-planif-recharge-cell.svg\" alt=\"Borne de recharge\" class=\"rounded img-fluid\">\n              <div><h3>Charger<\/h3>\n<p>You can borrow a charger at the information desk.<\/p>\n<\/div>\n    <\/div>\n          <div class=\"col-12\"><img decoding=\"async\" src=\"https:\/\/mcq.org\/wp-content\/uploads\/2023\/04\/ico-planif-objets-trouves.svg\" alt=\"Objets trouv\u00e9s\" class=\"rounded img-fluid\">\n              <div><h3>Lost and found<\/h3>\n<p>Have you lost or found something? Just notify the staff at the information desk.<\/p>\n<\/div>\n    <\/div>\n<\/div>\n\n\n          <\/div>\n  <\/div>\n<\/div>","protected":false},"excerpt":{"rendered":"","protected":false},"author":1,"featured_media":7807,"parent":416,"menu_order":0,"comment_status":"closed","ping_status":"closed","template":"","meta":{"_acf_changed":false,"footnotes":""},"page-tax":[256],"folder":[],"class_list":["post-889","page","type-page","status-publish","has-post-thumbnail","hentry","page-tax-general-en"],"acf":[],"yoast_head":"<!-- This site is optimized with the Yoast SEO Premium plugin v27.3 (Yoast SEO v27.3) - https:\/\/yoast.com\/product\/yoast-seo-premium-wordpress\/ -->\n<title>Plan your visit - Everything you need to know | Mus\u00e9e de la civilisation<\/title>\n<meta name=\"description\" content=\"Have a question about the museum? Want to plan your visit? Find the answers you need to prepare in our visitors guide.\" \/>\n<meta name=\"robots\" content=\"index, follow, max-snippet:-1, max-image-preview:large, max-video-preview:-1\" \/>\n<link rel=\"canonical\" href=\"https:\/\/mcq.org\/en\/visit\/plan-your-visit\/\" \/>\n<meta property=\"og:locale\" content=\"en_US\" \/>\n<meta property=\"og:type\" content=\"article\" \/>\n<meta property=\"og:title\" content=\"Plan your visit - Everything you need to know | Mus\u00e9e de la civilisation\" \/>\n<meta property=\"og:description\" content=\"Have a question about the museum? Want to plan your visit? Find the answers you need to prepare in our visitors guide.\" \/>\n<meta property=\"og:url\" content=\"https:\/\/mcq.org\/en\/visit\/plan-your-visit\/\" \/>\n<meta property=\"og:site_name\" content=\"Mus\u00e9e de la civilisation\" \/>\n<meta property=\"article:publisher\" content=\"https:\/\/www.facebook.com\/mcqorg\" \/>\n<meta property=\"article:modified_time\" content=\"2026-03-30T14:44:14+00:00\" \/>\n<meta property=\"og:image\" content=\"https:\/\/mcq.org\/wp-content\/uploads\/2023\/06\/en-vedette-visite.jpg\" \/>\n\t<meta property=\"og:image:width\" content=\"600\" \/>\n\t<meta property=\"og:image:height\" content=\"600\" \/>\n\t<meta property=\"og:image:type\" content=\"image\/jpeg\" \/>\n<meta name=\"twitter:card\" content=\"summary_large_image\" \/>\n<meta name=\"twitter:title\" content=\"Plan your visit - Everything you need to know | Mus\u00e9e de la civilisation\" \/>\n<meta name=\"twitter:description\" content=\"Have a question about the museum? Want to plan your visit? Find the answers you need to prepare in our visitors guide.\" \/>\n<meta name=\"twitter:site\" content=\"@mcqorg\" \/>\n<meta name=\"twitter:label1\" content=\"Est. reading time\" \/>\n\t<meta name=\"twitter:data1\" content=\"1 minute\" \/>\n<!-- \/ Yoast SEO Premium plugin. -->","yoast_head_json":{"title":"Plan your visit - Everything you need to know | Mus\u00e9e de la civilisation","description":"Have a question about the museum? Want to plan your visit? Find the answers you need to prepare in our visitors guide.","robots":{"index":"index","follow":"follow","max-snippet":"max-snippet:-1","max-image-preview":"max-image-preview:large","max-video-preview":"max-video-preview:-1"},"canonical":"https:\/\/mcq.org\/en\/visit\/plan-your-visit\/","og_locale":"en_US","og_type":"article","og_title":"Plan your visit - Everything you need to know | Mus\u00e9e de la civilisation","og_description":"Have a question about the museum? Want to plan your visit? Find the answers you need to prepare in our visitors guide.","og_url":"https:\/\/mcq.org\/en\/visit\/plan-your-visit\/","og_site_name":"Mus\u00e9e de la civilisation","article_publisher":"https:\/\/www.facebook.com\/mcqorg","article_modified_time":"2026-03-30T14:44:14+00:00","og_image":[{"width":600,"height":600,"url":"https:\/\/mcq.org\/wp-content\/uploads\/2023\/06\/en-vedette-visite.jpg","type":"image\/jpeg"}],"twitter_card":"summary_large_image","twitter_title":"Plan your visit - Everything you need to know | Mus\u00e9e de la civilisation","twitter_description":"Have a question about the museum? Want to plan your visit? Find the answers you need to prepare in our visitors guide.","twitter_site":"@mcqorg","twitter_misc":{"Est. reading time":"1 minute"},"schema":{"@context":"https:\/\/schema.org","@graph":[{"@type":"WebPage","@id":"https:\/\/mcq.org\/en\/visit\/plan-your-visit\/","url":"https:\/\/mcq.org\/en\/visit\/plan-your-visit\/","name":"Plan your visit - Everything you need to know | Mus\u00e9e de la civilisation","isPartOf":{"@id":"https:\/\/mcq.org\/en\/#website"},"primaryImageOfPage":{"@id":"https:\/\/mcq.org\/en\/visit\/plan-your-visit\/#primaryimage"},"image":{"@id":"https:\/\/mcq.org\/en\/visit\/plan-your-visit\/#primaryimage"},"thumbnailUrl":"https:\/\/mcq.org\/wp-content\/uploads\/2023\/06\/en-vedette-visite.jpg","datePublished":"2023-04-26T17:31:11+00:00","dateModified":"2026-03-30T14:44:14+00:00","description":"Have a question about the museum? Want to plan your visit? Find the answers you need to prepare in our visitors guide.","breadcrumb":{"@id":"https:\/\/mcq.org\/en\/visit\/plan-your-visit\/#breadcrumb"},"inLanguage":"en-US","potentialAction":[{"@type":"ReadAction","target":["https:\/\/mcq.org\/en\/visit\/plan-your-visit\/"]}]},{"@type":"ImageObject","inLanguage":"en-US","@id":"https:\/\/mcq.org\/en\/visit\/plan-your-visit\/#primaryimage","url":"https:\/\/mcq.org\/wp-content\/uploads\/2023\/06\/en-vedette-visite.jpg","contentUrl":"https:\/\/mcq.org\/wp-content\/uploads\/2023\/06\/en-vedette-visite.jpg","width":600,"height":600},{"@type":"BreadcrumbList","@id":"https:\/\/mcq.org\/en\/visit\/plan-your-visit\/#breadcrumb","itemListElement":[{"@type":"ListItem","position":1,"name":"Home","item":"https:\/\/mcq.org\/en\/"},{"@type":"ListItem","position":2,"name":"Visit","item":"https:\/\/mcq.org\/en\/visit\/"},{"@type":"ListItem","position":3,"name":"Plan Your Visit"}]},{"@type":"WebSite","@id":"https:\/\/mcq.org\/en\/#website","url":"https:\/\/mcq.org\/en\/","name":"Mus\u00e9e de la civilisation","description":"Le Mus\u00e9e de la civilisation explore les diff\u00e9rentes facettes de la r\u00e9alit\u00e9 humaine avec sa d\u00e9marche unique qui combine enchantement, connaissance et r\u00e9flexion.","publisher":{"@id":"https:\/\/mcq.org\/en\/#organization"},"alternateName":"MCQ","potentialAction":[{"@type":"SearchAction","target":{"@type":"EntryPoint","urlTemplate":"https:\/\/mcq.org\/en\/?s={search_term_string}"},"query-input":{"@type":"PropertyValueSpecification","valueRequired":true,"valueName":"search_term_string"}}],"inLanguage":"en-US"},{"@type":"Organization","@id":"https:\/\/mcq.org\/en\/#organization","name":"Mus\u00e9e de la civilisation","alternateName":"MCQ","url":"https:\/\/mcq.org\/en\/","logo":{"@type":"ImageObject","inLanguage":"en-US","@id":"https:\/\/mcq.org\/en\/#\/schema\/logo\/image\/","url":"https:\/\/mcq.org\/wp-content\/uploads\/2023\/04\/logo-mcq-300x123-1.png","contentUrl":"https:\/\/mcq.org\/wp-content\/uploads\/2023\/04\/logo-mcq-300x123-1.png","width":300,"height":123,"caption":"Mus\u00e9e de la civilisation"},"image":{"@id":"https:\/\/mcq.org\/en\/#\/schema\/logo\/image\/"},"sameAs":["https:\/\/www.facebook.com\/mcqorg","https:\/\/x.com\/mcqorg","https:\/\/www.instagram.com\/mcqorg\/","https:\/\/www.linkedin.com\/company\/mcqorg\/"]}]}},"_links":{"self":[{"href":"https:\/\/mcq.org\/en\/wp-json\/wp\/v2\/pages\/889","targetHints":{"allow":["GET"]}}],"collection":[{"href":"https:\/\/mcq.org\/en\/wp-json\/wp\/v2\/pages"}],"about":[{"href":"https:\/\/mcq.org\/en\/wp-json\/wp\/v2\/types\/page"}],"author":[{"embeddable":true,"href":"https:\/\/mcq.org\/en\/wp-json\/wp\/v2\/users\/1"}],"replies":[{"embeddable":true,"href":"https:\/\/mcq.org\/en\/wp-json\/wp\/v2\/comments?post=889"}],"version-history":[{"count":44,"href":"https:\/\/mcq.org\/en\/wp-json\/wp\/v2\/pages\/889\/revisions"}],"predecessor-version":[{"id":29900,"href":"https:\/\/mcq.org\/en\/wp-json\/wp\/v2\/pages\/889\/revisions\/29900"}],"up":[{"embeddable":true,"href":"https:\/\/mcq.org\/en\/wp-json\/wp\/v2\/pages\/416"}],"wp:featuredmedia":[{"embeddable":true,"href":"https:\/\/mcq.org\/en\/wp-json\/wp\/v2\/media\/7807"}],"wp:attachment":[{"href":"https:\/\/mcq.org\/en\/wp-json\/wp\/v2\/media?parent=889"}],"wp:term":[{"taxonomy":"page-tax","embeddable":true,"href":"https:\/\/mcq.org\/en\/wp-json\/wp\/v2\/page-tax?post=889"},{"taxonomy":"folder","embeddable":true,"href":"https:\/\/mcq.org\/en\/wp-json\/wp\/v2\/folder?post=889"}],"curies":[{"name":"wp","href":"https:\/\/api.w.org\/{rel}","templated":true}]}}