{"id":7844,"date":"2023-06-15T10:27:45","date_gmt":"2023-06-15T14:27:45","guid":{"rendered":"https:\/\/prod.mcq.org\/plan-du-site\/"},"modified":"2024-06-06T15:12:57","modified_gmt":"2024-06-06T19:12:57","slug":"site-map","status":"publish","type":"page","link":"https:\/\/mcq.org\/en\/about-us\/site-map\/","title":{"rendered":"Site map"},"content":{"rendered":"","protected":false},"excerpt":{"rendered":"","protected":false},"author":1,"featured_media":0,"parent":1241,"menu_order":0,"comment_status":"closed","ping_status":"closed","template":"pages\/page-site-map.php","meta":{"_acf_changed":false,"footnotes":""},"page-tax":[256],"folder":[],"class_list":["post-7844","page","type-page","status-publish","hentry","page-tax-general-en"],"acf":[],"yoast_head":"<!-- This site is optimized with the Yoast SEO Premium plugin v27.3 (Yoast SEO v27.3) - https:\/\/yoast.com\/product\/yoast-seo-premium-wordpress\/ -->\n<title>Site map | Mus\u00e9e de la civilisation<\/title>\n<meta name=\"description\" content=\"Map showing the different sections of the Mus\u00e9e de la civilisation website in Quebec City.\" \/>\n<meta name=\"robots\" content=\"index, follow, max-snippet:-1, max-image-preview:large, max-video-preview:-1\" \/>\n<link rel=\"canonical\" href=\"https:\/\/mcq.org\/en\/about-us\/site-map\/\" \/>\n<meta property=\"og:locale\" content=\"en_US\" \/>\n<meta property=\"og:type\" content=\"article\" \/>\n<meta property=\"og:title\" content=\"Site map | Mus\u00e9e de la civilisation\" \/>\n<meta property=\"og:description\" content=\"Map showing the different sections of the Mus\u00e9e de la civilisation website in Quebec City.\" \/>\n<meta property=\"og:url\" content=\"https:\/\/mcq.org\/en\/about-us\/site-map\/\" \/>\n<meta property=\"og:site_name\" content=\"Mus\u00e9e de la civilisation\" \/>\n<meta property=\"article:publisher\" content=\"https:\/\/www.facebook.com\/mcqorg\" \/>\n<meta property=\"article:modified_time\" content=\"2024-06-06T19:12:57+00:00\" \/>\n<meta property=\"og:image\" content=\"https:\/\/mcq.org\/wp-content\/uploads\/2023\/04\/Visuel_Generique_OG_1200x675.jpg?ver=1682613626\" \/>\n\t<meta property=\"og:image:width\" content=\"1200\" \/>\n\t<meta property=\"og:image:height\" content=\"675\" \/>\n\t<meta property=\"og:image:type\" content=\"image\/jpeg\" \/>\n<meta name=\"twitter:card\" content=\"summary_large_image\" \/>\n<meta name=\"twitter:description\" content=\"Le Mus\u00e9e de la civilisation explore les diff\u00e9rentes facettes de la r\u00e9alit\u00e9 humaine avec sa d\u00e9marche unique qui combine enchantement, connaissance et r\u00e9flexion.\" \/>\n<meta name=\"twitter:site\" content=\"@mcqorg\" \/>\n<!-- \/ Yoast SEO Premium plugin. -->","yoast_head_json":{"title":"Site map | Mus\u00e9e de la civilisation","description":"Map showing the different sections of the Mus\u00e9e de la civilisation website in Quebec City.","robots":{"index":"index","follow":"follow","max-snippet":"max-snippet:-1","max-image-preview":"max-image-preview:large","max-video-preview":"max-video-preview:-1"},"canonical":"https:\/\/mcq.org\/en\/about-us\/site-map\/","og_locale":"en_US","og_type":"article","og_title":"Site map | Mus\u00e9e de la civilisation","og_description":"Map showing the different sections of the Mus\u00e9e de la civilisation website in Quebec City.","og_url":"https:\/\/mcq.org\/en\/about-us\/site-map\/","og_site_name":"Mus\u00e9e de la civilisation","article_publisher":"https:\/\/www.facebook.com\/mcqorg","article_modified_time":"2024-06-06T19:12:57+00:00","og_image":[{"width":1200,"height":675,"url":"https:\/\/mcq.org\/wp-content\/uploads\/2023\/04\/Visuel_Generique_OG_1200x675.jpg?ver=1682613626","type":"image\/jpeg"}],"twitter_card":"summary_large_image","twitter_description":"Le Mus\u00e9e de la civilisation explore les diff\u00e9rentes facettes de la r\u00e9alit\u00e9 humaine avec sa d\u00e9marche unique qui combine enchantement, connaissance et r\u00e9flexion.","twitter_site":"@mcqorg","schema":{"@context":"https:\/\/schema.org","@graph":[{"@type":"WebPage","@id":"https:\/\/mcq.org\/en\/about-us\/site-map\/","url":"https:\/\/mcq.org\/en\/about-us\/site-map\/","name":"Site map | Mus\u00e9e de la civilisation","isPartOf":{"@id":"https:\/\/mcq.org\/en\/#website"},"datePublished":"2023-06-15T14:27:45+00:00","dateModified":"2024-06-06T19:12:57+00:00","description":"Map showing the different sections of the Mus\u00e9e de la civilisation website in Quebec City.","breadcrumb":{"@id":"https:\/\/mcq.org\/en\/about-us\/site-map\/#breadcrumb"},"inLanguage":"en-US","potentialAction":[{"@type":"ReadAction","target":["https:\/\/mcq.org\/en\/about-us\/site-map\/"]}]},{"@type":"BreadcrumbList","@id":"https:\/\/mcq.org\/en\/about-us\/site-map\/#breadcrumb","itemListElement":[{"@type":"ListItem","position":1,"name":"Home","item":"https:\/\/mcq.org\/en\/"},{"@type":"ListItem","position":2,"name":"About Us","item":"https:\/\/mcq.org\/en\/about-us\/"},{"@type":"ListItem","position":3,"name":"Site map"}]},{"@type":"WebSite","@id":"https:\/\/mcq.org\/en\/#website","url":"https:\/\/mcq.org\/en\/","name":"Mus\u00e9e de la civilisation","description":"Le Mus\u00e9e de la civilisation explore les diff\u00e9rentes facettes de la r\u00e9alit\u00e9 humaine avec sa d\u00e9marche unique qui combine enchantement, connaissance et r\u00e9flexion.","publisher":{"@id":"https:\/\/mcq.org\/en\/#organization"},"alternateName":"MCQ","potentialAction":[{"@type":"SearchAction","target":{"@type":"EntryPoint","urlTemplate":"https:\/\/mcq.org\/en\/?s={search_term_string}"},"query-input":{"@type":"PropertyValueSpecification","valueRequired":true,"valueName":"search_term_string"}}],"inLanguage":"en-US"},{"@type":"Organization","@id":"https:\/\/mcq.org\/en\/#organization","name":"Mus\u00e9e de la civilisation","alternateName":"MCQ","url":"https:\/\/mcq.org\/en\/","logo":{"@type":"ImageObject","inLanguage":"en-US","@id":"https:\/\/mcq.org\/en\/#\/schema\/logo\/image\/","url":"https:\/\/mcq.org\/wp-content\/uploads\/2023\/04\/logo-mcq-300x123-1.png","contentUrl":"https:\/\/mcq.org\/wp-content\/uploads\/2023\/04\/logo-mcq-300x123-1.png","width":300,"height":123,"caption":"Mus\u00e9e de la civilisation"},"image":{"@id":"https:\/\/mcq.org\/en\/#\/schema\/logo\/image\/"},"sameAs":["https:\/\/www.facebook.com\/mcqorg","https:\/\/x.com\/mcqorg","https:\/\/www.instagram.com\/mcqorg\/","https:\/\/www.linkedin.com\/company\/mcqorg\/"]}]}},"_links":{"self":[{"href":"https:\/\/mcq.org\/en\/wp-json\/wp\/v2\/pages\/7844","targetHints":{"allow":["GET"]}}],"collection":[{"href":"https:\/\/mcq.org\/en\/wp-json\/wp\/v2\/pages"}],"about":[{"href":"https:\/\/mcq.org\/en\/wp-json\/wp\/v2\/types\/page"}],"author":[{"embeddable":true,"href":"https:\/\/mcq.org\/en\/wp-json\/wp\/v2\/users\/1"}],"replies":[{"embeddable":true,"href":"https:\/\/mcq.org\/en\/wp-json\/wp\/v2\/comments?post=7844"}],"version-history":[{"count":1,"href":"https:\/\/mcq.org\/en\/wp-json\/wp\/v2\/pages\/7844\/revisions"}],"predecessor-version":[{"id":7845,"href":"https:\/\/mcq.org\/en\/wp-json\/wp\/v2\/pages\/7844\/revisions\/7845"}],"up":[{"embeddable":true,"href":"https:\/\/mcq.org\/en\/wp-json\/wp\/v2\/pages\/1241"}],"wp:attachment":[{"href":"https:\/\/mcq.org\/en\/wp-json\/wp\/v2\/media?parent=7844"}],"wp:term":[{"taxonomy":"page-tax","embeddable":true,"href":"https:\/\/mcq.org\/en\/wp-json\/wp\/v2\/page-tax?post=7844"},{"taxonomy":"folder","embeddable":true,"href":"https:\/\/mcq.org\/en\/wp-json\/wp\/v2\/folder?post=7844"}],"curies":[{"name":"wp","href":"https:\/\/api.w.org\/{rel}","templated":true}]}}