{"id":523,"date":"2023-04-06T12:48:36","date_gmt":"2023-04-06T16:48:36","guid":{"rendered":"https:\/\/prod.mcq.org\/visit\/restaurant\/"},"modified":"2025-06-20T11:38:53","modified_gmt":"2025-06-20T15:38:53","slug":"restaurant","status":"publish","type":"page","link":"https:\/\/mcq.org\/en\/visit\/restaurant\/","title":{"rendered":"Restaurant"},"content":{"rendered":"<div  class=\"container contenu-centre\">\n  <div class=\"row justify-content-center\">\n    <div class=\"col-lg-10 col-xl-8\">\n      \n        \n\n<p>Simple. Tasty. Affordable. That\u2019s the promise Nollen, the Mus\u00e9e\u2019s catering partner, makes to you. Their mission? Offering healthy and nourishing meals, whether you\u2019re in a hurry or have time to linger.<\/p>\n<p>The Espace saveurs by Nollen restaurant is open to museum patrons and the general public, for eating in or to go.<\/p>\n\n\n    <div class=\"carrousel-standard\" >\n            <div class=\"row\">\n        <div class=\"swiper myStandardSwiper\">\n          <div class=\"swiper-wrapper\">\n                          <div class=\"swiper-slide\">\n                                    <div class=\"credits\">\n                    \u00a9 Mus\u00e9e de la civilisation, Jennifer Marcuson &#8211; Ic\u00f4ne                  <\/div>\n                                                        <div class=\"pswp-gallery\" id=\"gallery--individual\">\n                      <a href=\"https:\/\/mcq.org\/wp-content\/uploads\/2023\/04\/espace-saveurs-croissant-cafe-the.jpg\" data-pswp-width=\"1200\" data-pswp-height=\"675\" target=\"_blank\">\n                        <img decoding=\"async\" src=\"https:\/\/mcq.org\/wp-content\/uploads\/2023\/04\/espace-saveurs-croissant-cafe-the.jpg\" alt=\"Espace saveurs\">\n                        <div class=\"enlarge-image\"><\/div>\n                      <\/a>\n                    <\/div>\n                                <\/div>\n                          <div class=\"swiper-slide\">\n                                    <div class=\"credits\">\n                    \u00a9 Mus\u00e9e de la civilisation, Jennifer Marcuson &#8211; Ic\u00f4ne                  <\/div>\n                                                        <div class=\"pswp-gallery\" id=\"gallery--individual\">\n                      <a href=\"https:\/\/mcq.org\/wp-content\/uploads\/2023\/04\/espace-saveurs-dessert-verre-lait.jpg\" data-pswp-width=\"1200\" data-pswp-height=\"675\" target=\"_blank\">\n                        <img decoding=\"async\" src=\"https:\/\/mcq.org\/wp-content\/uploads\/2023\/04\/espace-saveurs-dessert-verre-lait.jpg\" alt=\"Espace saveurs\">\n                        <div class=\"enlarge-image\"><\/div>\n                      <\/a>\n                    <\/div>\n                                <\/div>\n                          <div class=\"swiper-slide\">\n                                    <div class=\"credits\">\n                    \u00a9 Mus\u00e9e de la civilisation, Jennifer Marcuson &#8211; Ic\u00f4ne                  <\/div>\n                                                        <div class=\"pswp-gallery\" id=\"gallery--individual\">\n                      <a href=\"https:\/\/mcq.org\/wp-content\/uploads\/2023\/04\/espace-saveurs-client-salade.jpg\" data-pswp-width=\"1200\" data-pswp-height=\"675\" target=\"_blank\">\n                        <img decoding=\"async\" src=\"https:\/\/mcq.org\/wp-content\/uploads\/2023\/04\/espace-saveurs-client-salade.jpg\" alt=\"Espace saveurs\">\n                        <div class=\"enlarge-image\"><\/div>\n                      <\/a>\n                    <\/div>\n                                <\/div>\n                          <div class=\"swiper-slide\">\n                                    <div class=\"credits\">\n                    \u00a9 Mus\u00e9e de la civilisation, Jennifer Marcuson &#8211; Ic\u00f4ne                  <\/div>\n                                                        <div class=\"pswp-gallery\" id=\"gallery--individual\">\n                      <a href=\"https:\/\/mcq.org\/wp-content\/uploads\/2023\/04\/espace-saveurs-sandwich-gauffre.jpg\" data-pswp-width=\"1200\" data-pswp-height=\"675\" target=\"_blank\">\n                        <img decoding=\"async\" src=\"https:\/\/mcq.org\/wp-content\/uploads\/2023\/04\/espace-saveurs-sandwich-gauffre.jpg\" alt=\"Espace saveurs\">\n                        <div class=\"enlarge-image\"><\/div>\n                      <\/a>\n                    <\/div>\n                                <\/div>\n                          <div class=\"swiper-slide\">\n                                    <div class=\"credits\">\n                    \u00a9 Mus\u00e9e de la civilisation, Jennifer Marcuson &#8211; Ic\u00f4ne                  <\/div>\n                                                        <div class=\"pswp-gallery\" id=\"gallery--individual\">\n                      <a href=\"https:\/\/mcq.org\/wp-content\/uploads\/2023\/04\/espace-saveurs-etagere-produits.jpg\" data-pswp-width=\"1200\" data-pswp-height=\"675\" target=\"_blank\">\n                        <img decoding=\"async\" src=\"https:\/\/mcq.org\/wp-content\/uploads\/2023\/04\/espace-saveurs-etagere-produits.jpg\" alt=\"Espace saveurs\">\n                        <div class=\"enlarge-image\"><\/div>\n                      <\/a>\n                    <\/div>\n                                <\/div>\n                          <div class=\"swiper-slide\">\n                                    <div class=\"credits\">\n                    \u00a9 Mus\u00e9e de la civilisation, Jennifer Marcuson &#8211; Ic\u00f4ne                  <\/div>\n                                                        <div class=\"pswp-gallery\" id=\"gallery--individual\">\n                      <a href=\"https:\/\/mcq.org\/wp-content\/uploads\/2023\/04\/espace-saveurs-vue-salle.jpg\" data-pswp-width=\"1200\" data-pswp-height=\"675\" target=\"_blank\">\n                        <img decoding=\"async\" src=\"https:\/\/mcq.org\/wp-content\/uploads\/2023\/04\/espace-saveurs-vue-salle.jpg\" alt=\"Espace saveurs\">\n                        <div class=\"enlarge-image\"><\/div>\n                      <\/a>\n                    <\/div>\n                                <\/div>\n                          <div class=\"swiper-slide\">\n                                    <div class=\"credits\">\n                    \u00a9 Mus\u00e9e de la civilisation, Jennifer Marcuson &#8211; Ic\u00f4ne                  <\/div>\n                                                        <div class=\"pswp-gallery\" id=\"gallery--individual\">\n                      <a href=\"https:\/\/mcq.org\/wp-content\/uploads\/2023\/04\/espace-saveurs-entree-cour-interieur.jpg\" data-pswp-width=\"1200\" data-pswp-height=\"675\" target=\"_blank\">\n                        <img decoding=\"async\" src=\"https:\/\/mcq.org\/wp-content\/uploads\/2023\/04\/espace-saveurs-entree-cour-interieur.jpg\" alt=\"Espace saveurs\">\n                        <div class=\"enlarge-image\"><\/div>\n                      <\/a>\n                    <\/div>\n                                <\/div>\n                      <\/div>\n          <div class=\"swiper-pagination\"><\/div>\n          <div class=\"swiper-button-next\"><img decoding=\"async\" src=\"https:\/\/mcq.org\/wp-content\/themes\/mcq\/images\/swiper-right.svg\" width=\"45\" alt=\"Next\" \/><\/div>\n          <div class=\"swiper-button-prev\"><img decoding=\"async\" src=\"https:\/\/mcq.org\/wp-content\/themes\/mcq\/images\/swiper-left.svg\" width=\"45\" alt=\"Back\" \/><\/div>\n        <\/div>\n      <\/div>\n    <\/div>\n\n\n\n  <div class=\"accordion\" >\n    <!-- item -->\n    <div class=\"accordion-item\">\n      <span class=\"accordion-header\" id=\"panel-Espace-saveurs-by-Nollen-\">\n        <button class=\"accordion-button \" type=\"button\" data-bs-toggle=\"collapse\" data-bs-target=\"#Espace-saveurs-by-Nollen-\" aria-expanded=\"false\" aria-controls=\"panel-Espace-saveurs-by-Nollen-\">\n          <span>Espace saveurs by Nollen <\/span>\n        <\/button>\n      <\/span>\n      <div id=\"Espace-saveurs-by-Nollen-\" class=\"accordion-collapse show  collapse\" aria-labelledby=\"panel-Espace-saveurs-by-Nollen-\">\n        <div class=\"accordion-body\">\n          <p>Espace saveurs by Nollen at the Mus\u00e9e de la civilisation is the perfect place for a delicious break. The relaxed atmosphere and counter service are great for families and those who looking for a leisurely meal. Choose from specialty coffees, quality teas, freshly baked pastries, gourmet sandwiches and homemade hot meals.<\/p>\n<p>The menu changes with the seasons and exhibitions to ensure that every visit is a memorable experience.<\/p>\n        <\/div>\n      <\/div>\n    <\/div>\n    <!-- \/\/ item -->\n  <\/div>\n\n\n  <div class=\"accordion\" >\n    <!-- item -->\n    <div class=\"accordion-item\">\n      <span class=\"accordion-header\" id=\"panel-Catering-service\">\n        <button class=\"accordion-button collapsed\" type=\"button\" data-bs-toggle=\"collapse\" data-bs-target=\"#Catering-service\" aria-expanded=\"false\" aria-controls=\"panel-Catering-service\">\n          <span>Catering service<\/span>\n        <\/button>\n      <\/span>\n      <div id=\"Catering-service\" class=\"accordion-collapse  collapse\" aria-labelledby=\"panel-Catering-service\">\n        <div class=\"accordion-body\">\n          <p>Memorable moments are guaranteed with Nollen as your host! Whether for a wedding, a birthday, a conference or a business meeting, Nollen is on hand to offer creative, refined and personalized cuisine. Their menu caters for all tastes and budgets, with balanced, gourmet menus crafted from fresh, local, high-quality products. Let them know your needs, and they\u2019ll be pleased to offer you a made-to-measure service, from set-up to decoration and wait staff. Trust Nollen to make your event unforgettable!<\/p>\n<p>Nollen provides a full catering service with choices depending on the type of event.<\/p>\n<ul>\n<li>A range of boxed lunches of sandwiches or salads<\/li>\n<li>Hot or cold buffets<\/li>\n<li>Breakfast buffets and coffee breaks<\/li>\n<li>Hot or cold appetizers for cocktail receptions<\/li>\n<li>Banquet menu available for events (three, four or five courses)<\/li>\n<\/ul>\n        <\/div>\n      <\/div>\n    <\/div>\n    <!-- \/\/ item -->\n  <\/div>\n\n\n  <div class=\"accordion\" >\n    <!-- item -->\n    <div class=\"accordion-item\">\n      <span class=\"accordion-header\" id=\"panel-More-about-Nollen\">\n        <button class=\"accordion-button collapsed\" type=\"button\" data-bs-toggle=\"collapse\" data-bs-target=\"#More-about-Nollen\" aria-expanded=\"false\" aria-controls=\"panel-More-about-Nollen\">\n          <span>More about Nollen<\/span>\n        <\/button>\n      <\/span>\n      <div id=\"More-about-Nollen\" class=\"accordion-collapse  collapse\" aria-labelledby=\"panel-More-about-Nollen\">\n        <div class=\"accordion-body\">\n          <p> Founded by dynamic, young and local entrepreneurs who care about the environment, Nollen\u2019s friendly team is passionate about providing visitors with the best possible experience. Thanks to its partnership with the Mus\u00e9e de la civilisation, visitors can enjoy original, affordable and innovative dining experience.<\/p>\n        <\/div>\n      <\/div>\n    <\/div>\n    <!-- \/\/ item -->\n  <\/div>\n\n\n          <\/div>\n  <\/div>\n<\/div>\n\n    <div class=\"container bloc-informations-utiles\">\n      <div class=\"row justify-content-md-center\">\n                  <div class=\"col-lg-6\">\n            <div class=\"inner\">\n                              <img decoding=\"async\" src=\"https:\/\/mcq.org\/wp-content\/uploads\/2023\/04\/ico-info-horaire.svg\" alt=\"Horaire\" aria-hidden=\"true\">\n                            <span class=\"info-utiles-title\">Opening hours<\/span>\n              <p><span class=\"TextRun Highlight SCXW101931635 BCX0\" lang=\"EN-CA\" xml:lang=\"EN-CA\" data-contrast=\"auto\"><span class=\"NormalTextRun ContextualSpellingAndGrammarErrorV2Themed SCXW101931635 BCX0\">Everyday<\/span><span class=\"NormalTextRun SCXW101931635 BCX0\">, 10 a.m. to 5 p.m.<\/span><\/span><span class=\"EOP SCXW101931635 BCX0\" data-ccp-props=\"{}\">\u00a0<\/span><\/p>\n            <\/div>\n          <\/div>\n                  <div class=\"col-lg-6\">\n            <div class=\"inner\">\n                              <img decoding=\"async\" src=\"https:\/\/mcq.org\/wp-content\/uploads\/2023\/04\/ico-info-abonne.svg\" alt=\"Abonn\u00e9 combl\u00e9\" aria-hidden=\"true\">\n                            <span class=\"info-utiles-title\">Member discounts<\/span>\n              <p>Members receive a 15% discount off the menu.<br \/>\nFrom 3 p.m. to 5 p.m.: Two-for-one on specialty coffees and teas.<\/p>\n            <\/div>\n          <\/div>\n                  <div class=\"col-lg-6\">\n            <div class=\"inner\">\n                              <img decoding=\"async\" src=\"https:\/\/mcq.org\/wp-content\/uploads\/2023\/04\/ico-info-reservation.svg\" alt=\"R\u00e9servation restaurant\" aria-hidden=\"true\">\n                            <span class=\"info-utiles-title\">R\u00e9servations<\/span>\n              <p>Reservations can be made by email for groups of 15 people or more. Meal orders must be placed in advance.<\/p>\n<p>Email : <a href=\"mailto:info@nollen.ca\">info@nollen.ca<\/a><\/p>\n            <\/div>\n          <\/div>\n                  <div class=\"col-lg-6\">\n            <div class=\"inner\">\n                              <img decoding=\"async\" src=\"https:\/\/mcq.org\/wp-content\/uploads\/2023\/04\/ico-info-direction.svg\" alt=\"Direction\" aria-hidden=\"true\">\n                            <span class=\"info-utiles-title\">Location<\/span>\n              <p><span class=\"TextRun Highlight SCXW256733317 BCX0\" lang=\"EN-CA\" xml:lang=\"EN-CA\" data-contrast=\"auto\"><span class=\"NormalTextRun SCXW256733317 BCX0\">Espace <\/span><span class=\"NormalTextRun SpellingErrorV2Themed SCXW256733317 BCX0\">saveurs<\/span><span class=\"NormalTextRun SCXW256733317 BCX0\"> by Nollen can be found on the <\/span><span class=\"NormalTextRun SCXW256733317 BCX0\">2<\/span><\/span><span class=\"TextRun Highlight SCXW256733317 BCX0\" lang=\"EN-CA\" xml:lang=\"EN-CA\" data-contrast=\"auto\"><span class=\"NormalTextRun Superscript SCXW256733317 BCX0\" data-fontsize=\"11\">nd<\/span><\/span><span class=\"TextRun Highlight SCXW256733317 BCX0\" lang=\"EN-CA\" xml:lang=\"EN-CA\" data-contrast=\"auto\"><span class=\"NormalTextRun SCXW256733317 BCX0\"> level<\/span><span class=\"NormalTextRun SCXW256733317 BCX0\"> of the <\/span><span class=\"NormalTextRun SpellingErrorV2Themed SCXW256733317 BCX0\">Mus\u00e9e<\/span><span class=\"NormalTextRun SCXW256733317 BCX0\">.<\/span><\/span><span class=\"LineBreakBlob BlobObject DragDrop SCXW256733317 BCX0\"><span class=\"SCXW256733317 BCX0\">\u00a0<\/span><br class=\"SCXW256733317 BCX0\" \/><\/span><span class=\"TextRun Highlight SCXW256733317 BCX0\" lang=\"EN-CA\" xml:lang=\"EN-CA\" data-contrast=\"auto\"><span class=\"NormalTextRun SCXW256733317 BCX0\">Museum admission is not <\/span><span class=\"NormalTextRun SCXW256733317 BCX0\">required<\/span><span class=\"NormalTextRun SCXW256733317 BCX0\"> to visit Espace <\/span><span class=\"NormalTextRun SpellingErrorV2Themed SCXW256733317 BCX0\">saveurs<\/span><span class=\"NormalTextRun SCXW256733317 BCX0\"> by Nollen.<\/span><\/span><span class=\"EOP SCXW256733317 BCX0\" data-ccp-props=\"{}\">\u00a0<\/span><\/p>\n            <\/div>\n          <\/div>\n              <\/div>\n    <\/div>\n","protected":false},"excerpt":{"rendered":"","protected":false},"author":1,"featured_media":496,"parent":416,"menu_order":0,"comment_status":"closed","ping_status":"closed","template":"","meta":{"_acf_changed":false,"footnotes":""},"page-tax":[256],"folder":[],"class_list":["post-523","page","type-page","status-publish","has-post-thumbnail","hentry","page-tax-general-en"],"acf":[],"yoast_head":"<!-- This site is optimized with the Yoast SEO Premium plugin v27.3 (Yoast SEO v27.3) - https:\/\/yoast.com\/product\/yoast-seo-premium-wordpress\/ -->\n<title>Restaurant - Espace saveurs by Nollen | Mus\u00e9e de la civilisation<\/title>\n<meta name=\"description\" content=\"Where to eat at the Mus\u00e9e de la civilisation? Take a gourmet break and enjoy a healthy and nutritious menu from Espace saveurs by Nollen.\" \/>\n<meta name=\"robots\" content=\"index, follow, max-snippet:-1, max-image-preview:large, max-video-preview:-1\" \/>\n<link rel=\"canonical\" href=\"https:\/\/mcq.org\/en\/visit\/restaurant\/\" \/>\n<meta property=\"og:locale\" content=\"en_US\" \/>\n<meta property=\"og:type\" content=\"article\" \/>\n<meta property=\"og:title\" content=\"Restaurant - Espace saveurs by Nollen | Mus\u00e9e de la civilisation\" \/>\n<meta property=\"og:description\" content=\"Visit the Museum\u2019s Espace saveurs by Nollen restaurant for a delicious break or a hot drink. We\u2019ll be waiting for you at snack time!\" \/>\n<meta property=\"og:url\" content=\"https:\/\/mcq.org\/en\/visit\/restaurant\/\" \/>\n<meta property=\"og:site_name\" content=\"Mus\u00e9e de la civilisation\" \/>\n<meta property=\"article:publisher\" content=\"https:\/\/www.facebook.com\/mcqorg\" \/>\n<meta property=\"article:modified_time\" content=\"2025-06-20T15:38:53+00:00\" \/>\n<meta property=\"og:image\" content=\"https:\/\/mcq.org\/wp-content\/uploads\/2023\/04\/espace-saveurs-vue-salle.jpg\" \/>\n\t<meta property=\"og:image:width\" content=\"1200\" \/>\n\t<meta property=\"og:image:height\" content=\"675\" \/>\n\t<meta property=\"og:image:type\" content=\"image\/jpeg\" \/>\n<meta name=\"twitter:card\" content=\"summary_large_image\" \/>\n<meta name=\"twitter:title\" content=\"Restaurant - Espace saveurs by Nollen | Mus\u00e9e de la civilisation\" \/>\n<meta name=\"twitter:description\" content=\"Visit the Museum\u2019s Espace saveurs by Nollen restaurant for a delicious break or a hot drink. We\u2019ll be waiting for you at snack time!\" \/>\n<meta name=\"twitter:site\" content=\"@mcqorg\" \/>\n<meta name=\"twitter:label1\" content=\"Est. reading time\" \/>\n\t<meta name=\"twitter:data1\" content=\"1 minute\" \/>\n<!-- \/ Yoast SEO Premium plugin. -->","yoast_head_json":{"title":"Restaurant - Espace saveurs by Nollen | Mus\u00e9e de la civilisation","description":"Where to eat at the Mus\u00e9e de la civilisation? Take a gourmet break and enjoy a healthy and nutritious menu from Espace saveurs by Nollen.","robots":{"index":"index","follow":"follow","max-snippet":"max-snippet:-1","max-image-preview":"max-image-preview:large","max-video-preview":"max-video-preview:-1"},"canonical":"https:\/\/mcq.org\/en\/visit\/restaurant\/","og_locale":"en_US","og_type":"article","og_title":"Restaurant - Espace saveurs by Nollen | Mus\u00e9e de la civilisation","og_description":"Visit the Museum\u2019s Espace saveurs by Nollen restaurant for a delicious break or a hot drink. We\u2019ll be waiting for you at snack time!","og_url":"https:\/\/mcq.org\/en\/visit\/restaurant\/","og_site_name":"Mus\u00e9e de la civilisation","article_publisher":"https:\/\/www.facebook.com\/mcqorg","article_modified_time":"2025-06-20T15:38:53+00:00","og_image":[{"width":1200,"height":675,"url":"https:\/\/mcq.org\/wp-content\/uploads\/2023\/04\/espace-saveurs-vue-salle.jpg","type":"image\/jpeg"}],"twitter_card":"summary_large_image","twitter_title":"Restaurant - Espace saveurs by Nollen | Mus\u00e9e de la civilisation","twitter_description":"Visit the Museum\u2019s Espace saveurs by Nollen restaurant for a delicious break or a hot drink. We\u2019ll be waiting for you at snack time!","twitter_site":"@mcqorg","twitter_misc":{"Est. reading time":"1 minute"},"schema":{"@context":"https:\/\/schema.org","@graph":[{"@type":"WebPage","@id":"https:\/\/mcq.org\/en\/visit\/restaurant\/","url":"https:\/\/mcq.org\/en\/visit\/restaurant\/","name":"Restaurant - Espace saveurs by Nollen | Mus\u00e9e de la civilisation","isPartOf":{"@id":"https:\/\/mcq.org\/en\/#website"},"primaryImageOfPage":{"@id":"https:\/\/mcq.org\/en\/visit\/restaurant\/#primaryimage"},"image":{"@id":"https:\/\/mcq.org\/en\/visit\/restaurant\/#primaryimage"},"thumbnailUrl":"https:\/\/mcq.org\/wp-content\/uploads\/2023\/04\/espace-saveurs-vue-salle.jpg","datePublished":"2023-04-06T16:48:36+00:00","dateModified":"2025-06-20T15:38:53+00:00","description":"Where to eat at the Mus\u00e9e de la civilisation? Take a gourmet break and enjoy a healthy and nutritious menu from Espace saveurs by Nollen.","breadcrumb":{"@id":"https:\/\/mcq.org\/en\/visit\/restaurant\/#breadcrumb"},"inLanguage":"en-US","potentialAction":[{"@type":"ReadAction","target":["https:\/\/mcq.org\/en\/visit\/restaurant\/"]}]},{"@type":"ImageObject","inLanguage":"en-US","@id":"https:\/\/mcq.org\/en\/visit\/restaurant\/#primaryimage","url":"https:\/\/mcq.org\/wp-content\/uploads\/2023\/04\/espace-saveurs-vue-salle.jpg","contentUrl":"https:\/\/mcq.org\/wp-content\/uploads\/2023\/04\/espace-saveurs-vue-salle.jpg","width":1200,"height":675,"caption":"Espace saveurs"},{"@type":"BreadcrumbList","@id":"https:\/\/mcq.org\/en\/visit\/restaurant\/#breadcrumb","itemListElement":[{"@type":"ListItem","position":1,"name":"Home","item":"https:\/\/mcq.org\/en\/"},{"@type":"ListItem","position":2,"name":"Visit","item":"https:\/\/mcq.org\/en\/visit\/"},{"@type":"ListItem","position":3,"name":"Restaurant"}]},{"@type":"WebSite","@id":"https:\/\/mcq.org\/en\/#website","url":"https:\/\/mcq.org\/en\/","name":"Mus\u00e9e de la civilisation","description":"Le Mus\u00e9e de la civilisation explore les diff\u00e9rentes facettes de la r\u00e9alit\u00e9 humaine avec sa d\u00e9marche unique qui combine enchantement, connaissance et r\u00e9flexion.","publisher":{"@id":"https:\/\/mcq.org\/en\/#organization"},"alternateName":"MCQ","potentialAction":[{"@type":"SearchAction","target":{"@type":"EntryPoint","urlTemplate":"https:\/\/mcq.org\/en\/?s={search_term_string}"},"query-input":{"@type":"PropertyValueSpecification","valueRequired":true,"valueName":"search_term_string"}}],"inLanguage":"en-US"},{"@type":"Organization","@id":"https:\/\/mcq.org\/en\/#organization","name":"Mus\u00e9e de la civilisation","alternateName":"MCQ","url":"https:\/\/mcq.org\/en\/","logo":{"@type":"ImageObject","inLanguage":"en-US","@id":"https:\/\/mcq.org\/en\/#\/schema\/logo\/image\/","url":"https:\/\/mcq.org\/wp-content\/uploads\/2023\/04\/logo-mcq-300x123-1.png","contentUrl":"https:\/\/mcq.org\/wp-content\/uploads\/2023\/04\/logo-mcq-300x123-1.png","width":300,"height":123,"caption":"Mus\u00e9e de la civilisation"},"image":{"@id":"https:\/\/mcq.org\/en\/#\/schema\/logo\/image\/"},"sameAs":["https:\/\/www.facebook.com\/mcqorg","https:\/\/x.com\/mcqorg","https:\/\/www.instagram.com\/mcqorg\/","https:\/\/www.linkedin.com\/company\/mcqorg\/"]}]}},"_links":{"self":[{"href":"https:\/\/mcq.org\/en\/wp-json\/wp\/v2\/pages\/523","targetHints":{"allow":["GET"]}}],"collection":[{"href":"https:\/\/mcq.org\/en\/wp-json\/wp\/v2\/pages"}],"about":[{"href":"https:\/\/mcq.org\/en\/wp-json\/wp\/v2\/types\/page"}],"author":[{"embeddable":true,"href":"https:\/\/mcq.org\/en\/wp-json\/wp\/v2\/users\/1"}],"replies":[{"embeddable":true,"href":"https:\/\/mcq.org\/en\/wp-json\/wp\/v2\/comments?post=523"}],"version-history":[{"count":39,"href":"https:\/\/mcq.org\/en\/wp-json\/wp\/v2\/pages\/523\/revisions"}],"predecessor-version":[{"id":25663,"href":"https:\/\/mcq.org\/en\/wp-json\/wp\/v2\/pages\/523\/revisions\/25663"}],"up":[{"embeddable":true,"href":"https:\/\/mcq.org\/en\/wp-json\/wp\/v2\/pages\/416"}],"wp:featuredmedia":[{"embeddable":true,"href":"https:\/\/mcq.org\/en\/wp-json\/wp\/v2\/media\/496"}],"wp:attachment":[{"href":"https:\/\/mcq.org\/en\/wp-json\/wp\/v2\/media?parent=523"}],"wp:term":[{"taxonomy":"page-tax","embeddable":true,"href":"https:\/\/mcq.org\/en\/wp-json\/wp\/v2\/page-tax?post=523"},{"taxonomy":"folder","embeddable":true,"href":"https:\/\/mcq.org\/en\/wp-json\/wp\/v2\/folder?post=523"}],"curies":[{"name":"wp","href":"https:\/\/api.w.org\/{rel}","templated":true}]}}