{"id":5018,"date":"2023-05-16T19:05:41","date_gmt":"2023-05-16T23:05:41","guid":{"rendered":"https:\/\/prod.mcq.org\/reserves\/"},"modified":"2023-08-21T15:41:18","modified_gmt":"2023-08-21T19:41:18","slug":"storage-facilities","status":"publish","type":"page","link":"https:\/\/mcq.org\/en\/collections\/storage-facilities\/","title":{"rendered":"Storage Facilities"},"content":{"rendered":"<div  class=\"container contenu-centre\">\n  <div class=\"row justify-content-center\">\n    <div class=\"col-lg-10 col-xl-8\">\n      \n        \n\n<h2>Le Centre national de conservation et d\u2019\u00e9tudes des collections<\/h2>\n<p>The Mus\u00e9e de la civilisation is the guardian of rich collections of over 225,000 objects that reflect the living environments, daily life, work, knowledge and know-how, leisure activities, aspirations, achievements and the relationships with the world of all people who live in Qu\u00e9bec.<\/p>\n<p>They are stored at the Centre national de conservation et d\u2019\u00e9tudes des collections in Qu\u00e9bec City and are divided among nine storage rooms according to their individual requirements.<\/p>\n<\/p>\n\n\n    <div class=\"carrousel-standard\" >\n            <div class=\"row\">\n        <div class=\"swiper myStandardSwiper\">\n          <div class=\"swiper-wrapper\">\n                          <div class=\"swiper-slide\">\n                                    <div class=\"credits\">\n                    Small composite material items storage room \u00a9 Mus\u00e9e de la civilisation, Jessy Bernier &#8211; Perspective                  <\/div>\n                                                        <div class=\"pswp-gallery\" id=\"gallery--individual\">\n                      <a href=\"https:\/\/mcq.org\/wp-content\/uploads\/2023\/05\/reserve-petits-objets-composite.jpg\" data-pswp-width=\"1200\" data-pswp-height=\"675\" target=\"_blank\">\n                        <img decoding=\"async\" src=\"https:\/\/mcq.org\/wp-content\/uploads\/2023\/05\/reserve-petits-objets-composite.jpg\" alt=\"Vue d&#039;ensemble de la r\u00e9serve des petits objets. On y aper\u00e7oit de petites sculptures rang\u00e9es sur de nombreuses tablettes.\">\n                        <div class=\"enlarge-image\"><\/div>\n                      <\/a>\n                    <\/div>\n                                <\/div>\n                          <div class=\"swiper-slide\">\n                                    <div class=\"credits\">\n                    Small wooden items storage room \u00a9 Mus\u00e9e de la civilisation, Jessy Bernier &#8211; Perspective                  <\/div>\n                                                        <div class=\"pswp-gallery\" id=\"gallery--individual\">\n                      <a href=\"https:\/\/mcq.org\/wp-content\/uploads\/2023\/05\/reserve-petits-objets-bois.jpg\" data-pswp-width=\"1200\" data-pswp-height=\"675\" target=\"_blank\">\n                        <img decoding=\"async\" src=\"https:\/\/mcq.org\/wp-content\/uploads\/2023\/05\/reserve-petits-objets-bois.jpg\" alt=\"Vue de la r\u00e9serve petits objets bois. On y voit des chaises, des bancs et des tables d&#039;appoint rang\u00e9s sur plusieurs tablettes.\">\n                        <div class=\"enlarge-image\"><\/div>\n                      <\/a>\n                    <\/div>\n                                <\/div>\n                          <div class=\"swiper-slide\">\n                                    <div class=\"credits\">\n                    La r\u00e9serve oeuvres papier \u00a9 Mus\u00e9e de la civilisation, Jessy Bernier &#8211; Perspective                  <\/div>\n                                                        <div class=\"pswp-gallery\" id=\"gallery--individual\">\n                      <a href=\"https:\/\/mcq.org\/wp-content\/uploads\/2023\/05\/reserve-oeuvres-papier.jpg\" data-pswp-width=\"1200\" data-pswp-height=\"675\" target=\"_blank\">\n                        <img decoding=\"async\" src=\"https:\/\/mcq.org\/wp-content\/uploads\/2023\/05\/reserve-oeuvres-papier.jpg\" alt=\"Dans la r\u00e9serve des oeuvres sur papier, un grand tiroir est ouvert montrant des cartons non acides dans lesquels sont rang\u00e9s les oeuvres.\">\n                        <div class=\"enlarge-image\"><\/div>\n                      <\/a>\n                    <\/div>\n                                <\/div>\n                          <div class=\"swiper-slide\">\n                                    <div class=\"credits\">\n                    Artworks and paintings storage room  \u00a9 Mus\u00e9e de la civilisation, Jessy Bernier &#8211; Perspective                  <\/div>\n                                                        <div class=\"pswp-gallery\" id=\"gallery--individual\">\n                      <a href=\"https:\/\/mcq.org\/wp-content\/uploads\/2023\/05\/reserve-oeuvres-art-peintures.jpg\" data-pswp-width=\"1200\" data-pswp-height=\"675\" target=\"_blank\">\n                        <img decoding=\"async\" src=\"https:\/\/mcq.org\/wp-content\/uploads\/2023\/05\/reserve-oeuvres-art-peintures.jpg\" alt=\"Dans la r\u00e9serve des oeuvres d&#039;art et des peintures, deux panneaux sont tir\u00e9s pour montr\u00e9s plusieurs toiles accroch\u00e9es.\">\n                        <div class=\"enlarge-image\"><\/div>\n                      <\/a>\n                    <\/div>\n                                <\/div>\n                          <div class=\"swiper-slide\">\n                                    <div class=\"credits\">\n                    Wooden furniture storage room  \u00a9 Mus\u00e9e de la civilisation, Jessy Bernier &#8211; Perspective                  <\/div>\n                                                        <div class=\"pswp-gallery\" id=\"gallery--individual\">\n                      <a href=\"https:\/\/mcq.org\/wp-content\/uploads\/2023\/05\/reserve-mobilier-bois.jpg\" data-pswp-width=\"1200\" data-pswp-height=\"675\" target=\"_blank\">\n                        <img decoding=\"async\" src=\"https:\/\/mcq.org\/wp-content\/uploads\/2023\/05\/reserve-mobilier-bois.jpg\" alt=\"Vue d&#039;ensemble de la r\u00e9serve du mobilier en bois. Au premier plan un orgue et dans plusieurs tablettes des commodes, vaisseliers et autre bureaux en bois.\">\n                        <div class=\"enlarge-image\"><\/div>\n                      <\/a>\n                    <\/div>\n                                <\/div>\n                          <div class=\"swiper-slide\">\n                                    <div class=\"credits\">\n                    Metal storage room  \u00a9 Mus\u00e9e de la civilisation, Red Methot &#8211; Ic\u00f4ne                  <\/div>\n                                                        <div class=\"pswp-gallery\" id=\"gallery--individual\">\n                      <a href=\"https:\/\/mcq.org\/wp-content\/uploads\/2023\/05\/reserve-metaux.jpg\" data-pswp-width=\"1200\" data-pswp-height=\"675\" target=\"_blank\">\n                        <img decoding=\"async\" src=\"https:\/\/mcq.org\/wp-content\/uploads\/2023\/05\/reserve-metaux.jpg\" alt=\"Le gibet de fer de la Corriveau expos\u00e9 sur un tissus noir.\">\n                        <div class=\"enlarge-image\"><\/div>\n                      <\/a>\n                    <\/div>\n                                <\/div>\n                          <div class=\"swiper-slide\">\n                                    <div class=\"credits\">\n                    Large composite material items storage room  \u00a9 Mus\u00e9e de la civilisation, Jessy Bernier &#8211; Perspective                  <\/div>\n                                                        <div class=\"pswp-gallery\" id=\"gallery--individual\">\n                      <a href=\"https:\/\/mcq.org\/wp-content\/uploads\/2023\/05\/reserve-gros-objets-materiaux-composite.jpg\" data-pswp-width=\"1200\" data-pswp-height=\"675\" target=\"_blank\">\n                        <img decoding=\"async\" src=\"https:\/\/mcq.org\/wp-content\/uploads\/2023\/05\/reserve-gros-objets-materiaux-composite.jpg\" alt=\"Vue de la r\u00e9serve gros objets mat\u00e9riaux composite, on y aper\u00e7oit un BIXI, un m\u00e9tier \u00e0 tisser, une motoneige, des t\u00e9l\u00e9viseurs.\">\n                        <div class=\"enlarge-image\"><\/div>\n                      <\/a>\n                    <\/div>\n                                <\/div>\n                          <div class=\"swiper-slide\">\n                                    <div class=\"credits\">\n                    Documents storage room \u00a9 Mus\u00e9e de la civilisation, Jessy Bernier &#8211; Perspective                  <\/div>\n                                                        <div class=\"pswp-gallery\" id=\"gallery--individual\">\n                      <a href=\"https:\/\/mcq.org\/wp-content\/uploads\/2023\/05\/reserve-documents.jpg\" data-pswp-width=\"1200\" data-pswp-height=\"675\" target=\"_blank\">\n                        <img decoding=\"async\" src=\"https:\/\/mcq.org\/wp-content\/uploads\/2023\/05\/reserve-documents.jpg\" alt=\"Aper\u00e7ue de la r\u00e9serve des documents. On y voit des bo\u00eetes en carton non acide dans lesquelles sont rang\u00e9s des dossiers contenant des archives.\">\n                        <div class=\"enlarge-image\"><\/div>\n                      <\/a>\n                    <\/div>\n                                <\/div>\n                          <div class=\"swiper-slide\">\n                                    <div class=\"credits\">\n                    Textile storage room  \u00a9 Mus\u00e9e de la civilisation, Jessy Bernier &#8211; Perspective                  <\/div>\n                                                        <div class=\"pswp-gallery\" id=\"gallery--individual\">\n                      <a href=\"https:\/\/mcq.org\/wp-content\/uploads\/2023\/05\/reserve_textiles.jpg\" data-pswp-width=\"1200\" data-pswp-height=\"675\" target=\"_blank\">\n                        <img decoding=\"async\" src=\"https:\/\/mcq.org\/wp-content\/uploads\/2023\/05\/reserve_textiles.jpg\" alt=\"Aper\u00e7u de la r\u00e9serve des textiles. On y voit plusieurs housse en tissus non acide de couleur ivoire accroch\u00e9es sur de nombreux rails.\">\n                        <div class=\"enlarge-image\"><\/div>\n                      <\/a>\n                    <\/div>\n                                <\/div>\n                          <div class=\"swiper-slide\">\n                                    <div class=\"credits\">\n                    Cold room  \u00a9 Mus\u00e9e de la civilisation, Jessy Bernier &#8211; Perspective                  <\/div>\n                                                        <div class=\"pswp-gallery\" id=\"gallery--individual\">\n                      <a href=\"https:\/\/mcq.org\/wp-content\/uploads\/2023\/05\/chambre-froide.jpg\" data-pswp-width=\"1200\" data-pswp-height=\"675\" target=\"_blank\">\n                        <img decoding=\"async\" src=\"https:\/\/mcq.org\/wp-content\/uploads\/2023\/05\/chambre-froide.jpg\" alt=\"Aper\u00e7u de la chambre froide, on y aper\u00e7oit les t\u00eates de cires de plusieurs personnages.\">\n                        <div class=\"enlarge-image\"><\/div>\n                      <\/a>\n                    <\/div>\n                                <\/div>\n                          <div class=\"swiper-slide\">\n                                    <div class=\"credits\">\n                    Historical archives and a rare book library \u00a9 Mus\u00e9e de la civilisation, Jessy Bernier &#8211; Perspective                  <\/div>\n                                                        <div class=\"pswp-gallery\" id=\"gallery--individual\">\n                      <a href=\"https:\/\/mcq.org\/wp-content\/uploads\/2023\/05\/bibliotheque-livres-rares-anciens.jpg\" data-pswp-width=\"1200\" data-pswp-height=\"675\" target=\"_blank\">\n                        <img decoding=\"async\" src=\"https:\/\/mcq.org\/wp-content\/uploads\/2023\/05\/bibliotheque-livres-rares-anciens.jpg\" alt=\"Aper\u00e7u de la biblioth\u00e8que de livres rares anciens du S\u00e9minaire de Qu\u00e9bec. Plusieurs livres y sont rang\u00e9s sur des \u00e9tag\u00e8res.\">\n                        <div class=\"enlarge-image\"><\/div>\n                      <\/a>\n                    <\/div>\n                                <\/div>\n                          <div class=\"swiper-slide\">\n                                    <div class=\"credits\">\n                    The building, designed by architect Pierre Thibault  \u00a9 Mus\u00e9e de la civilisation, Jacques Lessard                  <\/div>\n                                                        <div class=\"pswp-gallery\" id=\"gallery--individual\">\n                      <a href=\"https:\/\/mcq.org\/wp-content\/uploads\/2023\/05\/batiment-cncec.jpg\" data-pswp-width=\"1200\" data-pswp-height=\"675\" target=\"_blank\">\n                        <img decoding=\"async\" src=\"https:\/\/mcq.org\/wp-content\/uploads\/2023\/05\/batiment-cncec.jpg\" alt=\"Entr\u00e9e principale du Centre national de conservation et d&#039;\u00e9tude des collections.\">\n                        <div class=\"enlarge-image\"><\/div>\n                      <\/a>\n                    <\/div>\n                                <\/div>\n                      <\/div>\n          <div class=\"swiper-pagination\"><\/div>\n          <div class=\"swiper-button-next\"><img decoding=\"async\" src=\"https:\/\/mcq.org\/wp-content\/themes\/mcq\/images\/swiper-right.svg\" width=\"45\" alt=\"Next\" \/><\/div>\n          <div class=\"swiper-button-prev\"><img decoding=\"async\" src=\"https:\/\/mcq.org\/wp-content\/themes\/mcq\/images\/swiper-left.svg\" width=\"45\" alt=\"Back\" \/><\/div>\n        <\/div>\n      <\/div>\n    <\/div>\n\n\n\n\n<p>The humidity and temperature are carefully controlled for each storage room based on the objects it contains, guaranteeing optimal conservation conditions. A storage system on rails maximizes space while the detailed classification and identification system makes it easy to find each object. The facility is housed in an imposing 8,546-m2 building designed by architect Pierre Thibault.<\/p>\n<h2>Pavillon J\u00e9r\u00f4me-Demers&nbsp;<\/h2>\n<p>Since 1995, the CNCEC has also been responsible for nearly 195,000 rare and historical volumes and 1.2 linear kilometres of priceless historical archives from the S\u00e9minaire de Qu\u00e9bec. These archives are kept at the Pavillon J\u00e9r\u00f4me-Demers, located on the historic site of the S\u00e9minaire. They reflect Qu\u00e9bec\u2019s history and relationship to the world. No fewer than 11,012 documents have been listed on the prestigious UNESCO Memory of the World International Register since 2007 and on the Canada Memory of the World Register since 2018, due to their historical value, consistency and uniqueness.<\/p>\n\n\n    <div class=\"carrousel-standard\" >\n            <div class=\"row\">\n        <div class=\"swiper myStandardSwiper\">\n          <div class=\"swiper-wrapper\">\n                          <div class=\"swiper-slide\">\n                                    <div class=\"credits\">\n                    Historical archives and rare book library  \u00a9 Mus\u00e9e de la civilisation, St\u00e9phane Audet &#8211; Ic\u00f4ne                  <\/div>\n                                                        <div class=\"pswp-gallery\" id=\"gallery--individual\">\n                      <a href=\"https:\/\/mcq.org\/wp-content\/uploads\/2023\/05\/bibliotheque-livres-rares-anciens.jpg\" data-pswp-width=\"1200\" data-pswp-height=\"675\" target=\"_blank\">\n                        <img decoding=\"async\" src=\"https:\/\/mcq.org\/wp-content\/uploads\/2023\/05\/bibliotheque-livres-rares-anciens.jpg\" alt=\"Aper\u00e7u de la biblioth\u00e8que de livres rares anciens du S\u00e9minaire de Qu\u00e9bec. Plusieurs livres y sont rang\u00e9s sur des \u00e9tag\u00e8res.\">\n                        <div class=\"enlarge-image\"><\/div>\n                      <\/a>\n                    <\/div>\n                                <\/div>\n                          <div class=\"swiper-slide\">\n                                    <div class=\"credits\">\n                    Storage of documents  \u00a9 Mus\u00e9e de la civilisation, St\u00e9phane Audet &#8211; Ic\u00f4ne                  <\/div>\n                                                        <div class=\"pswp-gallery\" id=\"gallery--individual\">\n                      <a href=\"https:\/\/mcq.org\/wp-content\/uploads\/2023\/05\/reserve-documents.jpg\" data-pswp-width=\"1200\" data-pswp-height=\"675\" target=\"_blank\">\n                        <img decoding=\"async\" src=\"https:\/\/mcq.org\/wp-content\/uploads\/2023\/05\/reserve-documents.jpg\" alt=\"Aper\u00e7ue de la r\u00e9serve des documents. On y voit des bo\u00eetes en carton non acide dans lesquelles sont rang\u00e9s des dossiers contenant des archives.\">\n                        <div class=\"enlarge-image\"><\/div>\n                      <\/a>\n                    <\/div>\n                                <\/div>\n                          <div class=\"swiper-slide\">\n                                    <div class=\"credits\">\n                    Storage of works on paper  \u00a9 Mus\u00e9e de la civilisation, St\u00e9phane Audet &#8211; Ic\u00f4ne                  <\/div>\n                                                        <div class=\"pswp-gallery\" id=\"gallery--individual\">\n                      <a href=\"https:\/\/mcq.org\/wp-content\/uploads\/2023\/05\/reserve-oeuvres-papier.jpg\" data-pswp-width=\"1200\" data-pswp-height=\"675\" target=\"_blank\">\n                        <img decoding=\"async\" src=\"https:\/\/mcq.org\/wp-content\/uploads\/2023\/05\/reserve-oeuvres-papier.jpg\" alt=\"Dans la r\u00e9serve des oeuvres sur papier, un grand tiroir est ouvert montrant des cartons non acides dans lesquels sont rang\u00e9s les oeuvres.\">\n                        <div class=\"enlarge-image\"><\/div>\n                      <\/a>\n                    <\/div>\n                                <\/div>\n                      <\/div>\n          <div class=\"swiper-pagination\"><\/div>\n          <div class=\"swiper-button-next\"><img decoding=\"async\" src=\"https:\/\/mcq.org\/wp-content\/themes\/mcq\/images\/swiper-right.svg\" width=\"45\" alt=\"Next\" \/><\/div>\n          <div class=\"swiper-button-prev\"><img decoding=\"async\" src=\"https:\/\/mcq.org\/wp-content\/themes\/mcq\/images\/swiper-left.svg\" width=\"45\" alt=\"Back\" \/><\/div>\n        <\/div>\n      <\/div>\n    <\/div>\n\n\n\n          <\/div>\n  <\/div>\n<\/div>","protected":false},"excerpt":{"rendered":"","protected":false},"author":1,"featured_media":4842,"parent":5009,"menu_order":0,"comment_status":"closed","ping_status":"closed","template":"","meta":{"_acf_changed":false,"footnotes":""},"page-tax":[256],"folder":[],"class_list":["post-5018","page","type-page","status-publish","has-post-thumbnail","hentry","page-tax-general-en"],"acf":[],"yoast_head":"<!-- This site is optimized with the Yoast SEO Premium plugin v27.3 (Yoast SEO v27.3) - https:\/\/yoast.com\/product\/yoast-seo-premium-wordpress\/ -->\n<title>Collections: Storage Facilities | Mus\u00e9e de la civilisation<\/title>\n<meta name=\"description\" content=\"The 225,000 objects under the Mus\u00e9e de la civilisation\u2019s care are kept in optimal conditions in various storage facilities.\" \/>\n<meta name=\"robots\" content=\"index, follow, max-snippet:-1, max-image-preview:large, max-video-preview:-1\" \/>\n<link rel=\"canonical\" href=\"https:\/\/mcq.org\/en\/collections\/storage-facilities\/\" \/>\n<meta property=\"og:locale\" content=\"en_US\" \/>\n<meta property=\"og:type\" content=\"article\" \/>\n<meta property=\"og:title\" content=\"Storage Facilities | Mus\u00e9e de la civilisation\" \/>\n<meta property=\"og:description\" content=\"The 225,000 objects under the Mus\u00e9e de la civilisation\u2019s care are kept in optimal conditions in various storage facilities.\" \/>\n<meta property=\"og:url\" content=\"https:\/\/mcq.org\/en\/collections\/storage-facilities\/\" \/>\n<meta property=\"og:site_name\" content=\"Mus\u00e9e de la civilisation\" \/>\n<meta property=\"article:publisher\" content=\"https:\/\/www.facebook.com\/mcqorg\" \/>\n<meta property=\"article:modified_time\" content=\"2023-08-21T19:41:18+00:00\" \/>\n<meta property=\"og:image\" content=\"https:\/\/mcq.org\/wp-content\/uploads\/2023\/05\/bibliotheque-livres-rares-anciens.jpg\" \/>\n\t<meta property=\"og:image:width\" content=\"1200\" \/>\n\t<meta property=\"og:image:height\" content=\"675\" \/>\n\t<meta property=\"og:image:type\" content=\"image\/jpeg\" \/>\n<meta name=\"twitter:card\" content=\"summary_large_image\" \/>\n<meta name=\"twitter:title\" content=\"Storage Facilities | Mus\u00e9e de la civilisation\" \/>\n<meta name=\"twitter:description\" content=\"The 225,000 objects under the Mus\u00e9e de la civilisation\u2019s care are kept in optimal conditions in various storage facilities.\" \/>\n<meta name=\"twitter:site\" content=\"@mcqorg\" \/>\n<meta name=\"twitter:label1\" content=\"Est. reading time\" \/>\n\t<meta name=\"twitter:data1\" content=\"2 minutes\" \/>\n<!-- \/ Yoast SEO Premium plugin. -->","yoast_head_json":{"title":"Collections: Storage Facilities | Mus\u00e9e de la civilisation","description":"The 225,000 objects under the Mus\u00e9e de la civilisation\u2019s care are kept in optimal conditions in various storage facilities.","robots":{"index":"index","follow":"follow","max-snippet":"max-snippet:-1","max-image-preview":"max-image-preview:large","max-video-preview":"max-video-preview:-1"},"canonical":"https:\/\/mcq.org\/en\/collections\/storage-facilities\/","og_locale":"en_US","og_type":"article","og_title":"Storage Facilities | Mus\u00e9e de la civilisation","og_description":"The 225,000 objects under the Mus\u00e9e de la civilisation\u2019s care are kept in optimal conditions in various storage facilities.","og_url":"https:\/\/mcq.org\/en\/collections\/storage-facilities\/","og_site_name":"Mus\u00e9e de la civilisation","article_publisher":"https:\/\/www.facebook.com\/mcqorg","article_modified_time":"2023-08-21T19:41:18+00:00","og_image":[{"width":1200,"height":675,"url":"https:\/\/mcq.org\/wp-content\/uploads\/2023\/05\/bibliotheque-livres-rares-anciens.jpg","type":"image\/jpeg"}],"twitter_card":"summary_large_image","twitter_title":"Storage Facilities | Mus\u00e9e de la civilisation","twitter_description":"The 225,000 objects under the Mus\u00e9e de la civilisation\u2019s care are kept in optimal conditions in various storage facilities.","twitter_site":"@mcqorg","twitter_misc":{"Est. reading time":"2 minutes"},"schema":{"@context":"https:\/\/schema.org","@graph":[{"@type":"WebPage","@id":"https:\/\/mcq.org\/en\/collections\/storage-facilities\/","url":"https:\/\/mcq.org\/en\/collections\/storage-facilities\/","name":"Collections: Storage Facilities | Mus\u00e9e de la civilisation","isPartOf":{"@id":"https:\/\/mcq.org\/en\/#website"},"primaryImageOfPage":{"@id":"https:\/\/mcq.org\/en\/collections\/storage-facilities\/#primaryimage"},"image":{"@id":"https:\/\/mcq.org\/en\/collections\/storage-facilities\/#primaryimage"},"thumbnailUrl":"https:\/\/mcq.org\/wp-content\/uploads\/2023\/05\/bibliotheque-livres-rares-anciens.jpg","datePublished":"2023-05-16T23:05:41+00:00","dateModified":"2023-08-21T19:41:18+00:00","description":"The 225,000 objects under the Mus\u00e9e de la civilisation\u2019s care are kept in optimal conditions in various storage facilities.","breadcrumb":{"@id":"https:\/\/mcq.org\/en\/collections\/storage-facilities\/#breadcrumb"},"inLanguage":"en-US","potentialAction":[{"@type":"ReadAction","target":["https:\/\/mcq.org\/en\/collections\/storage-facilities\/"]}]},{"@type":"ImageObject","inLanguage":"en-US","@id":"https:\/\/mcq.org\/en\/collections\/storage-facilities\/#primaryimage","url":"https:\/\/mcq.org\/wp-content\/uploads\/2023\/05\/bibliotheque-livres-rares-anciens.jpg","contentUrl":"https:\/\/mcq.org\/wp-content\/uploads\/2023\/05\/bibliotheque-livres-rares-anciens.jpg","width":1200,"height":675,"caption":"Aper\u00e7u de la biblioth\u00e8que de livres rares anciens du S\u00e9minaire de Qu\u00e9bec. Plusieurs livres y sont rang\u00e9s sur des \u00e9tag\u00e8res."},{"@type":"BreadcrumbList","@id":"https:\/\/mcq.org\/en\/collections\/storage-facilities\/#breadcrumb","itemListElement":[{"@type":"ListItem","position":1,"name":"Home","item":"https:\/\/mcq.org\/en\/"},{"@type":"ListItem","position":2,"name":"Collections","item":"https:\/\/mcq.org\/en\/collections\/"},{"@type":"ListItem","position":3,"name":"Storage Facilities"}]},{"@type":"WebSite","@id":"https:\/\/mcq.org\/en\/#website","url":"https:\/\/mcq.org\/en\/","name":"Mus\u00e9e de la civilisation","description":"Le Mus\u00e9e de la civilisation explore les diff\u00e9rentes facettes de la r\u00e9alit\u00e9 humaine avec sa d\u00e9marche unique qui combine enchantement, connaissance et r\u00e9flexion.","publisher":{"@id":"https:\/\/mcq.org\/en\/#organization"},"alternateName":"MCQ","potentialAction":[{"@type":"SearchAction","target":{"@type":"EntryPoint","urlTemplate":"https:\/\/mcq.org\/en\/?s={search_term_string}"},"query-input":{"@type":"PropertyValueSpecification","valueRequired":true,"valueName":"search_term_string"}}],"inLanguage":"en-US"},{"@type":"Organization","@id":"https:\/\/mcq.org\/en\/#organization","name":"Mus\u00e9e de la civilisation","alternateName":"MCQ","url":"https:\/\/mcq.org\/en\/","logo":{"@type":"ImageObject","inLanguage":"en-US","@id":"https:\/\/mcq.org\/en\/#\/schema\/logo\/image\/","url":"https:\/\/mcq.org\/wp-content\/uploads\/2023\/04\/logo-mcq-300x123-1.png","contentUrl":"https:\/\/mcq.org\/wp-content\/uploads\/2023\/04\/logo-mcq-300x123-1.png","width":300,"height":123,"caption":"Mus\u00e9e de la civilisation"},"image":{"@id":"https:\/\/mcq.org\/en\/#\/schema\/logo\/image\/"},"sameAs":["https:\/\/www.facebook.com\/mcqorg","https:\/\/x.com\/mcqorg","https:\/\/www.instagram.com\/mcqorg\/","https:\/\/www.linkedin.com\/company\/mcqorg\/"]}]}},"_links":{"self":[{"href":"https:\/\/mcq.org\/en\/wp-json\/wp\/v2\/pages\/5018","targetHints":{"allow":["GET"]}}],"collection":[{"href":"https:\/\/mcq.org\/en\/wp-json\/wp\/v2\/pages"}],"about":[{"href":"https:\/\/mcq.org\/en\/wp-json\/wp\/v2\/types\/page"}],"author":[{"embeddable":true,"href":"https:\/\/mcq.org\/en\/wp-json\/wp\/v2\/users\/1"}],"replies":[{"embeddable":true,"href":"https:\/\/mcq.org\/en\/wp-json\/wp\/v2\/comments?post=5018"}],"version-history":[{"count":14,"href":"https:\/\/mcq.org\/en\/wp-json\/wp\/v2\/pages\/5018\/revisions"}],"predecessor-version":[{"id":10412,"href":"https:\/\/mcq.org\/en\/wp-json\/wp\/v2\/pages\/5018\/revisions\/10412"}],"up":[{"embeddable":true,"href":"https:\/\/mcq.org\/en\/wp-json\/wp\/v2\/pages\/5009"}],"wp:featuredmedia":[{"embeddable":true,"href":"https:\/\/mcq.org\/en\/wp-json\/wp\/v2\/media\/4842"}],"wp:attachment":[{"href":"https:\/\/mcq.org\/en\/wp-json\/wp\/v2\/media?parent=5018"}],"wp:term":[{"taxonomy":"page-tax","embeddable":true,"href":"https:\/\/mcq.org\/en\/wp-json\/wp\/v2\/page-tax?post=5018"},{"taxonomy":"folder","embeddable":true,"href":"https:\/\/mcq.org\/en\/wp-json\/wp\/v2\/folder?post=5018"}],"curies":[{"name":"wp","href":"https:\/\/api.w.org\/{rel}","templated":true}]}}