{"id":420,"date":"2023-04-04T15:52:54","date_gmt":"2023-04-04T19:52:54","guid":{"rendered":"https:\/\/prod.mcq.org\/?page_id=420"},"modified":"2025-09-18T15:48:28","modified_gmt":"2025-09-18T19:48:28","slug":"location-and-access","status":"publish","type":"page","link":"https:\/\/mcq.org\/en\/visit\/location-and-access\/","title":{"rendered":"Location and Access"},"content":{"rendered":"\n<div class=\"wp-block-columns is-layout-flex wp-container-core-columns-is-layout-9d6595d7 wp-block-columns-is-layout-flex\">\n<div class=\"wp-block-column is-layout-flow wp-block-column-is-layout-flow\">  <div class=\"block-icons\">\n        <img decoding=\"async\" src=\"https:\/\/mcq.org\/wp-content\/uploads\/2023\/04\/ico-autobus-acces.png\" alt=\"Autobus\" class=\"img-fluid\" aria-hidden=\"true\">\n    <strong>By Bus <\/strong>\n    <p>The bus is a great way to get to the Mus\u00e9e! Take a look at the <a href=\"https:\/\/www.rtcquebec.ca\/\">RTC<\/a> schedules for routes 1 and 11.  <\/p>\n<p>From May to October, the red <a href=\"https:\/\/www.toursvieuxquebec.com\/fr\/page\/excursions-touristiques\">Unitoursbuses<\/a> stop in front of the Mus\u00e9e.  <\/p>\n  <\/div>\n<\/div>\n\n\n\n<div class=\"wp-block-column is-layout-flow wp-block-column-is-layout-flow\">  <div class=\"block-icons\">\n        <img decoding=\"async\" src=\"https:\/\/mcq.org\/wp-content\/uploads\/2023\/04\/ico-a-pied-acces.png\" alt=\"\u00c0 pied\" class=\"img-fluid\" aria-hidden=\"true\">\n    <strong>On Foot or By Bike <\/strong>\n    <p>Several bike paths converge near the Mus\u00e9e. <a href=\"https:\/\/www.quebec-cite.com\/fr\/quoi-faire-quebec\/pistes-cyclables\">Click here<\/a> to learn more. Bike parking is available near the main entrance. <\/p>\n<p>An <a href=\"https:\/\/www.rtcquebec.ca\/avelo\">\u00e0V\u00e9lo shared-bike docking station<\/a> is located in front of the Mus\u00e9e in the Place des Canotiers.  <\/p>\n  <\/div>\n<\/div>\n\n\n\n<div class=\"wp-block-column is-layout-flow wp-block-column-is-layout-flow\">  <div class=\"block-icons\">\n        <img decoding=\"async\" src=\"https:\/\/mcq.org\/wp-content\/uploads\/2023\/04\/ico-voiture-acces.png\" alt=\"Voiture\" class=\"img-fluid\" aria-hidden=\"true\">\n    <strong>By Car <\/strong>\n    <p>The Mus\u00e9e does not have a parking lot.<br \/>\nConsult the <a href=\"https:\/\/www.ville.quebec.qc.ca\/citoyens\/stationnement\/liste_stationnements.aspx\">list of nearby parking lots<\/a>.<\/p>\n<p>Members receive a20% discount on the multistorey car park. Entrance from Quai Saint-Andr\u00e9. During the Museum\u2019s regular opening hours, coupons are available at the ticket office.<\/p>\n  <\/div>\n<\/div>\n<\/div>\n\n\n<div  class=\"container contenu-centre mb-90\">\n  <div class=\"row justify-content-center\">\n    <div class=\"col-lg-10 col-xl-8\">\n      \n        \n\n<h2><strong>Parking for people with reduced mobility <\/strong><\/h2>\n<p>Parking is available for people with a disabled parking permit issued by the Soci\u00e9t\u00e9 de l\u2019assurance automobile du Qu\u00e9bec. They are located on Bell street, at the corner of rue de la Barricade.<\/p>\n<h2 class=\"mt-60\"><strong>Entering the building <\/strong><\/h2>\n<p>The Mus\u00e9e\u2019s main entrance is located at 85 Dalhousie Street, facing the river. There is also a secondary entrance at the back of the Mus\u00e9e, on Saint-Pierre Street.<\/p>\n<p>The group entrance is on Dalhousie Street, just to the right of the main entrance.<\/p>\n\n\n          <\/div>\n  <\/div>\n<\/div>","protected":false},"excerpt":{"rendered":"","protected":false},"author":1,"featured_media":0,"parent":416,"menu_order":0,"comment_status":"closed","ping_status":"closed","template":"pages\/page-emplacement-et-acces.php","meta":{"_acf_changed":false,"footnotes":""},"page-tax":[256],"folder":[],"class_list":["post-420","page","type-page","status-publish","hentry","page-tax-general-en"],"acf":[],"yoast_head":"<!-- This site is optimized with the Yoast SEO Premium plugin v27.3 (Yoast SEO v27.3) - https:\/\/yoast.com\/product\/yoast-seo-premium-wordpress\/ -->\n<title>Getting to the Mus\u00e9e de la civilisation | Mus\u00e9e de la civilisation<\/title>\n<meta name=\"description\" content=\"It\u2019s easy to get to the Mus\u00e9e de la civilisation by bus, by foot, by bike or by car. Find out how to get here and where to enter.\" \/>\n<meta name=\"robots\" content=\"index, follow, max-snippet:-1, max-image-preview:large, max-video-preview:-1\" \/>\n<link rel=\"canonical\" href=\"https:\/\/mcq.org\/en\/visit\/location-and-access\/\" \/>\n<meta property=\"og:locale\" content=\"en_US\" \/>\n<meta property=\"og:type\" content=\"article\" \/>\n<meta property=\"og:title\" content=\"Getting to the Mus\u00e9e de la civilisation | Mus\u00e9e de la civilisation\" \/>\n<meta property=\"og:description\" content=\"It\u2019s easy to get to the Mus\u00e9e de la civilisation by bus, by foot, by bike or by car. Find out how to get here and where to enter.\" \/>\n<meta property=\"og:url\" content=\"https:\/\/mcq.org\/en\/visit\/location-and-access\/\" \/>\n<meta property=\"og:site_name\" content=\"Mus\u00e9e de la civilisation\" \/>\n<meta property=\"article:publisher\" content=\"https:\/\/www.facebook.com\/mcqorg\" \/>\n<meta property=\"article:modified_time\" content=\"2025-09-18T19:48:28+00:00\" \/>\n<meta property=\"og:image\" content=\"https:\/\/mcq.org\/wp-content\/uploads\/2023\/04\/Visuel_Generique_OG_1200x675.jpg?ver=1682613626\" \/>\n\t<meta property=\"og:image:width\" content=\"1200\" \/>\n\t<meta property=\"og:image:height\" content=\"675\" \/>\n\t<meta property=\"og:image:type\" content=\"image\/jpeg\" \/>\n<meta name=\"twitter:card\" content=\"summary_large_image\" \/>\n<meta name=\"twitter:title\" content=\"Getting to the Mus\u00e9e de la civilisation | Mus\u00e9e de la civilisation\" \/>\n<meta name=\"twitter:description\" content=\"It\u2019s easy to get to the Mus\u00e9e de la civilisation by bus, by foot, by bike or by car. Find out how to get here and where to enter.\" \/>\n<meta name=\"twitter:site\" content=\"@mcqorg\" \/>\n<meta name=\"twitter:label1\" content=\"Est. reading time\" \/>\n\t<meta name=\"twitter:data1\" content=\"1 minute\" \/>\n<!-- \/ Yoast SEO Premium plugin. -->","yoast_head_json":{"title":"Getting to the Mus\u00e9e de la civilisation | Mus\u00e9e de la civilisation","description":"It\u2019s easy to get to the Mus\u00e9e de la civilisation by bus, by foot, by bike or by car. Find out how to get here and where to enter.","robots":{"index":"index","follow":"follow","max-snippet":"max-snippet:-1","max-image-preview":"max-image-preview:large","max-video-preview":"max-video-preview:-1"},"canonical":"https:\/\/mcq.org\/en\/visit\/location-and-access\/","og_locale":"en_US","og_type":"article","og_title":"Getting to the Mus\u00e9e de la civilisation | Mus\u00e9e de la civilisation","og_description":"It\u2019s easy to get to the Mus\u00e9e de la civilisation by bus, by foot, by bike or by car. Find out how to get here and where to enter.","og_url":"https:\/\/mcq.org\/en\/visit\/location-and-access\/","og_site_name":"Mus\u00e9e de la civilisation","article_publisher":"https:\/\/www.facebook.com\/mcqorg","article_modified_time":"2025-09-18T19:48:28+00:00","og_image":[{"width":1200,"height":675,"url":"https:\/\/mcq.org\/wp-content\/uploads\/2023\/04\/Visuel_Generique_OG_1200x675.jpg?ver=1682613626","type":"image\/jpeg"}],"twitter_card":"summary_large_image","twitter_title":"Getting to the Mus\u00e9e de la civilisation | Mus\u00e9e de la civilisation","twitter_description":"It\u2019s easy to get to the Mus\u00e9e de la civilisation by bus, by foot, by bike or by car. Find out how to get here and where to enter.","twitter_site":"@mcqorg","twitter_misc":{"Est. reading time":"1 minute"},"schema":{"@context":"https:\/\/schema.org","@graph":[{"@type":"WebPage","@id":"https:\/\/mcq.org\/en\/visit\/location-and-access\/","url":"https:\/\/mcq.org\/en\/visit\/location-and-access\/","name":"Getting to the Mus\u00e9e de la civilisation | Mus\u00e9e de la civilisation","isPartOf":{"@id":"https:\/\/mcq.org\/en\/#website"},"datePublished":"2023-04-04T19:52:54+00:00","dateModified":"2025-09-18T19:48:28+00:00","description":"It\u2019s easy to get to the Mus\u00e9e de la civilisation by bus, by foot, by bike or by car. Find out how to get here and where to enter.","breadcrumb":{"@id":"https:\/\/mcq.org\/en\/visit\/location-and-access\/#breadcrumb"},"inLanguage":"en-US","potentialAction":[{"@type":"ReadAction","target":["https:\/\/mcq.org\/en\/visit\/location-and-access\/"]}]},{"@type":"BreadcrumbList","@id":"https:\/\/mcq.org\/en\/visit\/location-and-access\/#breadcrumb","itemListElement":[{"@type":"ListItem","position":1,"name":"Home","item":"https:\/\/mcq.org\/en\/"},{"@type":"ListItem","position":2,"name":"Visit","item":"https:\/\/mcq.org\/en\/visit\/"},{"@type":"ListItem","position":3,"name":"Location and Access"}]},{"@type":"WebSite","@id":"https:\/\/mcq.org\/en\/#website","url":"https:\/\/mcq.org\/en\/","name":"Mus\u00e9e de la civilisation","description":"Le Mus\u00e9e de la civilisation explore les diff\u00e9rentes facettes de la r\u00e9alit\u00e9 humaine avec sa d\u00e9marche unique qui combine enchantement, connaissance et r\u00e9flexion.","publisher":{"@id":"https:\/\/mcq.org\/en\/#organization"},"alternateName":"MCQ","potentialAction":[{"@type":"SearchAction","target":{"@type":"EntryPoint","urlTemplate":"https:\/\/mcq.org\/en\/?s={search_term_string}"},"query-input":{"@type":"PropertyValueSpecification","valueRequired":true,"valueName":"search_term_string"}}],"inLanguage":"en-US"},{"@type":"Organization","@id":"https:\/\/mcq.org\/en\/#organization","name":"Mus\u00e9e de la civilisation","alternateName":"MCQ","url":"https:\/\/mcq.org\/en\/","logo":{"@type":"ImageObject","inLanguage":"en-US","@id":"https:\/\/mcq.org\/en\/#\/schema\/logo\/image\/","url":"https:\/\/mcq.org\/wp-content\/uploads\/2023\/04\/logo-mcq-300x123-1.png","contentUrl":"https:\/\/mcq.org\/wp-content\/uploads\/2023\/04\/logo-mcq-300x123-1.png","width":300,"height":123,"caption":"Mus\u00e9e de la civilisation"},"image":{"@id":"https:\/\/mcq.org\/en\/#\/schema\/logo\/image\/"},"sameAs":["https:\/\/www.facebook.com\/mcqorg","https:\/\/x.com\/mcqorg","https:\/\/www.instagram.com\/mcqorg\/","https:\/\/www.linkedin.com\/company\/mcqorg\/"]}]}},"_links":{"self":[{"href":"https:\/\/mcq.org\/en\/wp-json\/wp\/v2\/pages\/420","targetHints":{"allow":["GET"]}}],"collection":[{"href":"https:\/\/mcq.org\/en\/wp-json\/wp\/v2\/pages"}],"about":[{"href":"https:\/\/mcq.org\/en\/wp-json\/wp\/v2\/types\/page"}],"author":[{"embeddable":true,"href":"https:\/\/mcq.org\/en\/wp-json\/wp\/v2\/users\/1"}],"replies":[{"embeddable":true,"href":"https:\/\/mcq.org\/en\/wp-json\/wp\/v2\/comments?post=420"}],"version-history":[{"count":23,"href":"https:\/\/mcq.org\/en\/wp-json\/wp\/v2\/pages\/420\/revisions"}],"predecessor-version":[{"id":26790,"href":"https:\/\/mcq.org\/en\/wp-json\/wp\/v2\/pages\/420\/revisions\/26790"}],"up":[{"embeddable":true,"href":"https:\/\/mcq.org\/en\/wp-json\/wp\/v2\/pages\/416"}],"wp:attachment":[{"href":"https:\/\/mcq.org\/en\/wp-json\/wp\/v2\/media?parent=420"}],"wp:term":[{"taxonomy":"page-tax","embeddable":true,"href":"https:\/\/mcq.org\/en\/wp-json\/wp\/v2\/page-tax?post=420"},{"taxonomy":"folder","embeddable":true,"href":"https:\/\/mcq.org\/en\/wp-json\/wp\/v2\/folder?post=420"}],"curies":[{"name":"wp","href":"https:\/\/api.w.org\/{rel}","templated":true}]}}