{"id":409,"date":"2023-04-04T11:25:16","date_gmt":"2023-04-04T15:25:16","guid":{"rendered":"https:\/\/prod.mcq.org\/boutique\/"},"modified":"2025-06-20T11:34:12","modified_gmt":"2025-06-20T15:34:12","slug":"boutique","status":"publish","type":"page","link":"https:\/\/mcq.org\/en\/visit\/boutique\/","title":{"rendered":"Boutique"},"content":{"rendered":"<div  class=\"container contenu-centre\">\n  <div class=\"row justify-content-center\">\n    <div class=\"col-lg-10 col-xl-8\">\n      \n        \n\n<p>Visit the Museum Boutique for gift ideas and souvenirs! The variety of prices will suit any pocket and our selection is updated regularly to reflect each new exhibition. The shop is nestled in the vaulted cellars of the Maison Est\u00e8be, built in 1751. It\u2019s worth a visit for the architecture alone!<\/p>\n<ul>\n<li>Books and publications<\/li>\n<li>Creations by local and international craftspeople<\/li>\n<li>Jewellery and accessories<\/li>\n<li>Toys and children\u2019s books<\/li>\n<li>Local products<\/li>\n<li>Tableware<\/li>\n<li>And more<\/li>\n<\/ul>\n\n\n          <\/div>\n  <\/div>\n<\/div>\n\n    <div class=\"carrousel-large\" >\n            <div class=\"container-fluid p-0\">\n        <div class=\"row row-swiper\">\n          <div class=\"col-12\">\n            <div class=\"swiper myLargeSwiper\">\n              <div class=\"swiper-wrapper\">\n                                  <div class=\"swiper-slide\">\n                                        <div class=\"credits\">\n                    \u00a9 Mus\u00e9e de la civilisation, Jennifer Marcuson &#8211; Ic\u00f4ne                  <\/div>\n                                                                                    <div class=\"pswp-gallery\" id=\"gallery--individual\">\n                          <a href=\"https:\/\/mcq.org\/wp-content\/uploads\/2023\/04\/boutique-peluches-fruits.jpg\" data-pswp-width=\"1670\" data-pswp-height=\"939\" target=\"_blank\">\n                            <img decoding=\"async\" src=\"https:\/\/mcq.org\/wp-content\/uploads\/2023\/04\/boutique-peluches-fruits.jpg\" alt=\"Boutique du Mus\u00e9e de la civilisation\" \/>\n                            <div class=\"enlarge-image\"><\/div>\n                          <\/a>\n                        <\/div>\n                                        <\/div>\n                                  <div class=\"swiper-slide\">\n                                        <div class=\"credits\">\n                    \u00a9 Mus\u00e9e de la civilisation, Jennifer Marcuson &#8211; Ic\u00f4ne                  <\/div>\n                                                                                    <div class=\"pswp-gallery\" id=\"gallery--individual\">\n                          <a href=\"https:\/\/mcq.org\/wp-content\/uploads\/2023\/04\/boutique-courvertures.jpg\" data-pswp-width=\"1670\" data-pswp-height=\"939\" target=\"_blank\">\n                            <img decoding=\"async\" src=\"https:\/\/mcq.org\/wp-content\/uploads\/2023\/04\/boutique-courvertures.jpg\" alt=\"Boutique du Mus\u00e9e de la civilisation\" \/>\n                            <div class=\"enlarge-image\"><\/div>\n                          <\/a>\n                        <\/div>\n                                        <\/div>\n                                  <div class=\"swiper-slide\">\n                                        <div class=\"credits\">\n                    \u00a9 Mus\u00e9e de la civilisation, Marie-Jos\u00e9e Marcotte  &#8211; Ic\u00f4ne                  <\/div>\n                                                                                    <div class=\"pswp-gallery\" id=\"gallery--individual\">\n                          <a href=\"https:\/\/mcq.org\/wp-content\/uploads\/2024\/12\/boutique-vue-salle1.jpg\" data-pswp-width=\"1670\" data-pswp-height=\"939\" target=\"_blank\">\n                            <img decoding=\"async\" src=\"https:\/\/mcq.org\/wp-content\/uploads\/2024\/12\/boutique-vue-salle1.jpg\" alt=\"Aper\u00e7u de la premi\u00e8re salle de la BOutique du Mus\u00e9e \u00e0 partir de l&#039;entr\u00e9e. On y aper\u00e7oit plusieurs articles aux murs, en vitrine et en \u00e9talage : chandails, bande-dessin\u00e9es, figurines, tasses, livres et bijoux.\" \/>\n                            <div class=\"enlarge-image\"><\/div>\n                          <\/a>\n                        <\/div>\n                                        <\/div>\n                                  <div class=\"swiper-slide\">\n                                        <div class=\"credits\">\n                    \u00a9 Mus\u00e9e de la civilisation, Marie-Jos\u00e9e Marcotte &#8211; Ic\u00f4ne                  <\/div>\n                                                                                    <div class=\"pswp-gallery\" id=\"gallery--individual\">\n                          <a href=\"https:\/\/mcq.org\/wp-content\/uploads\/2024\/12\/boutique-vue-salle2-voutes.jpg\" data-pswp-width=\"1670\" data-pswp-height=\"939\" target=\"_blank\">\n                            <img decoding=\"async\" src=\"https:\/\/mcq.org\/wp-content\/uploads\/2024\/12\/boutique-vue-salle2-voutes.jpg\" alt=\"Vue ensemble de la vo\u00fbte de la Boutique du Mus\u00e9e. De chaque c\u00f4t\u00e9 des \u00e9tag\u00e8res blanches sont remplies d&#039;objets et au centre, une longue vitrine pr\u00e9sente des bijoux.\" \/>\n                            <div class=\"enlarge-image\"><\/div>\n                          <\/a>\n                        <\/div>\n                                        <\/div>\n                                  <div class=\"swiper-slide\">\n                                        <div class=\"credits\">\n                    \u00a9 Mus\u00e9e de la civilisation, Jennifer Marcuson &#8211; Ic\u00f4ne                  <\/div>\n                                                                                    <div class=\"pswp-gallery\" id=\"gallery--individual\">\n                          <a href=\"https:\/\/mcq.org\/wp-content\/uploads\/2023\/04\/boutique-livres-enquetes-musee.jpg\" data-pswp-width=\"1670\" data-pswp-height=\"939\" target=\"_blank\">\n                            <img decoding=\"async\" src=\"https:\/\/mcq.org\/wp-content\/uploads\/2023\/04\/boutique-livres-enquetes-musee.jpg\" alt=\"Boutique du Mus\u00e9e de la civilisation\" \/>\n                            <div class=\"enlarge-image\"><\/div>\n                          <\/a>\n                        <\/div>\n                                        <\/div>\n                                  <div class=\"swiper-slide\">\n                                        <div class=\"credits\">\n                    \u00a9 Mus\u00e9e de la civilisation, Jennifer Marcuson &#8211; Ic\u00f4ne                  <\/div>\n                                                                                    <div class=\"pswp-gallery\" id=\"gallery--individual\">\n                          <a href=\"https:\/\/mcq.org\/wp-content\/uploads\/2023\/04\/boutique-cabanne-oiseaux.jpg\" data-pswp-width=\"1670\" data-pswp-height=\"939\" target=\"_blank\">\n                            <img decoding=\"async\" src=\"https:\/\/mcq.org\/wp-content\/uploads\/2023\/04\/boutique-cabanne-oiseaux.jpg\" alt=\"Boutique du Mus\u00e9e de la civilisation\" \/>\n                            <div class=\"enlarge-image\"><\/div>\n                          <\/a>\n                        <\/div>\n                                        <\/div>\n                                  <div class=\"swiper-slide\">\n                                        <div class=\"credits\">\n                    \u00a9 Mus\u00e9e de la civilisation, Jennifer Marcuson &#8211; Ic\u00f4ne                  <\/div>\n                                                                                    <div class=\"pswp-gallery\" id=\"gallery--individual\">\n                          <a href=\"https:\/\/mcq.org\/wp-content\/uploads\/2023\/04\/boutique-livres-cuisine-boreale.jpg\" data-pswp-width=\"1670\" data-pswp-height=\"939\" target=\"_blank\">\n                            <img decoding=\"async\" src=\"https:\/\/mcq.org\/wp-content\/uploads\/2023\/04\/boutique-livres-cuisine-boreale.jpg\" alt=\"Boutique du Mus\u00e9e de la civilisation\" \/>\n                            <div class=\"enlarge-image\"><\/div>\n                          <\/a>\n                        <\/div>\n                                        <\/div>\n                                  <div class=\"swiper-slide\">\n                                        <div class=\"credits\">\n                    \u00a9 Mus\u00e9e de la civilisation, Jennifer Marcuson &#8211; Ic\u00f4ne                  <\/div>\n                                                                                    <div class=\"pswp-gallery\" id=\"gallery--individual\">\n                          <a href=\"https:\/\/mcq.org\/wp-content\/uploads\/2023\/04\/boutique-tisanes-autochtones.jpg\" data-pswp-width=\"1670\" data-pswp-height=\"939\" target=\"_blank\">\n                            <img decoding=\"async\" src=\"https:\/\/mcq.org\/wp-content\/uploads\/2023\/04\/boutique-tisanes-autochtones.jpg\" alt=\"Boutique du Mus\u00e9e de la civilisation\" \/>\n                            <div class=\"enlarge-image\"><\/div>\n                          <\/a>\n                        <\/div>\n                                        <\/div>\n                                  <div class=\"swiper-slide\">\n                                        <div class=\"credits\">\n                    \u00a9 Mus\u00e9e de la civilisation, Jennifer Marcuson &#8211; Ic\u00f4ne                  <\/div>\n                                                                                    <div class=\"pswp-gallery\" id=\"gallery--individual\">\n                          <a href=\"https:\/\/mcq.org\/wp-content\/uploads\/2023\/04\/boutique-enfants-colorier.jpg\" data-pswp-width=\"1670\" data-pswp-height=\"939\" target=\"_blank\">\n                            <img decoding=\"async\" src=\"https:\/\/mcq.org\/wp-content\/uploads\/2023\/04\/boutique-enfants-colorier.jpg\" alt=\"Boutique du Mus\u00e9e de la civilisation\" \/>\n                            <div class=\"enlarge-image\"><\/div>\n                          <\/a>\n                        <\/div>\n                                        <\/div>\n                              <\/div>\n              <div class=\"swiper-pagination\"><\/div>\n              <div class=\"swiper-button-next\"><img decoding=\"async\" src=\"https:\/\/mcq.org\/wp-content\/themes\/mcq\/images\/swiper-right.svg\" width=\"45\" alt=\"Next\" \/><\/div>\n              <div class=\"swiper-button-prev\"><img decoding=\"async\" src=\"https:\/\/mcq.org\/wp-content\/themes\/mcq\/images\/swiper-left.svg\" width=\"45\" alt=\"Back\" \/><\/div>\n            <\/div>\n          <\/div>\n        <\/div>\n      <\/div>\n    <\/div>\n\n\n<div  class=\"container contenu-centre\">\n  <div class=\"row justify-content-center\">\n    <div class=\"col-lg-10 col-xl-8\">\n      \n        \n  <div class=\"contenu-image\">\n    <a href=\"https:\/\/mcq.org\/decouvrir\/activites\/modules-dinterpretation-maison-guillaume-estebe\/\">\n              <p class=\"right blanc\">\n          Stop by our Boutique and discover the history and the architecture of maison Est\u00e8be\u2019s vaults        <\/p>\n              <div class=\"img-gradient right blanc\">\n          <img decoding=\"async\" aria-hidden=\"true\" src=\"https:\/\/mcq.org\/wp-content\/uploads\/2025\/01\/boutique-interpretation-voutes.png\" alt=\"Femme en train de regarder \u00e0 l&#039;int\u00e9rieur d&#039;un du module d&#039;interpr\u00e9tation des voutes de la maison Est\u00e8be. \" \/>\n        <\/div>\n          <\/a>\n  <\/div>\n\n\n          <\/div>\n  <\/div>\n<\/div>\n\n    <div class=\"container bloc-informations-utiles\">\n      <div class=\"row justify-content-md-center\">\n                  <div class=\"col-lg-6\">\n            <div class=\"inner\">\n                              <img decoding=\"async\" src=\"https:\/\/mcq.org\/wp-content\/uploads\/2023\/04\/ico-info-horaire.svg\" alt=\"Horaire\" aria-hidden=\"true\">\n                            <span class=\"info-utiles-title\">Opening hours<\/span>\n              <p>Everyday 11 a.m. to 5 p.m. <\/p>\n            <\/div>\n          <\/div>\n                  <div class=\"col-lg-6\">\n            <div class=\"inner\">\n                              <img decoding=\"async\" src=\"https:\/\/mcq.org\/wp-content\/uploads\/2023\/04\/ico-info-abonne.svg\" alt=\"Abonn\u00e9 combl\u00e9\" aria-hidden=\"true\">\n                            <span class=\"info-utiles-title\">Member discount<\/span>\n              <p>Members receive a 15 % discount on almost everything in the shop, in addition to the holiday sale.<\/p>\n            <\/div>\n          <\/div>\n                  <div class=\"col-lg-6\">\n            <div class=\"inner\">\n                              <img decoding=\"async\" src=\"https:\/\/mcq.org\/wp-content\/uploads\/2023\/04\/ico-info-direction.svg\" alt=\"Direction\" aria-hidden=\"true\">\n                            <span class=\"info-utiles-title\">Address<\/span>\n              <p><span data-contrast=\"auto\">80 Saint-Pierre Street<\/span><br \/>\n<span data-contrast=\"auto\">Qu\u00e9bec City, QC\u00a0 G1K 8R2<\/span><span data-ccp-props=\"{&quot;201341983&quot;:0,&quot;335559685&quot;:720,&quot;335559739&quot;:0,&quot;335559740&quot;:240}\"><br \/>\n<\/span><span data-contrast=\"auto\">Museum admission is not required to visit the shop.<\/span><span data-ccp-props=\"{&quot;201341983&quot;:0,&quot;335559685&quot;:720,&quot;335559739&quot;:0,&quot;335559740&quot;:240}\">\u00a0<\/span><\/p>\n            <\/div>\n          <\/div>\n                  <div class=\"col-lg-6\">\n            <div class=\"inner\">\n                              <img decoding=\"async\" src=\"https:\/\/mcq.org\/wp-content\/uploads\/2023\/04\/ico-info-telephone.svg\" alt=\"T\u00e9l\u00e9phone\" aria-hidden=\"true\">\n                            <span class=\"info-utiles-title\">Information<\/span>\n              <p><span class=\"TextRun SCXW189425979 BCX8\" lang=\"EN-CA\" xml:lang=\"EN-CA\" data-contrast=\"auto\"><span class=\"NormalTextRun SCXW189425979 BCX8\">Telephone: 418-643-9859<\/span><\/span><span class=\"LineBreakBlob BlobObject DragDrop SCXW189425979 BCX8\"><span class=\"SCXW189425979 BCX8\">\u00a0<\/span><br class=\"SCXW189425979 BCX8\" \/><\/span><span class=\"TextRun SCXW189425979 BCX8\" lang=\"EN-CA\" xml:lang=\"EN-CA\" data-contrast=\"auto\"><span class=\"NormalTextRun SCXW189425979 BCX8\">Toll-free: 1-866-710-8031<\/span><\/span><br \/>\nEmail : <a href=\"mailto:boutique@mcq.org\">boutique@mcq.org<\/a><\/p>\n            <\/div>\n          <\/div>\n              <\/div>\n    <\/div>\n","protected":false},"excerpt":{"rendered":"","protected":false},"author":1,"featured_media":349,"parent":416,"menu_order":1,"comment_status":"closed","ping_status":"closed","template":"","meta":{"_acf_changed":false,"footnotes":""},"page-tax":[256],"folder":[],"class_list":["post-409","page","type-page","status-publish","has-post-thumbnail","hentry","page-tax-general-en"],"acf":[],"yoast_head":"<!-- This site is optimized with the Yoast SEO Premium plugin v27.3 (Yoast SEO v27.3) - https:\/\/yoast.com\/product\/yoast-seo-premium-wordpress\/ -->\n<title>Boutique - Gift shop and locally crafted products | Mus\u00e9e de la civilisation<\/title>\n<meta name=\"description\" content=\"The Museum Boutique is full of books, locally crafted products, jewellery and artistic objects linked to the exhibitions.\" \/>\n<meta name=\"robots\" content=\"index, follow, max-snippet:-1, max-image-preview:large, max-video-preview:-1\" \/>\n<link rel=\"canonical\" href=\"https:\/\/mcq.org\/en\/visit\/boutique\/\" \/>\n<meta property=\"og:locale\" content=\"en_US\" \/>\n<meta property=\"og:type\" content=\"article\" \/>\n<meta property=\"og:title\" content=\"Boutique | Mus\u00e9e de la civilisation\" \/>\n<meta property=\"og:description\" content=\"The Museum\u2019s shop is full of books, locally crafted products, jewellery and artistic objects linked to the exhibitions.\" \/>\n<meta property=\"og:url\" content=\"https:\/\/mcq.org\/en\/visit\/boutique\/\" \/>\n<meta property=\"og:site_name\" content=\"Mus\u00e9e de la civilisation\" \/>\n<meta property=\"article:publisher\" content=\"https:\/\/www.facebook.com\/mcqorg\" \/>\n<meta property=\"article:modified_time\" content=\"2025-06-20T15:34:12+00:00\" \/>\n<meta property=\"og:image\" content=\"https:\/\/mcq.org\/wp-content\/uploads\/2023\/04\/boutiques-vue-voutes.jpg\" \/>\n\t<meta property=\"og:image:width\" content=\"1670\" \/>\n\t<meta property=\"og:image:height\" content=\"939\" \/>\n\t<meta property=\"og:image:type\" content=\"image\/jpeg\" \/>\n<meta name=\"twitter:card\" content=\"summary_large_image\" \/>\n<meta name=\"twitter:title\" content=\"Boutique | Mus\u00e9e de la civilisation\" \/>\n<meta name=\"twitter:description\" content=\"The Museum\u2019s shop is full of books, locally crafted products, jewellery and artistic objects linked to the exhibitions.\" \/>\n<meta name=\"twitter:site\" content=\"@mcqorg\" \/>\n<meta name=\"twitter:label1\" content=\"Est. reading time\" \/>\n\t<meta name=\"twitter:data1\" content=\"1 minute\" \/>\n<!-- \/ Yoast SEO Premium plugin. -->","yoast_head_json":{"title":"Boutique - Gift shop and locally crafted products | Mus\u00e9e de la civilisation","description":"The Museum Boutique is full of books, locally crafted products, jewellery and artistic objects linked to the exhibitions.","robots":{"index":"index","follow":"follow","max-snippet":"max-snippet:-1","max-image-preview":"max-image-preview:large","max-video-preview":"max-video-preview:-1"},"canonical":"https:\/\/mcq.org\/en\/visit\/boutique\/","og_locale":"en_US","og_type":"article","og_title":"Boutique | Mus\u00e9e de la civilisation","og_description":"The Museum\u2019s shop is full of books, locally crafted products, jewellery and artistic objects linked to the exhibitions.","og_url":"https:\/\/mcq.org\/en\/visit\/boutique\/","og_site_name":"Mus\u00e9e de la civilisation","article_publisher":"https:\/\/www.facebook.com\/mcqorg","article_modified_time":"2025-06-20T15:34:12+00:00","og_image":[{"width":1670,"height":939,"url":"https:\/\/mcq.org\/wp-content\/uploads\/2023\/04\/boutiques-vue-voutes.jpg","type":"image\/jpeg"}],"twitter_card":"summary_large_image","twitter_title":"Boutique | Mus\u00e9e de la civilisation","twitter_description":"The Museum\u2019s shop is full of books, locally crafted products, jewellery and artistic objects linked to the exhibitions.","twitter_site":"@mcqorg","twitter_misc":{"Est. reading time":"1 minute"},"schema":{"@context":"https:\/\/schema.org","@graph":[{"@type":"WebPage","@id":"https:\/\/mcq.org\/en\/visit\/boutique\/","url":"https:\/\/mcq.org\/en\/visit\/boutique\/","name":"Boutique - Gift shop and locally crafted products | Mus\u00e9e de la civilisation","isPartOf":{"@id":"https:\/\/mcq.org\/en\/#website"},"primaryImageOfPage":{"@id":"https:\/\/mcq.org\/en\/visit\/boutique\/#primaryimage"},"image":{"@id":"https:\/\/mcq.org\/en\/visit\/boutique\/#primaryimage"},"thumbnailUrl":"https:\/\/mcq.org\/wp-content\/uploads\/2023\/04\/boutiques-vue-voutes.jpg","datePublished":"2023-04-04T15:25:16+00:00","dateModified":"2025-06-20T15:34:12+00:00","description":"The Museum Boutique is full of books, locally crafted products, jewellery and artistic objects linked to the exhibitions.","breadcrumb":{"@id":"https:\/\/mcq.org\/en\/visit\/boutique\/#breadcrumb"},"inLanguage":"en-US","potentialAction":[{"@type":"ReadAction","target":["https:\/\/mcq.org\/en\/visit\/boutique\/"]}]},{"@type":"ImageObject","inLanguage":"en-US","@id":"https:\/\/mcq.org\/en\/visit\/boutique\/#primaryimage","url":"https:\/\/mcq.org\/wp-content\/uploads\/2023\/04\/boutiques-vue-voutes.jpg","contentUrl":"https:\/\/mcq.org\/wp-content\/uploads\/2023\/04\/boutiques-vue-voutes.jpg","width":1670,"height":939,"caption":"Boutique du Mus\u00e9e de la civilisation"},{"@type":"BreadcrumbList","@id":"https:\/\/mcq.org\/en\/visit\/boutique\/#breadcrumb","itemListElement":[{"@type":"ListItem","position":1,"name":"Home","item":"https:\/\/mcq.org\/en\/"},{"@type":"ListItem","position":2,"name":"Visit","item":"https:\/\/mcq.org\/en\/visit\/"},{"@type":"ListItem","position":3,"name":"Boutique"}]},{"@type":"WebSite","@id":"https:\/\/mcq.org\/en\/#website","url":"https:\/\/mcq.org\/en\/","name":"Mus\u00e9e de la civilisation","description":"Le Mus\u00e9e de la civilisation explore les diff\u00e9rentes facettes de la r\u00e9alit\u00e9 humaine avec sa d\u00e9marche unique qui combine enchantement, connaissance et r\u00e9flexion.","publisher":{"@id":"https:\/\/mcq.org\/en\/#organization"},"alternateName":"MCQ","potentialAction":[{"@type":"SearchAction","target":{"@type":"EntryPoint","urlTemplate":"https:\/\/mcq.org\/en\/?s={search_term_string}"},"query-input":{"@type":"PropertyValueSpecification","valueRequired":true,"valueName":"search_term_string"}}],"inLanguage":"en-US"},{"@type":"Organization","@id":"https:\/\/mcq.org\/en\/#organization","name":"Mus\u00e9e de la civilisation","alternateName":"MCQ","url":"https:\/\/mcq.org\/en\/","logo":{"@type":"ImageObject","inLanguage":"en-US","@id":"https:\/\/mcq.org\/en\/#\/schema\/logo\/image\/","url":"https:\/\/mcq.org\/wp-content\/uploads\/2023\/04\/logo-mcq-300x123-1.png","contentUrl":"https:\/\/mcq.org\/wp-content\/uploads\/2023\/04\/logo-mcq-300x123-1.png","width":300,"height":123,"caption":"Mus\u00e9e de la civilisation"},"image":{"@id":"https:\/\/mcq.org\/en\/#\/schema\/logo\/image\/"},"sameAs":["https:\/\/www.facebook.com\/mcqorg","https:\/\/x.com\/mcqorg","https:\/\/www.instagram.com\/mcqorg\/","https:\/\/www.linkedin.com\/company\/mcqorg\/"]}]}},"_links":{"self":[{"href":"https:\/\/mcq.org\/en\/wp-json\/wp\/v2\/pages\/409","targetHints":{"allow":["GET"]}}],"collection":[{"href":"https:\/\/mcq.org\/en\/wp-json\/wp\/v2\/pages"}],"about":[{"href":"https:\/\/mcq.org\/en\/wp-json\/wp\/v2\/types\/page"}],"author":[{"embeddable":true,"href":"https:\/\/mcq.org\/en\/wp-json\/wp\/v2\/users\/1"}],"replies":[{"embeddable":true,"href":"https:\/\/mcq.org\/en\/wp-json\/wp\/v2\/comments?post=409"}],"version-history":[{"count":23,"href":"https:\/\/mcq.org\/en\/wp-json\/wp\/v2\/pages\/409\/revisions"}],"predecessor-version":[{"id":25659,"href":"https:\/\/mcq.org\/en\/wp-json\/wp\/v2\/pages\/409\/revisions\/25659"}],"up":[{"embeddable":true,"href":"https:\/\/mcq.org\/en\/wp-json\/wp\/v2\/pages\/416"}],"wp:featuredmedia":[{"embeddable":true,"href":"https:\/\/mcq.org\/en\/wp-json\/wp\/v2\/media\/349"}],"wp:attachment":[{"href":"https:\/\/mcq.org\/en\/wp-json\/wp\/v2\/media?parent=409"}],"wp:term":[{"taxonomy":"page-tax","embeddable":true,"href":"https:\/\/mcq.org\/en\/wp-json\/wp\/v2\/page-tax?post=409"},{"taxonomy":"folder","embeddable":true,"href":"https:\/\/mcq.org\/en\/wp-json\/wp\/v2\/folder?post=409"}],"curies":[{"name":"wp","href":"https:\/\/api.w.org\/{rel}","templated":true}]}}