{"id":2997,"date":"2023-05-11T14:58:57","date_gmt":"2023-05-11T18:58:57","guid":{"rendered":"https:\/\/prod.mcq.org\/visit\/location-de-salle\/"},"modified":"2026-04-10T14:33:33","modified_gmt":"2026-04-10T18:33:33","slug":"event-space-rental","status":"publish","type":"page","link":"https:\/\/mcq.org\/en\/visit\/event-space-rental\/","title":{"rendered":"Event Space Rental"},"content":{"rendered":"<div  class=\"container contenu-centre\">\n  <div class=\"row justify-content-center\">\n    <div class=\"col-lg-10 col-xl-8\">\n      \n        \n\n<h2>Make your event a success<\/h2>\n<p>Are you looking for the perfect space for your event? The Mus\u00e9e de la civilisation and the Chapelle du S\u00e9minaire offer rooms with exceptional architecture, cutting-edge equipment and outstanding service.<\/p>\n<p>A seamless blend of past and present, our buildings are located in the heart of a breathtaking urban setting and can be adapted to meet all your needs:<\/p>\n<ul>\n<li>Wedding<\/li>\n<li>Corporate evening<\/li>\n<li>Lecture<\/li>\n<li>Convention<\/li>\n<\/ul>\n<p>Renting a museum space also gives you exclusive access to world-class exhibitions. Offer your guests this special treat!<\/p>\n<p><a class=\"bouton-noir\" href=\"https:\/\/mcq.org\/en\/visit\/event-space-rental\/quote\/\"> Get a quote <\/a><\/p>\n\n\n    <div class=\"carrousel-standard\" >\n            <div class=\"row\">\n        <div class=\"swiper myStandardSwiper\">\n          <div class=\"swiper-wrapper\">\n                          <div class=\"swiper-slide\">\n                                    <div class=\"credits\">\n                    Grand Hall  \u00a9 Mus\u00e9e de la civilisation, Eve Leclerc &#8211; Perspective                  <\/div>\n                                                        <div class=\"pswp-gallery\" id=\"gallery--individual\">\n                      <a href=\"https:\/\/mcq.org\/wp-content\/uploads\/2023\/05\/hall-du-musee-1200x675-1.jpg\" data-pswp-width=\"1200\" data-pswp-height=\"675\" target=\"_blank\">\n                        <img decoding=\"async\" src=\"https:\/\/mcq.org\/wp-content\/uploads\/2023\/05\/hall-du-musee-1200x675-1.jpg\" alt=\"Le Hall du Mus\u00e9e en formule banquet, on y voit plusieurs tables rondes napp\u00e9s en gris avec des chaises blanches et des arrangements floraux.\">\n                        <div class=\"enlarge-image\"><\/div>\n                      <\/a>\n                    <\/div>\n                                <\/div>\n                          <div class=\"swiper-slide\">\n                                    <div class=\"credits\">\n                    Chapelle du S\u00e9minaire  \u00a9 Mus\u00e9e de la civilisation                  <\/div>\n                                                        <div class=\"pswp-gallery\" id=\"gallery--individual\">\n                      <a href=\"https:\/\/mcq.org\/wp-content\/uploads\/2023\/05\/chapelle-1200x675-1.jpg\" data-pswp-width=\"1200\" data-pswp-height=\"675\" target=\"_blank\">\n                        <img decoding=\"async\" src=\"https:\/\/mcq.org\/wp-content\/uploads\/2023\/05\/chapelle-1200x675-1.jpg\" alt=\"La chapelle du S\u00e9minaire mont\u00e9e pour un mariage.\">\n                        <div class=\"enlarge-image\"><\/div>\n                      <\/a>\n                    <\/div>\n                                <\/div>\n                          <div class=\"swiper-slide\">\n                                    <div class=\"credits\">\n                    Belv\u00e9d\u00e8re   \u00a9 Mus\u00e9e de la civilisation, Marie-Jos\u00e9e Marcotte &#8211; Ic\u00f4ne                  <\/div>\n                                                        <div class=\"pswp-gallery\" id=\"gallery--individual\">\n                      <a href=\"https:\/\/mcq.org\/wp-content\/uploads\/2025\/02\/belvedere-location.jpg\" data-pswp-width=\"1200\" data-pswp-height=\"675\" target=\"_blank\">\n                        <img decoding=\"async\" src=\"https:\/\/mcq.org\/wp-content\/uploads\/2025\/02\/belvedere-location.jpg\" alt=\"Vue de la salle du Belv\u00e9d\u00e8re du Mus\u00e9e avec huit tables plac\u00e9e en deux rang\u00e9es. Par les grandes fen\u00eatres on aper\u00e7oit le Ch\u00e2teau Frontenac\">\n                        <div class=\"enlarge-image\"><\/div>\n                      <\/a>\n                    <\/div>\n                                <\/div>\n                          <div class=\"swiper-slide\">\n                                    <div class=\"credits\">\n                    Auditorium Roland-Arpin  \u00a9 Mus\u00e9e de la civilisation, Marie-Jos\u00e9e Marcotte &#8211; Ic\u00f4ne                  <\/div>\n                                                        <div class=\"pswp-gallery\" id=\"gallery--individual\">\n                      <a href=\"https:\/\/mcq.org\/wp-content\/uploads\/2025\/02\/auditorium-roland-arpin-location.jpg\" data-pswp-width=\"1200\" data-pswp-height=\"675\" target=\"_blank\">\n                        <img decoding=\"async\" src=\"https:\/\/mcq.org\/wp-content\/uploads\/2025\/02\/auditorium-roland-arpin-location.jpg\" alt=\"Vue de c\u00f4t\u00e9 de l&#039;auditorium Roland-Arpin Au Fond, un \u00e9cran est d\u00e9ploy\u00e9 et affiche une image du Mus\u00e9e. Juste devant l&#039;\u00e9cran sur la sc\u00e8ne il y a deux fauteuils au centre et un lutrin sur la gauche.\">\n                        <div class=\"enlarge-image\"><\/div>\n                      <\/a>\n                    <\/div>\n                                <\/div>\n                          <div class=\"swiper-slide\">\n                                    <div class=\"credits\">\n                    Auditorium Hydro-Qu\u00e9bec  \u00a9 Mus\u00e9e de la civilisation, Marie-Jos\u00e9e Marcotte &#8211; Ic\u00f4ne                  <\/div>\n                                                        <div class=\"pswp-gallery\" id=\"gallery--individual\">\n                      <a href=\"https:\/\/mcq.org\/wp-content\/uploads\/2025\/02\/auditorium-hydro-quebec-location.jpg\" data-pswp-width=\"1200\" data-pswp-height=\"675\" target=\"_blank\">\n                        <img decoding=\"async\" src=\"https:\/\/mcq.org\/wp-content\/uploads\/2025\/02\/auditorium-hydro-quebec-location.jpg\" alt=\"Vue de c\u00f4t\u00e9 des rang\u00e9es de si\u00e8ges de l&#039;auditorium Hydro-Qu\u00e9bec. Au l&#039;avant, un \u00e9cran est d\u00e9ploy\u00e9 et affiche une image du Mus\u00e9e.\">\n                        <div class=\"enlarge-image\"><\/div>\n                      <\/a>\n                    <\/div>\n                                <\/div>\n                      <\/div>\n          <div class=\"swiper-pagination\"><\/div>\n          <div class=\"swiper-button-next\"><img decoding=\"async\" src=\"https:\/\/mcq.org\/wp-content\/themes\/mcq\/images\/swiper-right.svg\" width=\"45\" alt=\"Next\" \/><\/div>\n          <div class=\"swiper-button-prev\"><img decoding=\"async\" src=\"https:\/\/mcq.org\/wp-content\/themes\/mcq\/images\/swiper-left.svg\" width=\"45\" alt=\"Back\" \/><\/div>\n        <\/div>\n      <\/div>\n    <\/div>\n\n\n\n\n<h2>A custom-tailored event<\/h2>\n<p>Choose the Mus\u00e9e and impress your guests! Contact our team to tell us your needs and we will offer you with customized proposals, visits and planning meetings. We\u2019ll do everything to bring your vision to life.<\/p>\n\n\n  <div class=\"accordion mt-60\" >\n    <!-- item -->\n    <div class=\"accordion-item\">\n      <span class=\"accordion-header\" id=\"panel-Furnishings\">\n        <button class=\"accordion-button collapsed\" type=\"button\" data-bs-toggle=\"collapse\" data-bs-target=\"#Furnishings\" aria-expanded=\"false\" aria-controls=\"panel-Furnishings\">\n          <span>Furnishings<\/span>\n        <\/button>\n      <\/span>\n      <div id=\"Furnishings\" class=\"accordion-collapse  collapse\" aria-labelledby=\"panel-Furnishings\">\n        <div class=\"accordion-body\">\n          <p>Some furnishings are provided with the room rental. You can add items according to your needs and taste. Don\u2019t hesitate to ask our advice! <\/p>\n<p>The handling of all provided equipment is included in the price. <\/p>\n        <\/div>\n      <\/div>\n    <\/div>\n    <!-- \/\/ item -->\n  <\/div>\n\n\n  <div class=\"accordion\" >\n    <!-- item -->\n    <div class=\"accordion-item\">\n      <span class=\"accordion-header\" id=\"panel-Catering-options\">\n        <button class=\"accordion-button collapsed\" type=\"button\" data-bs-toggle=\"collapse\" data-bs-target=\"#Catering-options\" aria-expanded=\"false\" aria-controls=\"panel-Catering-options\">\n          <span>Catering options<\/span>\n        <\/button>\n      <\/span>\n      <div id=\"Catering-options\" class=\"accordion-collapse  collapse\" aria-labelledby=\"panel-Catering-options\">\n        <div class=\"accordion-body\">\n          <p>A variety of catering options are also available, covering a wide range of products and prices. Tell us more about your expectations, needs and budget and we will recommend the very best option to make your event a success.<\/p>\n<p><a class=\"bouton-noir\" href=\"\/visiter\/traiteurs\/\">Explore options by our catering partners\u202f<\/a><\/p>\n        <\/div>\n      <\/div>\n    <\/div>\n    <!-- \/\/ item -->\n  <\/div>\n\n\n  <div class=\"accordion\" >\n    <!-- item -->\n    <div class=\"accordion-item\">\n      <span class=\"accordion-header\" id=\"panel-Audiovisuals\">\n        <button class=\"accordion-button collapsed\" type=\"button\" data-bs-toggle=\"collapse\" data-bs-target=\"#Audiovisuals\" aria-expanded=\"false\" aria-controls=\"panel-Audiovisuals\">\n          <span>Audiovisuals<\/span>\n        <\/button>\n      <\/span>\n      <div id=\"Audiovisuals\" class=\"accordion-collapse  collapse\" aria-labelledby=\"panel-Audiovisuals\">\n        <div class=\"accordion-body\">\n          <p>All our rental spaces are equipped with the latest technology. Whether you\u2019re looking for sound, projection, lighting, webcasting or video recording, we have what you need to give your guests an unforgettable experience.<\/p>\n<p>And best of all? On-site equipment and services are provided with the rental. Ask us for a customized proposal for full details and terms. <\/p>\n        <\/div>\n      <\/div>\n    <\/div>\n    <!-- \/\/ item -->\n  <\/div>\n\n\n          <\/div>\n  <\/div>\n<\/div>\n\n      <div class=\"container mt-0 location-salle\">\n        <div class=\"row\">\n          <div class=\"col-12\">\n            <h2 class=\"section-title\">Explore our rental spaces<\/h2>\n          <\/div>\n        <\/div>\n        <div class=\"row\">\n                      <div class=\"col-6 col-md-4\">\n              <a href=\"https:\/\/mcq.org\/en\/visit\/event-space-rental\/space\/inner-courtyard-and-terraces\/\">\n                <span>Inner courtyard and terraces<\/span>\n                <img decoding=\"async\" src=\"https:\/\/mcq.org\/wp-content\/uploads\/2023\/05\/terrasses-vue-chateau-frontenac-1200x675-1.jpg\" width=\"411\" height=\"217\" class=\"rounded img-fluid\" aria-hidden=\"true\" alt=\"\">\n              <\/a>\n            <\/div>\n                      <div class=\"col-6 col-md-4\">\n              <a href=\"https:\/\/mcq.org\/en\/visit\/event-space-rental\/space\/grand-hall\/\">\n                <span>Grand Hall<\/span>\n                <img decoding=\"async\" src=\"https:\/\/mcq.org\/wp-content\/uploads\/2023\/05\/hall-vue-ensemble-1200x675-1.jpg\" width=\"411\" height=\"217\" class=\"rounded img-fluid\" aria-hidden=\"true\" alt=\"\">\n              <\/a>\n            <\/div>\n                      <div class=\"col-6 col-md-4\">\n              <a href=\"https:\/\/mcq.org\/en\/visit\/event-space-rental\/space\/chapelle-du-seminaire\/\">\n                <span>Chapelle du S\u00e9minaire<\/span>\n                <img decoding=\"async\" src=\"https:\/\/mcq.org\/wp-content\/uploads\/2023\/05\/chapelle-vue-ensemble-1200x675-1.jpg\" width=\"411\" height=\"217\" class=\"rounded img-fluid\" aria-hidden=\"true\" alt=\"\">\n              <\/a>\n            <\/div>\n                      <div class=\"col-6 col-md-4\">\n              <a href=\"https:\/\/mcq.org\/en\/visit\/event-space-rental\/space\/belvedere\/\">\n                <span>Belv\u00e9d\u00e8re<\/span>\n                <img decoding=\"async\" src=\"https:\/\/mcq.org\/wp-content\/uploads\/2025\/02\/belvedere-location.jpg\" width=\"411\" height=\"217\" class=\"rounded img-fluid\" aria-hidden=\"true\" alt=\"\">\n              <\/a>\n            <\/div>\n                      <div class=\"col-6 col-md-4\">\n              <a href=\"https:\/\/mcq.org\/en\/visit\/event-space-rental\/space\/auditorium-roland-arpin\/\">\n                <span>Auditorium Roland-Arpin<\/span>\n                <img decoding=\"async\" src=\"https:\/\/mcq.org\/wp-content\/uploads\/2025\/02\/auditorium-roland-arpin-location.jpg\" width=\"411\" height=\"217\" class=\"rounded img-fluid\" aria-hidden=\"true\" alt=\"\">\n              <\/a>\n            <\/div>\n                      <div class=\"col-6 col-md-4\">\n              <a href=\"https:\/\/mcq.org\/en\/visit\/event-space-rental\/space\/auditorium-hydro-quebec\/\">\n                <span>Auditorium Hydro-Qu\u00e9bec<\/span>\n                <img decoding=\"async\" src=\"https:\/\/mcq.org\/wp-content\/uploads\/2025\/02\/auditorium-hydro-quebec-location.jpg\" width=\"411\" height=\"217\" class=\"rounded img-fluid\" aria-hidden=\"true\" alt=\"\">\n              <\/a>\n            <\/div>\n                  <\/div>\n      <\/div>\n\n\n<div  class=\"container contenu-centre\">\n  <div class=\"row justify-content-center\">\n    <div class=\"col-lg-10 col-xl-8\">\n      \n        \n\n<h2>Cultural event<\/h2>\n<p>Would you like to organize a cultural activity or suggest an event to the Mus\u00e9e\u2019s programming team? Contact us by email at <a href=\"mailto:mediation@mcq.org\">mediation@mcq.org<\/a> or fill out the information request form.\u202f<\/p>\n<p><a class=\"bouton-noir\" href=\"\/en\/visit\/cultural-event\/\">Request form<\/a><\/p>\n\n\n          <\/div>\n  <\/div>\n<\/div>\n\n    <div class=\"container bloc-informations-utiles\">\n      <div class=\"row justify-content-md-center\">\n                  <div class=\"col-lg-6\">\n            <div class=\"inner\">\n                              <img decoding=\"async\" src=\"https:\/\/mcq.org\/wp-content\/uploads\/2023\/04\/ico-info-informations.svg\" alt=\"Informations\" aria-hidden=\"true\">\n                            <span class=\"info-utiles-title\">Information<\/span>\n              <p>Telephone : 418-643-2158, option 4<br \/>\nToll-free : 1-866-710-8031<br \/>\nEmail : <a href=\"mailto:location@mcq.org\">location@mcq.org<\/a><\/p>\n            <\/div>\n          <\/div>\n                  <div class=\"col-lg-6\">\n            <div class=\"inner\">\n                              <img decoding=\"async\" src=\"https:\/\/mcq.org\/wp-content\/uploads\/2023\/04\/ico-info-soumission.svg\" alt=\"Obtenir une soumission\" aria-hidden=\"true\">\n                            <span class=\"info-utiles-title\">Quotes<\/span>\n              <p>Get a quote for your event<br \/>\n<a href=\"https:\/\/mcq.org\/en\/visit\/event-space-rental\/quote\/\" class=\"bouton-noir\">Fill out the form<\/a>\u202f <\/p>\n            <\/div>\n          <\/div>\n              <\/div>\n    <\/div>\n\n\n      <div class=\"container block-photos-directions\">\n        <div class=\"row\">\n          <div class=\"col-12\">\n          <h2 class=\"section-title\">The private events team<\/h2>                      <\/div>\n        <\/div>\n            <div class=\"row block-pictos-texte\">\n                    <div class=\"col-md-3\"><img decoding=\"async\" src=\"https:\/\/mcq.org\/wp-content\/uploads\/2023\/05\/janie-gagnon-500x500-1.jpg\" width=\"500\" height=\"500\" alt=\"Janie Gagnon, D\u00e9l\u00e9gu\u00e9e, client\u00e8les commerciales et touristiques\" class=\"rounded img-fluid\"><\/div>\n            <div class=\"col-md-3\"><p><strong>Janie Gagnon<br \/>\n<\/strong><span class=\"s1\">Delegate, Commercial and Tourist Clientele<\/span><\/p>\n<\/div>\n                    <div class=\"col-md-3\"><img decoding=\"async\" src=\"https:\/\/mcq.org\/wp-content\/uploads\/2023\/10\/sandra-talbot-500x500-1.jpg\" width=\"500\" height=\"500\" alt=\"Sandra Talbot, d\u00e9l\u00e9gu\u00e9e, client\u00e8les commerciales et touristiques\" class=\"rounded img-fluid\"><\/div>\n            <div class=\"col-md-3\"><p><strong>Sandra Talbot<br \/>\n<\/strong><span class=\"s1\">Delegate Commercial Clientele<\/span><\/p>\n<\/div>\n              <\/div>\n      <\/div>\n  \n\n\n<p><\/p>\n","protected":false},"excerpt":{"rendered":"","protected":false},"author":1,"featured_media":2752,"parent":416,"menu_order":0,"comment_status":"closed","ping_status":"closed","template":"pages\/page-reservation-salle.php","meta":{"_acf_changed":false,"footnotes":""},"page-tax":[256],"folder":[],"class_list":["post-2997","page","type-page","status-publish","has-post-thumbnail","hentry","page-tax-general-en"],"acf":[],"yoast_head":"<!-- This site is optimized with the Yoast SEO Premium plugin v27.3 (Yoast SEO v27.3) - https:\/\/yoast.com\/product\/yoast-seo-premium-wordpress\/ -->\n<title>Event space rental - Qu\u00e9bec City | Mus\u00e9e de la civilisation<\/title>\n<meta name=\"description\" content=\"From meeting and conference rooms to reception halls, the Mus\u00e9e de la civilisation rents exceptional, architectural event spaces in Qu\u00e9bec City.\" \/>\n<meta name=\"robots\" content=\"index, follow, max-snippet:-1, max-image-preview:large, max-video-preview:-1\" \/>\n<link rel=\"canonical\" href=\"https:\/\/mcq.org\/en\/visit\/event-space-rental\/\" \/>\n<meta property=\"og:locale\" content=\"en_US\" \/>\n<meta property=\"og:type\" content=\"article\" \/>\n<meta property=\"og:title\" content=\"Event Space Rental | Mus\u00e9e de la civilisation\" \/>\n<meta property=\"og:description\" content=\"From meeting and conference rooms to reception halls, the Mus\u00e9e de la civilisation rents exceptional, architectural event spaces in Qu\u00e9bec City.\" \/>\n<meta property=\"og:url\" content=\"https:\/\/mcq.org\/en\/visit\/event-space-rental\/\" \/>\n<meta property=\"og:site_name\" content=\"Mus\u00e9e de la civilisation\" \/>\n<meta property=\"article:publisher\" content=\"https:\/\/www.facebook.com\/mcqorg\" \/>\n<meta property=\"article:modified_time\" content=\"2026-04-10T18:33:33+00:00\" \/>\n<meta property=\"og:image\" content=\"https:\/\/mcq.org\/wp-content\/uploads\/2023\/05\/hall-du-musee-1200x675-1.jpg\" \/>\n\t<meta property=\"og:image:width\" content=\"1200\" \/>\n\t<meta property=\"og:image:height\" content=\"675\" \/>\n\t<meta property=\"og:image:type\" content=\"image\/jpeg\" \/>\n<meta name=\"twitter:card\" content=\"summary_large_image\" \/>\n<meta name=\"twitter:title\" content=\"Event Space Rental | Mus\u00e9e de la civilisation\" \/>\n<meta name=\"twitter:description\" content=\"From meeting and conference rooms to reception halls, the Mus\u00e9e de la civilisation rents exceptional, architectural event spaces in Qu\u00e9bec City.\" \/>\n<meta name=\"twitter:site\" content=\"@mcqorg\" \/>\n<meta name=\"twitter:label1\" content=\"Est. reading time\" \/>\n\t<meta name=\"twitter:data1\" content=\"2 minutes\" \/>\n<!-- \/ Yoast SEO Premium plugin. -->","yoast_head_json":{"title":"Event space rental - Qu\u00e9bec City | Mus\u00e9e de la civilisation","description":"From meeting and conference rooms to reception halls, the Mus\u00e9e de la civilisation rents exceptional, architectural event spaces in Qu\u00e9bec City.","robots":{"index":"index","follow":"follow","max-snippet":"max-snippet:-1","max-image-preview":"max-image-preview:large","max-video-preview":"max-video-preview:-1"},"canonical":"https:\/\/mcq.org\/en\/visit\/event-space-rental\/","og_locale":"en_US","og_type":"article","og_title":"Event Space Rental | Mus\u00e9e de la civilisation","og_description":"From meeting and conference rooms to reception halls, the Mus\u00e9e de la civilisation rents exceptional, architectural event spaces in Qu\u00e9bec City.","og_url":"https:\/\/mcq.org\/en\/visit\/event-space-rental\/","og_site_name":"Mus\u00e9e de la civilisation","article_publisher":"https:\/\/www.facebook.com\/mcqorg","article_modified_time":"2026-04-10T18:33:33+00:00","og_image":[{"width":1200,"height":675,"url":"https:\/\/mcq.org\/wp-content\/uploads\/2023\/05\/hall-du-musee-1200x675-1.jpg","type":"image\/jpeg"}],"twitter_card":"summary_large_image","twitter_title":"Event Space Rental | Mus\u00e9e de la civilisation","twitter_description":"From meeting and conference rooms to reception halls, the Mus\u00e9e de la civilisation rents exceptional, architectural event spaces in Qu\u00e9bec City.","twitter_site":"@mcqorg","twitter_misc":{"Est. reading time":"2 minutes"},"schema":{"@context":"https:\/\/schema.org","@graph":[{"@type":"WebPage","@id":"https:\/\/mcq.org\/en\/visit\/event-space-rental\/","url":"https:\/\/mcq.org\/en\/visit\/event-space-rental\/","name":"Event space rental - Qu\u00e9bec City | Mus\u00e9e de la civilisation","isPartOf":{"@id":"https:\/\/mcq.org\/en\/#website"},"primaryImageOfPage":{"@id":"https:\/\/mcq.org\/en\/visit\/event-space-rental\/#primaryimage"},"image":{"@id":"https:\/\/mcq.org\/en\/visit\/event-space-rental\/#primaryimage"},"thumbnailUrl":"https:\/\/mcq.org\/wp-content\/uploads\/2023\/05\/hall-du-musee-1200x675-1.jpg","datePublished":"2023-05-11T18:58:57+00:00","dateModified":"2026-04-10T18:33:33+00:00","description":"From meeting and conference rooms to reception halls, the Mus\u00e9e de la civilisation rents exceptional, architectural event spaces in Qu\u00e9bec City.","breadcrumb":{"@id":"https:\/\/mcq.org\/en\/visit\/event-space-rental\/#breadcrumb"},"inLanguage":"en-US","potentialAction":[{"@type":"ReadAction","target":["https:\/\/mcq.org\/en\/visit\/event-space-rental\/"]}]},{"@type":"ImageObject","inLanguage":"en-US","@id":"https:\/\/mcq.org\/en\/visit\/event-space-rental\/#primaryimage","url":"https:\/\/mcq.org\/wp-content\/uploads\/2023\/05\/hall-du-musee-1200x675-1.jpg","contentUrl":"https:\/\/mcq.org\/wp-content\/uploads\/2023\/05\/hall-du-musee-1200x675-1.jpg","width":1200,"height":675,"caption":"Le Hall du Mus\u00e9e en formule banquet, on y voit plusieurs tables rondes napp\u00e9s en gris avec des chaises blanches et des arrangements floraux."},{"@type":"BreadcrumbList","@id":"https:\/\/mcq.org\/en\/visit\/event-space-rental\/#breadcrumb","itemListElement":[{"@type":"ListItem","position":1,"name":"Home","item":"https:\/\/mcq.org\/en\/"},{"@type":"ListItem","position":2,"name":"Visit","item":"https:\/\/mcq.org\/en\/visit\/"},{"@type":"ListItem","position":3,"name":"Event Space Rental"}]},{"@type":"WebSite","@id":"https:\/\/mcq.org\/en\/#website","url":"https:\/\/mcq.org\/en\/","name":"Mus\u00e9e de la civilisation","description":"Le Mus\u00e9e de la civilisation explore les diff\u00e9rentes facettes de la r\u00e9alit\u00e9 humaine avec sa d\u00e9marche unique qui combine enchantement, connaissance et r\u00e9flexion.","publisher":{"@id":"https:\/\/mcq.org\/en\/#organization"},"alternateName":"MCQ","potentialAction":[{"@type":"SearchAction","target":{"@type":"EntryPoint","urlTemplate":"https:\/\/mcq.org\/en\/?s={search_term_string}"},"query-input":{"@type":"PropertyValueSpecification","valueRequired":true,"valueName":"search_term_string"}}],"inLanguage":"en-US"},{"@type":"Organization","@id":"https:\/\/mcq.org\/en\/#organization","name":"Mus\u00e9e de la civilisation","alternateName":"MCQ","url":"https:\/\/mcq.org\/en\/","logo":{"@type":"ImageObject","inLanguage":"en-US","@id":"https:\/\/mcq.org\/en\/#\/schema\/logo\/image\/","url":"https:\/\/mcq.org\/wp-content\/uploads\/2023\/04\/logo-mcq-300x123-1.png","contentUrl":"https:\/\/mcq.org\/wp-content\/uploads\/2023\/04\/logo-mcq-300x123-1.png","width":300,"height":123,"caption":"Mus\u00e9e de la civilisation"},"image":{"@id":"https:\/\/mcq.org\/en\/#\/schema\/logo\/image\/"},"sameAs":["https:\/\/www.facebook.com\/mcqorg","https:\/\/x.com\/mcqorg","https:\/\/www.instagram.com\/mcqorg\/","https:\/\/www.linkedin.com\/company\/mcqorg\/"]}]}},"_links":{"self":[{"href":"https:\/\/mcq.org\/en\/wp-json\/wp\/v2\/pages\/2997","targetHints":{"allow":["GET"]}}],"collection":[{"href":"https:\/\/mcq.org\/en\/wp-json\/wp\/v2\/pages"}],"about":[{"href":"https:\/\/mcq.org\/en\/wp-json\/wp\/v2\/types\/page"}],"author":[{"embeddable":true,"href":"https:\/\/mcq.org\/en\/wp-json\/wp\/v2\/users\/1"}],"replies":[{"embeddable":true,"href":"https:\/\/mcq.org\/en\/wp-json\/wp\/v2\/comments?post=2997"}],"version-history":[{"count":50,"href":"https:\/\/mcq.org\/en\/wp-json\/wp\/v2\/pages\/2997\/revisions"}],"predecessor-version":[{"id":30041,"href":"https:\/\/mcq.org\/en\/wp-json\/wp\/v2\/pages\/2997\/revisions\/30041"}],"up":[{"embeddable":true,"href":"https:\/\/mcq.org\/en\/wp-json\/wp\/v2\/pages\/416"}],"wp:featuredmedia":[{"embeddable":true,"href":"https:\/\/mcq.org\/en\/wp-json\/wp\/v2\/media\/2752"}],"wp:attachment":[{"href":"https:\/\/mcq.org\/en\/wp-json\/wp\/v2\/media?parent=2997"}],"wp:term":[{"taxonomy":"page-tax","embeddable":true,"href":"https:\/\/mcq.org\/en\/wp-json\/wp\/v2\/page-tax?post=2997"},{"taxonomy":"folder","embeddable":true,"href":"https:\/\/mcq.org\/en\/wp-json\/wp\/v2\/folder?post=2997"}],"curies":[{"name":"wp","href":"https:\/\/api.w.org\/{rel}","templated":true}]}}