{"id":2327,"date":"2023-05-09T09:03:10","date_gmt":"2023-05-09T13:03:10","guid":{"rendered":"https:\/\/prod.mcq.org\/abonnement-engage\/"},"modified":"2025-10-10T12:29:53","modified_gmt":"2025-10-10T16:29:53","slug":"committed-membership","status":"publish","type":"page","link":"https:\/\/mcq.org\/en\/support\/committed-membership\/","title":{"rendered":"Committed Membership"},"content":{"rendered":"<div  class=\"container contenu-centre\">\n  <div class=\"row justify-content-center\">\n    <div class=\"col-lg-10 col-xl-8\">\n      \n        \n\n<p>When you become a Committed Member, the Fondation du Mus\u00e9e will give an annual membership to a disadvantaged family.<\/p>\n<p>Each Committed Member subscription includes a $100 donation to the Fondation du Mus\u00e9e and gives a family from a less privileged background or with children with learning disabilities special access to cultural activities. An unparalleled opportunity to discover the Mus\u00e9e and learn differently.<\/p>\n\n\n    <div class=\"carrousel-standard\" >\n            <div class=\"row\">\n        <div class=\"swiper myStandardSwiper\">\n          <div class=\"swiper-wrapper\">\n                          <div class=\"swiper-slide\">\n                                    <div class=\"credits\">\n                    \u00a9 Mus\u00e9e de la civilisation, Renaud Philippe                  <\/div>\n                                                        <div class=\"pswp-gallery\" id=\"gallery--individual\">\n                      <a href=\"https:\/\/mcq.org\/wp-content\/uploads\/2023\/05\/jeunes-abonnes-en-visite-1200x675-1.jpg\" data-pswp-width=\"1200\" data-pswp-height=\"675\" target=\"_blank\">\n                        <img decoding=\"async\" src=\"https:\/\/mcq.org\/wp-content\/uploads\/2023\/05\/jeunes-abonnes-en-visite-1200x675-1.jpg\" alt=\"Deux jeunes visiteurs admirent un chat en bronze.\">\n                        <div class=\"enlarge-image\"><\/div>\n                      <\/a>\n                    <\/div>\n                                <\/div>\n                          <div class=\"swiper-slide\">\n                                    <div class=\"credits\">\n                    \u00a9 Mus\u00e9e de la civilisation, Renaud Philippe                  <\/div>\n                                                        <div class=\"pswp-gallery\" id=\"gallery--individual\">\n                      <a href=\"https:\/\/mcq.org\/wp-content\/uploads\/2023\/05\/jeune-homme-exposition-1200x675-1.jpg\" data-pswp-width=\"1200\" data-pswp-height=\"675\" target=\"_blank\">\n                        <img decoding=\"async\" src=\"https:\/\/mcq.org\/wp-content\/uploads\/2023\/05\/jeune-homme-exposition-1200x675-1.jpg\" alt=\"Photographie en noir et blanc d&#039;un visiteur admirant une vitrine d&#039;exposition.\">\n                        <div class=\"enlarge-image\"><\/div>\n                      <\/a>\n                    <\/div>\n                                <\/div>\n                          <div class=\"swiper-slide\">\n                                    <div class=\"credits\">\n                    \u00a9 Mus\u00e9e de la civilisation, Renaud Philippe                  <\/div>\n                                                        <div class=\"pswp-gallery\" id=\"gallery--individual\">\n                      <a href=\"https:\/\/mcq.org\/wp-content\/uploads\/2023\/05\/jeune-femme-en-visite-1200x675-1.jpg\" data-pswp-width=\"1200\" data-pswp-height=\"675\" target=\"_blank\">\n                        <img decoding=\"async\" src=\"https:\/\/mcq.org\/wp-content\/uploads\/2023\/05\/jeune-femme-en-visite-1200x675-1.jpg\" alt=\"Photographe en noir et blanc d&#039;une visiteuse admirant une oeuvre accroch\u00e9e au plafond.\">\n                        <div class=\"enlarge-image\"><\/div>\n                      <\/a>\n                    <\/div>\n                                <\/div>\n                          <div class=\"swiper-slide\">\n                                    <div class=\"credits\">\n                    \u00a9 Mus\u00e9e de la civilisation, Jennifer Marcuson &#8211; Ic\u00f4ne                  <\/div>\n                                                        <div class=\"pswp-gallery\" id=\"gallery--individual\">\n                      <a href=\"https:\/\/mcq.org\/wp-content\/uploads\/2023\/05\/grande-famille-exposition-1200x675-1.jpg\" data-pswp-width=\"1200\" data-pswp-height=\"675\" target=\"_blank\">\n                        <img decoding=\"async\" src=\"https:\/\/mcq.org\/wp-content\/uploads\/2023\/05\/grande-famille-exposition-1200x675-1.jpg\" alt=\"Famille de deux parents et cinq enfants visitant une exposition en pointant des objets.\">\n                        <div class=\"enlarge-image\"><\/div>\n                      <\/a>\n                    <\/div>\n                                <\/div>\n                          <div class=\"swiper-slide\">\n                                    <div class=\"credits\">\n                    \u00a9 Mus\u00e9e de la civilisation, Renaud Philippe                  <\/div>\n                                                        <div class=\"pswp-gallery\" id=\"gallery--individual\">\n                      <a href=\"https:\/\/mcq.org\/wp-content\/uploads\/2023\/05\/enfants-exposition-1200x675-1.jpg\" data-pswp-width=\"1200\" data-pswp-height=\"675\" target=\"_blank\">\n                        <img decoding=\"async\" src=\"https:\/\/mcq.org\/wp-content\/uploads\/2023\/05\/enfants-exposition-1200x675-1.jpg\" alt=\"Deux jeunes visiteurs s&#039;amusent \u00e0 faire r\u00e9agir un mur de projection pr\u00e9sentant du code binaire.\">\n                        <div class=\"enlarge-image\"><\/div>\n                      <\/a>\n                    <\/div>\n                                <\/div>\n                          <div class=\"swiper-slide\">\n                                    <div class=\"credits\">\n                    \u00a9 Mus\u00e9e de la civilisation, Renaud Philippe                  <\/div>\n                                                        <div class=\"pswp-gallery\" id=\"gallery--individual\">\n                      <a href=\"https:\/\/mcq.org\/wp-content\/uploads\/2023\/05\/abonnes-famille-exposition-1200x675-1.jpg\" data-pswp-width=\"1200\" data-pswp-height=\"675\" target=\"_blank\">\n                        <img decoding=\"async\" src=\"https:\/\/mcq.org\/wp-content\/uploads\/2023\/05\/abonnes-famille-exposition-1200x675-1.jpg\" alt=\"Abonnement Famille s&#039;amusant \u00e0 trouver toutes les photos d&#039;eux prises dans une exposition pour d\u00e9montrer la surveillance.\">\n                        <div class=\"enlarge-image\"><\/div>\n                      <\/a>\n                    <\/div>\n                                <\/div>\n                      <\/div>\n          <div class=\"swiper-pagination\"><\/div>\n          <div class=\"swiper-button-next\"><img decoding=\"async\" src=\"https:\/\/mcq.org\/wp-content\/themes\/mcq\/images\/swiper-right.svg\" width=\"45\" alt=\"Next\" \/><\/div>\n          <div class=\"swiper-button-prev\"><img decoding=\"async\" src=\"https:\/\/mcq.org\/wp-content\/themes\/mcq\/images\/swiper-left.svg\" width=\"45\" alt=\"Back\" \/><\/div>\n        <\/div>\n      <\/div>\n    <\/div>\n\n\n\n\n<h3>Pay it forward<\/h3>\n<p>Giving yourself or a loved one a Committed Member subscription is a great way to ensure that the Mus\u00e9e de la civilisation remains an inexhaustible source of discovery, reflection and wonder.<\/p>\n<h3 class=\"mt-60\">Benefits<\/h3>\n<p>As a member, you also benefit from discounts in other museums throughout Quebec, as well as with many of the Mus\u00e9e de la civilisation\u2019s partners.<\/p>\n<p>Exclusive benefits for Committed Members:<\/p>\n<ul>\n<li>Free and unlimited access to all exhibitions for you and a guest<\/li>\n<li>VIP invitations to inaugurations and special events<\/li>\n<li>ROAM access allowing you to visit more than <a href=\"https:\/\/sites.google.com\/site\/roammuseums\/home\" target=\"_blank\" rel=\"noopener\">300 museums in North America<\/a><\/li>\n<li>$100 tax receipt<\/li>\n<\/ul>\n<p><a class=\"bouton-noir\" href=\"\/visit\/memberships\/benefits-and-privileges\/\"> Explore all membership benefits <\/a><\/p>\n\n\n          <\/div>\n  <\/div>\n<\/div>\n\n  <div class=\"container block-texte-image\" >\n    <div class=\"row\">\n              <div class=\"col-md-6 d-flex align-items-center\">\n          <img decoding=\"async\" aria-hidden=\"true\" width=\"750\" height=\"580\" class=\"rounded img-fluid\" src=\"https:\/\/mcq.org\/wp-content\/uploads\/2023\/05\/famille-hall-750x580-1.jpg\" alt=\"Photographie en noir et blanc d&#039;une famille de deux parents et deux enfants qui regarde l&#039;ancien quai et la barque dans le Hall du Mus\u00e9e.\" \/>\n        <\/div>\n            <div class=\"col-md-6 promo-txt\">\n                  <p class=\"promo-accroche\">Become a Committed Member<\/p>\n                <h3 class=\"promo-title\">Add the Committed Member option when you purchase the membership of your choice, and voil\u00e0!<\/h3>\n        <p><a class=\"bouton-noir\" href=\"https:\/\/boutique.mcq.org\/memberships\">Committed Member<\/a><\/p>\n      <\/div>\n    <\/div>\n  <\/div>\n\n\n  <div class=\"container block-texte-image\" >\n    <div class=\"row\">\n              <div class=\"col-md-6 order-lg-2 d-flex align-items-center\">\n          <img decoding=\"async\" aria-hidden=\"true\" width=\"750\" height=\"580\" class=\"rounded img-fluid\" src=\"https:\/\/mcq.org\/wp-content\/uploads\/2023\/05\/enfants-sur-lac-virtuel-750x580-1.jpg\" alt=\"Quatre jeunes enfants s&#039;amuse \u00e0 essayer d&#039;attraper la neige et les poissons sur un lac virtuel.\" \/>\n        <\/div>\n            <div class=\"col-md-6 promo-txt\">\n                  <p class=\"promo-accroche\">A Mus\u00e9e that is accessible to all<\/p>\n                <h3 class=\"promo-title\">Learn more about the Fondation du Mus\u00e9e<\/h3>\n        <p><a class=\"bouton-noir\" href=\"\/support\/fondation\">Learn more<\/a><\/p>\n      <\/div>\n    <\/div>\n  <\/div>\n","protected":false},"excerpt":{"rendered":"","protected":false},"author":1,"featured_media":0,"parent":2329,"menu_order":0,"comment_status":"closed","ping_status":"closed","template":"","meta":{"_acf_changed":false,"footnotes":""},"page-tax":[256],"folder":[],"class_list":["post-2327","page","type-page","status-publish","hentry","page-tax-general-en"],"acf":[],"yoast_head":"<!-- This site is optimized with the Yoast SEO Premium plugin v27.3 (Yoast SEO v27.3) - https:\/\/yoast.com\/product\/yoast-seo-premium-wordpress\/ -->\n<title>Committed Membership | Mus\u00e9e de la civilisation<\/title>\n<meta name=\"description\" content=\"When you become a Committed Member, the Fondation du Mus\u00e9e will give an annual membership to a disadvantaged family.\" \/>\n<meta name=\"robots\" content=\"index, follow, max-snippet:-1, max-image-preview:large, max-video-preview:-1\" \/>\n<link rel=\"canonical\" href=\"https:\/\/mcq.org\/en\/support\/committed-membership\/\" \/>\n<meta property=\"og:locale\" content=\"en_US\" \/>\n<meta property=\"og:type\" content=\"article\" \/>\n<meta property=\"og:title\" content=\"Committed Membership | Mus\u00e9e de la civilisation\" \/>\n<meta property=\"og:description\" content=\"When you become a Committed Member, the Fondation du Mus\u00e9e will give an annual membership to a disadvantaged family.\" \/>\n<meta property=\"og:url\" content=\"https:\/\/mcq.org\/en\/support\/committed-membership\/\" \/>\n<meta property=\"og:site_name\" content=\"Mus\u00e9e de la civilisation\" \/>\n<meta property=\"article:publisher\" content=\"https:\/\/www.facebook.com\/mcqorg\" \/>\n<meta property=\"article:modified_time\" content=\"2025-10-10T16:29:53+00:00\" \/>\n<meta property=\"og:image\" content=\"https:\/\/mcq.org\/wp-content\/uploads\/2023\/04\/Visuel_Generique_OG_1200x675.jpg?ver=1682613626\" \/>\n\t<meta property=\"og:image:width\" content=\"1200\" \/>\n\t<meta property=\"og:image:height\" content=\"675\" \/>\n\t<meta property=\"og:image:type\" content=\"image\/jpeg\" \/>\n<meta name=\"twitter:card\" content=\"summary_large_image\" \/>\n<meta name=\"twitter:description\" content=\"When you become a Committed Member, the Fondation du Mus\u00e9e will give an annual membership to a disadvantaged family.\" \/>\n<meta name=\"twitter:site\" content=\"@mcqorg\" \/>\n<meta name=\"twitter:label1\" content=\"Est. reading time\" \/>\n\t<meta name=\"twitter:data1\" content=\"1 minute\" \/>\n<!-- \/ Yoast SEO Premium plugin. -->","yoast_head_json":{"title":"Committed Membership | Mus\u00e9e de la civilisation","description":"When you become a Committed Member, the Fondation du Mus\u00e9e will give an annual membership to a disadvantaged family.","robots":{"index":"index","follow":"follow","max-snippet":"max-snippet:-1","max-image-preview":"max-image-preview:large","max-video-preview":"max-video-preview:-1"},"canonical":"https:\/\/mcq.org\/en\/support\/committed-membership\/","og_locale":"en_US","og_type":"article","og_title":"Committed Membership | Mus\u00e9e de la civilisation","og_description":"When you become a Committed Member, the Fondation du Mus\u00e9e will give an annual membership to a disadvantaged family.","og_url":"https:\/\/mcq.org\/en\/support\/committed-membership\/","og_site_name":"Mus\u00e9e de la civilisation","article_publisher":"https:\/\/www.facebook.com\/mcqorg","article_modified_time":"2025-10-10T16:29:53+00:00","og_image":[{"width":1200,"height":675,"url":"https:\/\/mcq.org\/wp-content\/uploads\/2023\/04\/Visuel_Generique_OG_1200x675.jpg?ver=1682613626","type":"image\/jpeg"}],"twitter_card":"summary_large_image","twitter_description":"When you become a Committed Member, the Fondation du Mus\u00e9e will give an annual membership to a disadvantaged family.","twitter_site":"@mcqorg","twitter_misc":{"Est. reading time":"1 minute"},"schema":{"@context":"https:\/\/schema.org","@graph":[{"@type":"WebPage","@id":"https:\/\/mcq.org\/en\/support\/committed-membership\/","url":"https:\/\/mcq.org\/en\/support\/committed-membership\/","name":"Committed Membership | Mus\u00e9e de la civilisation","isPartOf":{"@id":"https:\/\/mcq.org\/en\/#website"},"datePublished":"2023-05-09T13:03:10+00:00","dateModified":"2025-10-10T16:29:53+00:00","description":"When you become a Committed Member, the Fondation du Mus\u00e9e will give an annual membership to a disadvantaged family.","breadcrumb":{"@id":"https:\/\/mcq.org\/en\/support\/committed-membership\/#breadcrumb"},"inLanguage":"en-US","potentialAction":[{"@type":"ReadAction","target":["https:\/\/mcq.org\/en\/support\/committed-membership\/"]}]},{"@type":"BreadcrumbList","@id":"https:\/\/mcq.org\/en\/support\/committed-membership\/#breadcrumb","itemListElement":[{"@type":"ListItem","position":1,"name":"Home","item":"https:\/\/mcq.org\/en\/"},{"@type":"ListItem","position":2,"name":"Support","item":"https:\/\/mcq.org\/en\/support\/"},{"@type":"ListItem","position":3,"name":"Committed Membership"}]},{"@type":"WebSite","@id":"https:\/\/mcq.org\/en\/#website","url":"https:\/\/mcq.org\/en\/","name":"Mus\u00e9e de la civilisation","description":"Le Mus\u00e9e de la civilisation explore les diff\u00e9rentes facettes de la r\u00e9alit\u00e9 humaine avec sa d\u00e9marche unique qui combine enchantement, connaissance et r\u00e9flexion.","publisher":{"@id":"https:\/\/mcq.org\/en\/#organization"},"alternateName":"MCQ","potentialAction":[{"@type":"SearchAction","target":{"@type":"EntryPoint","urlTemplate":"https:\/\/mcq.org\/en\/?s={search_term_string}"},"query-input":{"@type":"PropertyValueSpecification","valueRequired":true,"valueName":"search_term_string"}}],"inLanguage":"en-US"},{"@type":"Organization","@id":"https:\/\/mcq.org\/en\/#organization","name":"Mus\u00e9e de la civilisation","alternateName":"MCQ","url":"https:\/\/mcq.org\/en\/","logo":{"@type":"ImageObject","inLanguage":"en-US","@id":"https:\/\/mcq.org\/en\/#\/schema\/logo\/image\/","url":"https:\/\/mcq.org\/wp-content\/uploads\/2023\/04\/logo-mcq-300x123-1.png","contentUrl":"https:\/\/mcq.org\/wp-content\/uploads\/2023\/04\/logo-mcq-300x123-1.png","width":300,"height":123,"caption":"Mus\u00e9e de la civilisation"},"image":{"@id":"https:\/\/mcq.org\/en\/#\/schema\/logo\/image\/"},"sameAs":["https:\/\/www.facebook.com\/mcqorg","https:\/\/x.com\/mcqorg","https:\/\/www.instagram.com\/mcqorg\/","https:\/\/www.linkedin.com\/company\/mcqorg\/"]}]}},"_links":{"self":[{"href":"https:\/\/mcq.org\/en\/wp-json\/wp\/v2\/pages\/2327","targetHints":{"allow":["GET"]}}],"collection":[{"href":"https:\/\/mcq.org\/en\/wp-json\/wp\/v2\/pages"}],"about":[{"href":"https:\/\/mcq.org\/en\/wp-json\/wp\/v2\/types\/page"}],"author":[{"embeddable":true,"href":"https:\/\/mcq.org\/en\/wp-json\/wp\/v2\/users\/1"}],"replies":[{"embeddable":true,"href":"https:\/\/mcq.org\/en\/wp-json\/wp\/v2\/comments?post=2327"}],"version-history":[{"count":12,"href":"https:\/\/mcq.org\/en\/wp-json\/wp\/v2\/pages\/2327\/revisions"}],"predecessor-version":[{"id":27090,"href":"https:\/\/mcq.org\/en\/wp-json\/wp\/v2\/pages\/2327\/revisions\/27090"}],"up":[{"embeddable":true,"href":"https:\/\/mcq.org\/en\/wp-json\/wp\/v2\/pages\/2329"}],"wp:attachment":[{"href":"https:\/\/mcq.org\/en\/wp-json\/wp\/v2\/media?parent=2327"}],"wp:term":[{"taxonomy":"page-tax","embeddable":true,"href":"https:\/\/mcq.org\/en\/wp-json\/wp\/v2\/page-tax?post=2327"},{"taxonomy":"folder","embeddable":true,"href":"https:\/\/mcq.org\/en\/wp-json\/wp\/v2\/folder?post=2327"}],"curies":[{"name":"wp","href":"https:\/\/api.w.org\/{rel}","templated":true}]}}