{"id":2256,"date":"2023-05-08T15:50:52","date_gmt":"2023-05-08T19:50:52","guid":{"rendered":"https:\/\/prod.mcq.org\/visit\/memberships\/avantages-et-privileges\/"},"modified":"2026-04-14T14:38:10","modified_gmt":"2026-04-14T18:38:10","slug":"benefits-and-privileges","status":"publish","type":"page","link":"https:\/\/mcq.org\/en\/visit\/membership\/benefits-and-privileges\/","title":{"rendered":"Benefits and Privileges\u00a0"},"content":{"rendered":"<div  class=\"container contenu-centre\">\n  <div class=\"row justify-content-center\">\n    <div class=\"col-lg-10 col-xl-8\">\n      \n        \n\n<h2 class=\"mb-60\">Spoil yourself all year long!&nbsp;<\/h2>\n\n\n  <div class=\"accordion\" >\n    <!-- item -->\n    <div class=\"accordion-item\">\n      <span class=\"accordion-header\" id=\"panel-At-the-Muse\">\n        <button class=\"accordion-button \" type=\"button\" data-bs-toggle=\"collapse\" data-bs-target=\"#At-the-Muse\" aria-expanded=\"false\" aria-controls=\"panel-At-the-Muse\">\n          <span>At the Mus\u00e9e<\/span>\n        <\/button>\n      <\/span>\n      <div id=\"At-the-Muse\" class=\"accordion-collapse show  collapse\" aria-labelledby=\"panel-At-the-Muse\">\n        <div class=\"accordion-body\">\n          <ul>\n<li>Free and unlimited access to all exhibitions<\/li>\n<li>Priority access and service, every time you visit<\/li>\n<li>Free admission for one person accompanying a member on the second Thursday of each month. Valid for every type of membership<\/li>\n<li>15% discount at the Mus\u00e9e shop (restrictions may apply)<\/li>\n<li>$3 discount at INDIGO parking \u2013 Cruise Terminal (during the Museum&#8217;s usual opening hours, up to 3 times per year &#8211; coupons available at the ticket office). Exceptions apply at the discretion of the parking manager.<\/li>\n<li>Discounts on cultural programming and activities<\/li>\n<li>Exclusive monthly newsletter<\/li>\n<li>Personal invitation to exhibition openings<\/li>\n<li>10% off private room rentals<\/li>\n<li>Discounts at the Mus\u00e9e restaurant, Espace saveurs by Nollen : 15% off food and beverages, 2 for 1 on specialty coffees and teas (3 to 5 p.m. and an additional 5% off when you bring a reusable cup or use our dishware on site<\/li>\n<\/ul>\n        <\/div>\n      <\/div>\n    <\/div>\n    <!-- \/\/ item -->\n  <\/div>\n\n\n  <div class=\"accordion mt-60\" >\n    <!-- item -->\n    <div class=\"accordion-item\">\n      <span class=\"accordion-header\" id=\"panel-Partner-museums\">\n        <button class=\"accordion-button collapsed\" type=\"button\" data-bs-toggle=\"collapse\" data-bs-target=\"#Partner-museums\" aria-expanded=\"false\" aria-controls=\"panel-Partner-museums\">\n          <span>Partner museums<\/span>\n        <\/button>\n      <\/span>\n      <div id=\"Partner-museums\" class=\"accordion-collapse  collapse\" aria-labelledby=\"panel-Partner-museums\">\n        <div class=\"accordion-body\">\n          <p>Your membership card gives you 50% off admission at many other Qu\u00e9bec museums. Conditions may apply.<\/p>\n<p>Participating museums :<\/p>\n<ul>\n<li style=\"list-style-type: none;\">\n<ul>\n<li>Huron-Wendat Museum<\/li>\n<li>Mus\u00e9e national des beaux-arts du Qu\u00e9bec<\/li>\n<li>Montreal Museum of Fine Arts<\/li>\n<li>Pointe-\u00e0-Calli\u00e8re, Montr\u00e9al Archaeology and History Complex<\/li>\n<li>Mus\u00e9e d\u2019art contemporain de Baie-Saint-Paul<\/li>\n<li>Mus\u00e9e de Charlevoix<\/li>\n<li>Mus\u00e9e du Fjord<\/li>\n<li>Mus\u00e9e d\u2019art de Joliette<\/li>\n<li>Mus\u00e9e POP<\/li>\n<li>Mus\u00e9e r\u00e9gional de Rimouski<\/li>\n<\/ul>\n<\/li>\n<\/ul>\n<p>&nbsp;<\/p>\n        <\/div>\n      <\/div>\n    <\/div>\n    <!-- \/\/ item -->\n  <\/div>\n\n\n  <div class=\"accordion\" >\n    <!-- item -->\n    <div class=\"accordion-item\">\n      <span class=\"accordion-header\" id=\"panel-Music--\">\n        <button class=\"accordion-button collapsed\" type=\"button\" data-bs-toggle=\"collapse\" data-bs-target=\"#Music--\" aria-expanded=\"false\" aria-controls=\"panel-Music--\">\n          <span>Music  <\/span>\n        <\/button>\n      <\/span>\n      <div id=\"Music--\" class=\"accordion-collapse  collapse\" aria-labelledby=\"panel-Music--\">\n        <div class=\"accordion-body\">\n          <p><strong>Orchestre symphonique de Qu\u00e9bec <\/strong><br \/>\n20% off on 2025\u20132026 regular concerts presented at the Grand Th\u00e9\u00e2tre de Qu\u00e9bec exception of the serie <em>Matins en musique<\/em>, Family concerts and Special concerts. Upon presentation of a valid proof of membership.<\/p>\n<p><strong>Club musical de Qu\u00e9bec <\/strong><br \/>\n15% discount on single tickets (basic price for Section 1 of the main floor). Maximum of 2 tickets per concert (purchase at the Palais Montcalm only). Promotion applies to concerts in the subscription series only. \u00c9CLAT concerts and special events are excluded.<\/p>\n<p><strong>Les Violons du Roy <\/strong><br \/>\n15% off concerts presented at the Palais Montcalm<\/p>\n        <\/div>\n      <\/div>\n    <\/div>\n    <!-- \/\/ item -->\n  <\/div>\n\n\n  <div class=\"accordion\" >\n    <!-- item -->\n    <div class=\"accordion-item\">\n      <span class=\"accordion-header\" id=\"panel-Theatre\">\n        <button class=\"accordion-button collapsed\" type=\"button\" data-bs-toggle=\"collapse\" data-bs-target=\"#Theatre\" aria-expanded=\"false\" aria-controls=\"panel-Theatre\">\n          <span>Theatre\u00a0<\/span>\n        <\/button>\n      <\/span>\n      <div id=\"Theatre\" class=\"accordion-collapse  collapse\" aria-labelledby=\"panel-Theatre\">\n        <div class=\"accordion-body\">\n          <p><strong>Th\u00e9\u00e2tre La Bord\u00e9e <\/strong><br \/>\n10% off regulary priced tickets for La Bord\u00e9e productions<\/p>\n<p><strong>Th\u00e9\u00e2tre Le Trident <\/strong><br \/>\n15% off regularly priced adult tickets (2 tickets per production, except for additional shows) for the 2026\u20132027 season<\/p>\n<p><strong>La Caserne &#8211; sc\u00e8ne jeune public <\/strong><br \/>\n$3.50 discount on individual tickets ($21.50 instead of $25) for 2026-2027 regular season shows.<br \/>\n<a href=\"mailto:abonnement@mcq.org\">Write us<\/a> to get your promotional code.<\/p>\n        <\/div>\n      <\/div>\n    <\/div>\n    <!-- \/\/ item -->\n  <\/div>\n\n\n  <div class=\"accordion\" >\n    <!-- item -->\n    <div class=\"accordion-item\">\n      <span class=\"accordion-header\" id=\"panel-Restaurant-and-spa-\">\n        <button class=\"accordion-button collapsed\" type=\"button\" data-bs-toggle=\"collapse\" data-bs-target=\"#Restaurant-and-spa-\" aria-expanded=\"false\" aria-controls=\"panel-Restaurant-and-spa-\">\n          <span>Restaurant and spa <\/span>\n        <\/button>\n      <\/span>\n      <div id=\"Restaurant-and-spa-\" class=\"accordion-collapse  collapse\" aria-labelledby=\"panel-Restaurant-and-spa-\">\n        <div class=\"accordion-body\">\n          <p><strong>Strom spa nordique <\/strong><br \/>\nVarious privileges including discount up to 30% off. Mandatory purchase online before the visit to take advantage of promotional offers. <a href=\"mailto:abonnement@mcq.org\">Write us<\/a> to receive the web link.<\/p>\n<p><strong>Q-de-Sac Resto-Pub <\/strong><br \/>\n15% off food<\/p>\n        <\/div>\n      <\/div>\n    <\/div>\n    <!-- \/\/ item -->\n  <\/div>\n\n\n  <div class=\"accordion mb-30\" >\n    <!-- item -->\n    <div class=\"accordion-item\">\n      <span class=\"accordion-header\" id=\"panel-And-much-more\">\n        <button class=\"accordion-button collapsed\" type=\"button\" data-bs-toggle=\"collapse\" data-bs-target=\"#And-much-more\" aria-expanded=\"false\" aria-controls=\"panel-And-much-more\">\n          <span>And much more!<\/span>\n        <\/button>\n      <\/span>\n      <div id=\"And-much-more\" class=\"accordion-collapse  collapse\" aria-labelledby=\"panel-And-much-more\">\n        <div class=\"accordion-body\">\n          <p><strong>Aquarium du Qu\u00e9bec <\/strong><br \/>\n20% off regular price; excluding period between June 20 and September 15 (promo code MCQ20, online)<\/p>\n<p><strong>La Rotonde<\/strong><br \/>\n15% off regular price (max. 2 tickets per show); excluding co-presentation shows (promo code MCQ2526, online)<\/p>\n<p><strong>Les Grands Explorateurs<\/strong><br \/>\nSpecial rates on regular season memberships<\/p>\n<p><strong>Librairie Pantoute<\/strong><br \/>\n10% off regularly priced products<\/p>\n        <\/div>\n      <\/div>\n    <\/div>\n    <!-- \/\/ item -->\n  <\/div>\n\n\n\n<p>Offers valid until March 31, 2027, upon presentation of valid membership card. Subject to change without notice.<\/p>\n<p><a class=\"bouton-noir\" href=\"https:\/\/boutique.mcq.org\/memberships\">Become a member now<\/a><\/p>\n\n\n          <\/div>\n  <\/div>\n<\/div>","protected":false},"excerpt":{"rendered":"","protected":false},"author":1,"featured_media":0,"parent":2240,"menu_order":0,"comment_status":"closed","ping_status":"closed","template":"pages\/page-abonnement.php","meta":{"_acf_changed":false,"footnotes":""},"page-tax":[256],"folder":[],"class_list":["post-2256","page","type-page","status-publish","hentry","page-tax-general-en"],"acf":[],"yoast_head":"<!-- This site is optimized with the Yoast SEO Premium plugin v27.3 (Yoast SEO v27.3) - https:\/\/yoast.com\/product\/yoast-seo-premium-wordpress\/ -->\n<title>Benefits and Privileges\u00a0 - Membership | Mus\u00e9e de la civilisation<\/title>\n<meta name=\"description\" content=\"Becoming a member of the Mus\u00e9e de la civilisation means enjoying unlimited access to exhibitions and many exclusive advantages. Join now.\" \/>\n<meta name=\"robots\" content=\"index, follow, max-snippet:-1, max-image-preview:large, max-video-preview:-1\" \/>\n<link rel=\"canonical\" href=\"https:\/\/mcq.org\/en\/visit\/membership\/benefits-and-privileges\/\" \/>\n<meta property=\"og:locale\" content=\"en_US\" \/>\n<meta property=\"og:type\" content=\"article\" \/>\n<meta property=\"og:title\" content=\"Benefits and Privileges\u00a0 - Membership | Mus\u00e9e de la civilisation\" \/>\n<meta property=\"og:description\" content=\"Becoming a member of the Mus\u00e9e de la civilisation means enjoying unlimited access to exhibitions and many exclusive advantages. Join now.\" \/>\n<meta property=\"og:url\" content=\"https:\/\/mcq.org\/en\/visit\/membership\/benefits-and-privileges\/\" \/>\n<meta property=\"og:site_name\" content=\"Mus\u00e9e de la civilisation\" \/>\n<meta property=\"article:publisher\" content=\"https:\/\/www.facebook.com\/mcqorg\" \/>\n<meta property=\"article:modified_time\" content=\"2026-04-14T18:38:10+00:00\" \/>\n<meta property=\"og:image\" content=\"https:\/\/mcq.org\/wp-content\/uploads\/2023\/04\/Visuel_Generique_OG_1200x675.jpg?ver=1682613626\" \/>\n\t<meta property=\"og:image:width\" content=\"1200\" \/>\n\t<meta property=\"og:image:height\" content=\"675\" \/>\n\t<meta property=\"og:image:type\" content=\"image\/jpeg\" \/>\n<meta name=\"twitter:card\" content=\"summary_large_image\" \/>\n<meta name=\"twitter:title\" content=\"Benefits and Privileges\u00a0 - Membership | Mus\u00e9e de la civilisation\" \/>\n<meta name=\"twitter:description\" content=\"Becoming a member of the Mus\u00e9e de la civilisation means enjoying unlimited access to exhibitions and many exclusive advantages. Join now.\" \/>\n<meta name=\"twitter:site\" content=\"@mcqorg\" \/>\n<meta name=\"twitter:label1\" content=\"Est. reading time\" \/>\n\t<meta name=\"twitter:data1\" content=\"1 minute\" \/>\n<!-- \/ Yoast SEO Premium plugin. -->","yoast_head_json":{"title":"Benefits and Privileges\u00a0 - Membership | Mus\u00e9e de la civilisation","description":"Becoming a member of the Mus\u00e9e de la civilisation means enjoying unlimited access to exhibitions and many exclusive advantages. Join now.","robots":{"index":"index","follow":"follow","max-snippet":"max-snippet:-1","max-image-preview":"max-image-preview:large","max-video-preview":"max-video-preview:-1"},"canonical":"https:\/\/mcq.org\/en\/visit\/membership\/benefits-and-privileges\/","og_locale":"en_US","og_type":"article","og_title":"Benefits and Privileges\u00a0 - Membership | Mus\u00e9e de la civilisation","og_description":"Becoming a member of the Mus\u00e9e de la civilisation means enjoying unlimited access to exhibitions and many exclusive advantages. Join now.","og_url":"https:\/\/mcq.org\/en\/visit\/membership\/benefits-and-privileges\/","og_site_name":"Mus\u00e9e de la civilisation","article_publisher":"https:\/\/www.facebook.com\/mcqorg","article_modified_time":"2026-04-14T18:38:10+00:00","og_image":[{"width":1200,"height":675,"url":"https:\/\/mcq.org\/wp-content\/uploads\/2023\/04\/Visuel_Generique_OG_1200x675.jpg?ver=1682613626","type":"image\/jpeg"}],"twitter_card":"summary_large_image","twitter_title":"Benefits and Privileges\u00a0 - Membership | Mus\u00e9e de la civilisation","twitter_description":"Becoming a member of the Mus\u00e9e de la civilisation means enjoying unlimited access to exhibitions and many exclusive advantages. Join now.","twitter_site":"@mcqorg","twitter_misc":{"Est. reading time":"1 minute"},"schema":{"@context":"https:\/\/schema.org","@graph":[{"@type":"WebPage","@id":"https:\/\/mcq.org\/en\/visit\/membership\/benefits-and-privileges\/","url":"https:\/\/mcq.org\/en\/visit\/membership\/benefits-and-privileges\/","name":"Benefits and Privileges\u00a0 - Membership | Mus\u00e9e de la civilisation","isPartOf":{"@id":"https:\/\/mcq.org\/en\/#website"},"datePublished":"2023-05-08T19:50:52+00:00","dateModified":"2026-04-14T18:38:10+00:00","description":"Becoming a member of the Mus\u00e9e de la civilisation means enjoying unlimited access to exhibitions and many exclusive advantages. Join now.","breadcrumb":{"@id":"https:\/\/mcq.org\/en\/visit\/membership\/benefits-and-privileges\/#breadcrumb"},"inLanguage":"en-US","potentialAction":[{"@type":"ReadAction","target":["https:\/\/mcq.org\/en\/visit\/membership\/benefits-and-privileges\/"]}]},{"@type":"BreadcrumbList","@id":"https:\/\/mcq.org\/en\/visit\/membership\/benefits-and-privileges\/#breadcrumb","itemListElement":[{"@type":"ListItem","position":1,"name":"Home","item":"https:\/\/mcq.org\/en\/"},{"@type":"ListItem","position":2,"name":"Visit","item":"https:\/\/mcq.org\/en\/visit\/"},{"@type":"ListItem","position":3,"name":"Membership","item":"https:\/\/mcq.org\/en\/visit\/membership\/"},{"@type":"ListItem","position":4,"name":"Benefits and Privileges\u00a0"}]},{"@type":"WebSite","@id":"https:\/\/mcq.org\/en\/#website","url":"https:\/\/mcq.org\/en\/","name":"Mus\u00e9e de la civilisation","description":"Le Mus\u00e9e de la civilisation explore les diff\u00e9rentes facettes de la r\u00e9alit\u00e9 humaine avec sa d\u00e9marche unique qui combine enchantement, connaissance et r\u00e9flexion.","publisher":{"@id":"https:\/\/mcq.org\/en\/#organization"},"alternateName":"MCQ","potentialAction":[{"@type":"SearchAction","target":{"@type":"EntryPoint","urlTemplate":"https:\/\/mcq.org\/en\/?s={search_term_string}"},"query-input":{"@type":"PropertyValueSpecification","valueRequired":true,"valueName":"search_term_string"}}],"inLanguage":"en-US"},{"@type":"Organization","@id":"https:\/\/mcq.org\/en\/#organization","name":"Mus\u00e9e de la civilisation","alternateName":"MCQ","url":"https:\/\/mcq.org\/en\/","logo":{"@type":"ImageObject","inLanguage":"en-US","@id":"https:\/\/mcq.org\/en\/#\/schema\/logo\/image\/","url":"https:\/\/mcq.org\/wp-content\/uploads\/2023\/04\/logo-mcq-300x123-1.png","contentUrl":"https:\/\/mcq.org\/wp-content\/uploads\/2023\/04\/logo-mcq-300x123-1.png","width":300,"height":123,"caption":"Mus\u00e9e de la civilisation"},"image":{"@id":"https:\/\/mcq.org\/en\/#\/schema\/logo\/image\/"},"sameAs":["https:\/\/www.facebook.com\/mcqorg","https:\/\/x.com\/mcqorg","https:\/\/www.instagram.com\/mcqorg\/","https:\/\/www.linkedin.com\/company\/mcqorg\/"]}]}},"_links":{"self":[{"href":"https:\/\/mcq.org\/en\/wp-json\/wp\/v2\/pages\/2256","targetHints":{"allow":["GET"]}}],"collection":[{"href":"https:\/\/mcq.org\/en\/wp-json\/wp\/v2\/pages"}],"about":[{"href":"https:\/\/mcq.org\/en\/wp-json\/wp\/v2\/types\/page"}],"author":[{"embeddable":true,"href":"https:\/\/mcq.org\/en\/wp-json\/wp\/v2\/users\/1"}],"replies":[{"embeddable":true,"href":"https:\/\/mcq.org\/en\/wp-json\/wp\/v2\/comments?post=2256"}],"version-history":[{"count":50,"href":"https:\/\/mcq.org\/en\/wp-json\/wp\/v2\/pages\/2256\/revisions"}],"predecessor-version":[{"id":30068,"href":"https:\/\/mcq.org\/en\/wp-json\/wp\/v2\/pages\/2256\/revisions\/30068"}],"up":[{"embeddable":true,"href":"https:\/\/mcq.org\/en\/wp-json\/wp\/v2\/pages\/2240"}],"wp:attachment":[{"href":"https:\/\/mcq.org\/en\/wp-json\/wp\/v2\/media?parent=2256"}],"wp:term":[{"taxonomy":"page-tax","embeddable":true,"href":"https:\/\/mcq.org\/en\/wp-json\/wp\/v2\/page-tax?post=2256"},{"taxonomy":"folder","embeddable":true,"href":"https:\/\/mcq.org\/en\/wp-json\/wp\/v2\/folder?post=2256"}],"curies":[{"name":"wp","href":"https:\/\/api.w.org\/{rel}","templated":true}]}}