{"id":2240,"date":"2023-05-08T14:36:21","date_gmt":"2023-05-08T18:36:21","guid":{"rendered":"https:\/\/prod.mcq.org\/visit\/abonnements\/"},"modified":"2026-03-31T17:25:59","modified_gmt":"2026-03-31T21:25:59","slug":"membership","status":"publish","type":"page","link":"https:\/\/mcq.org\/en\/visit\/membership\/","title":{"rendered":"Membership"},"content":{"rendered":"<div  class=\"container contenu-centre\">\n  <div class=\"row justify-content-center\">\n    <div class=\"col-lg-10 col-xl-8\">\n      \n        \n\n<p>Becoming a member means enjoying unlimited access to exhibitions, special advantages, discounts with many partners, exclusive invitations and many other benefits.<\/p>\n<p>The Mus\u00e9e de la civilisation is an inexhaustible source of discovery, reflection and wonder. Our varied and constantly updated exhibitions and cultural and educational activities are all windows onto a better understanding of our ever-changing world.<\/p>\n<p>A membership to the Mus\u00e9e is a smart choice. It is a great way to support our institution while also enjoying our rich programming.<\/p>\n<p>The Mus\u00e9e de la civilisation is a place to be inspired and amazed, to learn and gather, to have fun and experience the world&#8230; together!<\/p>\n<h2 class=\"mt-60\">Becoming a member also means treating yourself!<\/h2>\n<p>Your purchase is worthwhile after just two visits to the Mus\u00e9e! A membership also gives you access to special discounts with many partners. So why not enjoy museums, theatre, music, restaurants, family activities and much more! Each membership comes with a variety of benefits. Check out all our exclusive advantages to learn the details and enjoy!<\/p>\n<p><a class=\"bouton-noir\" href=\"\/visit\/memberships\/benefits-and-privileges\/\">Explore membership benefits <\/a><\/p>\n<h2 class=\"mt-60\">Change how you see the world for as little as $40 a year!<\/h2>\n\n\n          <\/div>\n  <\/div>\n<\/div>\n\n<a id=\"tarifs\"><\/a>\n<div class=\"page-horaires-tarifs\">\n  <section class=\"tarifs\">\n    <div class=\"container tarifs-categorie text-center\">\n      <div class=\"row justify-content-md-center\">\n                  <div class=\"col-md-6 col-lg-4\">\n            <div class=\"rounded vert\">\n              <div class=\"titre-categorie\">\n                Membership              <\/div>\n              <ul class=\"categorie abonnement-2ans\">\n                <li>\n                  <span><\/span>\n                  <span>\n                    <b>1 year<\/b>\n                    <b>2 years<\/b>\n                  <\/span>\n                <\/li>\n                                    <li>\n                      <span>\n                        5 and under                      <\/span>\n                      <span>\n                        <b>Free<\/b>\n                        <b>Free<\/b>\n                      <\/span>\n                    <\/li>\n                                    <li>\n                      <span>\n                        6 to 11                      <\/span>\n                      <span>\n                        <b>n\/a<\/b>\n                        <b>n\/a<\/b>\n                      <\/span>\n                    <\/li>\n                                    <li>\n                      <span>\n                        12 to 17                      <\/span>\n                      <span>\n                        <b>$18<\/b>\n                        <b>$32<\/b>\n                      <\/span>\n                    <\/li>\n                                    <li>\n                      <span>\n                        18 to 34                      <\/span>\n                      <span>\n                        <b>$40<\/b>\n                        <b>$76<\/b>\n                      <\/span>\n                    <\/li>\n                                    <li>\n                      <span>\n                        35 to 64                      <\/span>\n                      <span>\n                        <b>$50<\/b>\n                        <b>$96<\/b>\n                      <\/span>\n                    <\/li>\n                                    <li>\n                      <span>\n                        65 and over                      <\/span>\n                      <span>\n                        <b>$48<\/b>\n                        <b>$92<\/b>\n                      <\/span>\n                    <\/li>\n                                    <li>\n                      <span>\n                        Family                           <br \/>\n                          <em>\n                            Two adults and an unlimited number of children under 17 years old                          <\/em>\n                                              <\/span>\n                      <span>\n                        <b>$106<\/b>\n                        <b>$200<\/b>\n                      <\/span>\n                    <\/li>\n                                    <li>\n                      <span>\n                        Single-parent family                          <br \/>\n                          <em>\n                            One adult and an unlimited number of children under 17 years old                          <\/em>\n                                              <\/span>\n                      <span>\n                        <b>$68<\/b>\n                        <b>$130<\/b>\n                      <\/span>\n                    <\/li>\n                              <\/ul>\n              <a href=\"https:\/\/boutique.mcq.org\/en_US\/memberships\" class=\"btn btn-white\"><span>Buy a<\/span> memberships<\/a>\n            <\/div>\n          <\/div>\n          <div class=\"col-md-6 col-lg-4\">\n            <div class=\"rounded grey-med\">\n              <div class=\"titre-categorie\">\n                Daily ticket              <\/div>\n              <ul class=\"categorie\">\n                <li>\n                  <span>\n                    Abonn\u00e9(e)s<\/span> <span>Free                  <\/span>\n                <\/li>\n                                    <li>\n                      <span>\n                        5 and under                      <\/span>\n                      <span>\n                        Free                      <\/span>\n                    <\/li>\n                                    <li>\n                      <span>\n                        6 to 11                      <\/span>\n                      <span>\n                        $6                      <\/span>\n                    <\/li>\n                                    <li>\n                      <span>\n                        12 to 17                      <\/span>\n                      <span>\n                        $10                      <\/span>\n                    <\/li>\n                                    <li>\n                      <span>\n                        18 to 34                      <\/span>\n                      <span>\n                        $22                      <\/span>\n                    <\/li>\n                                    <li>\n                      <span>\n                        35 to 64                      <\/span>\n                      <span>\n                        $27                      <\/span>\n                    <\/li>\n                                    <li>\n                      <span>\n                        65 and over                      <\/span>\n                      <span>\n                        $26                      <\/span>\n                    <\/li>\n                                    <li>\n                      <span>\n                        Family                           <br \/>\n                          <em>\n                            Two adults and an unlimited number of children under 17 years old                          <\/em>\n                                              <\/span>\n                      <span>\n                        $58                      <\/span>\n                    <\/li>\n                                    <li>\n                      <span>\n                        Single-parent family                          <br \/>\n                          <em>\n                            One adult and an unlimited number of children under 17 years old                          <\/em>\n                                              <\/span>\n                      <span>\n                        $37                      <\/span>\n                    <\/li>\n                              <\/ul>\n            <\/div>\n          <\/div>\n              <\/div>\n    <\/div>\n  <\/section>\n<\/div>\n\n  <div class=\"container block-texte-image\" >\n    <div class=\"row\">\n              <div class=\"col-md-6 d-flex align-items-center\">\n          <img decoding=\"async\" aria-hidden=\"true\" width=\"750\" height=\"580\" class=\"rounded img-fluid\" src=\"https:\/\/mcq.org\/wp-content\/uploads\/2023\/05\/abonnement_engage_750x580.jpg\" alt=\"Abonnement engag\u00e9\" \/>\n        <\/div>\n            <div class=\"col-md-6 promo-txt\">\n                <h3 class=\"promo-title\">Pay it forward by becoming a Committed Member<\/h3>\n        <p>When you become a Committed Member, the Fondation du Mus\u00e9e will give an annual membership to a disadvantaged family.<\/p>\n<p><a class=\"bouton-noir\" href=\"\/soutenir\/committed-membership\/\">Learn more<\/a><\/p>\n      <\/div>\n    <\/div>\n  <\/div>\n\n\n  <div class=\"container block-texte-image\" >\n    <div class=\"row\">\n              <div class=\"col-md-6 order-lg-2 d-flex align-items-center\">\n          <img decoding=\"async\" aria-hidden=\"true\" width=\"750\" height=\"580\" class=\"rounded img-fluid\" src=\"https:\/\/mcq.org\/wp-content\/uploads\/2023\/05\/abonnement_conjoint_750x580.jpg\" alt=\"Abonnement conjoint\" \/>\n        <\/div>\n            <div class=\"col-md-6 promo-txt\">\n                  <p class=\"promo-accroche\">One museum is good.<\/p>\n                <h3 class=\"promo-title\">But two is amazing! <\/h3>\n        <p><a href=\"https:\/\/www.mnbaq.org\/en\">The Mus\u00e9e national des beaux-arts du Qu\u00e9bec <\/a>and the Mus\u00e9e de la civilisation are joining forces so you can make the most of the rich programming at these two Qu\u00e9bec City institutions. Get 15% off when you purchase one-year memberships to both museums.<\/p>\n<p>To take advantage of this offer, contact us at 418-643-2158, ext. 114, or visit the ticket office of one of the two museums! <em>Certain conditions apply.<\/em><\/p>\n      <\/div>\n    <\/div>\n  <\/div>\n\n\n    <div class=\"container bloc-informations-utiles\">\n      <div class=\"row justify-content-md-center\">\n                  <div class=\"col-lg-6\">\n            <div class=\"inner\">\n                              <img decoding=\"async\" src=\"https:\/\/mcq.org\/wp-content\/uploads\/2023\/04\/ico-info-telephone.svg\" alt=\"T\u00e9l\u00e9phone\" aria-hidden=\"true\">\n                            <span class=\"info-utiles-title\">Questions?<\/span>\n              <p>For information on membership, contact the Information Team.<\/p>\n<p>Telephone : 418-643-2158, ext. 3<br \/>\nEmail : <a href=\"mailto:abonnement@mcq.org\">abonnement@mcq.org<\/a><br \/>\nSchedule : 8:30 a.m. to noon, and 1:00 to 4:30 p.m.<\/p>\n            <\/div>\n          <\/div>\n                  <div class=\"col-lg-6\">\n            <div class=\"inner\">\n                              <img decoding=\"async\" src=\"https:\/\/mcq.org\/wp-content\/uploads\/2023\/04\/ico-info-abonne.svg\" alt=\"Abonn\u00e9 combl\u00e9\" aria-hidden=\"true\">\n                            <span class=\"info-utiles-title\">Join now!<\/span>\n              <p>To purchase, renew or gift a membership, visit our online store.<\/p>\n<p><a class=\"bouton-noir\" href=\"https:\/\/boutique.mcq.org\/memberships\">Buy a membership<\/a><\/p>\n            <\/div>\n          <\/div>\n              <\/div>\n    <\/div>\n","protected":false},"excerpt":{"rendered":"","protected":false},"author":1,"featured_media":2055,"parent":416,"menu_order":0,"comment_status":"closed","ping_status":"closed","template":"","meta":{"_acf_changed":false,"footnotes":""},"page-tax":[256],"folder":[],"class_list":["post-2240","page","type-page","status-publish","has-post-thumbnail","hentry","page-tax-general-en"],"acf":[],"yoast_head":"<!-- This site is optimized with the Yoast SEO Premium plugin v27.3 (Yoast SEO v27.3) - https:\/\/yoast.com\/product\/yoast-seo-premium-wordpress\/ -->\n<title>Membership - Get unlimited access | Mus\u00e9e de la civilisation<\/title>\n<meta name=\"description\" content=\"Mus\u00e9e de la civilisation members enjoy unlimited access to exhibitions as well as many exclusive benefits. Sign up now.\" \/>\n<meta name=\"robots\" content=\"index, follow, max-snippet:-1, max-image-preview:large, max-video-preview:-1\" \/>\n<link rel=\"canonical\" href=\"https:\/\/mcq.org\/en\/visit\/membership\/\" \/>\n<meta property=\"og:locale\" content=\"en_US\" \/>\n<meta property=\"og:type\" content=\"article\" \/>\n<meta property=\"og:title\" content=\"Membership | Mus\u00e9e de la civilisation\" \/>\n<meta property=\"og:description\" content=\"Mus\u00e9e de la civilisation members enjoy unlimited access to exhibitions as well as many exclusive benefits. Sign up now.\" \/>\n<meta property=\"og:url\" content=\"https:\/\/mcq.org\/en\/visit\/membership\/\" \/>\n<meta property=\"og:site_name\" content=\"Mus\u00e9e de la civilisation\" \/>\n<meta property=\"article:publisher\" content=\"https:\/\/www.facebook.com\/mcqorg\" \/>\n<meta property=\"article:modified_time\" content=\"2026-03-31T21:25:59+00:00\" \/>\n<meta property=\"og:image\" content=\"https:\/\/mcq.org\/wp-content\/uploads\/2023\/05\/abonnement_engage_750x580.jpg\" \/>\n\t<meta property=\"og:image:width\" content=\"750\" \/>\n\t<meta property=\"og:image:height\" content=\"580\" \/>\n\t<meta property=\"og:image:type\" content=\"image\/jpeg\" \/>\n<meta name=\"twitter:card\" content=\"summary_large_image\" \/>\n<meta name=\"twitter:title\" content=\"Membership | Mus\u00e9e de la civilisation\" \/>\n<meta name=\"twitter:description\" content=\"Mus\u00e9e de la civilisation members enjoy unlimited access to exhibitions as well as many exclusive benefits. Sign up now.\" \/>\n<meta name=\"twitter:site\" content=\"@mcqorg\" \/>\n<meta name=\"twitter:label1\" content=\"Est. reading time\" \/>\n\t<meta name=\"twitter:data1\" content=\"2 minutes\" \/>\n<!-- \/ Yoast SEO Premium plugin. -->","yoast_head_json":{"title":"Membership - Get unlimited access | Mus\u00e9e de la civilisation","description":"Mus\u00e9e de la civilisation members enjoy unlimited access to exhibitions as well as many exclusive benefits. Sign up now.","robots":{"index":"index","follow":"follow","max-snippet":"max-snippet:-1","max-image-preview":"max-image-preview:large","max-video-preview":"max-video-preview:-1"},"canonical":"https:\/\/mcq.org\/en\/visit\/membership\/","og_locale":"en_US","og_type":"article","og_title":"Membership | Mus\u00e9e de la civilisation","og_description":"Mus\u00e9e de la civilisation members enjoy unlimited access to exhibitions as well as many exclusive benefits. Sign up now.","og_url":"https:\/\/mcq.org\/en\/visit\/membership\/","og_site_name":"Mus\u00e9e de la civilisation","article_publisher":"https:\/\/www.facebook.com\/mcqorg","article_modified_time":"2026-03-31T21:25:59+00:00","og_image":[{"width":750,"height":580,"url":"https:\/\/mcq.org\/wp-content\/uploads\/2023\/05\/abonnement_engage_750x580.jpg","type":"image\/jpeg"}],"twitter_card":"summary_large_image","twitter_title":"Membership | Mus\u00e9e de la civilisation","twitter_description":"Mus\u00e9e de la civilisation members enjoy unlimited access to exhibitions as well as many exclusive benefits. Sign up now.","twitter_site":"@mcqorg","twitter_misc":{"Est. reading time":"2 minutes"},"schema":{"@context":"https:\/\/schema.org","@graph":[{"@type":"WebPage","@id":"https:\/\/mcq.org\/en\/visit\/membership\/","url":"https:\/\/mcq.org\/en\/visit\/membership\/","name":"Membership - Get unlimited access | Mus\u00e9e de la civilisation","isPartOf":{"@id":"https:\/\/mcq.org\/en\/#website"},"primaryImageOfPage":{"@id":"https:\/\/mcq.org\/en\/visit\/membership\/#primaryimage"},"image":{"@id":"https:\/\/mcq.org\/en\/visit\/membership\/#primaryimage"},"thumbnailUrl":"https:\/\/mcq.org\/wp-content\/uploads\/2023\/05\/abonnement_engage_750x580.jpg","datePublished":"2023-05-08T18:36:21+00:00","dateModified":"2026-03-31T21:25:59+00:00","description":"Mus\u00e9e de la civilisation members enjoy unlimited access to exhibitions as well as many exclusive benefits. Sign up now.","breadcrumb":{"@id":"https:\/\/mcq.org\/en\/visit\/membership\/#breadcrumb"},"inLanguage":"en-US","potentialAction":[{"@type":"ReadAction","target":["https:\/\/mcq.org\/en\/visit\/membership\/"]}]},{"@type":"ImageObject","inLanguage":"en-US","@id":"https:\/\/mcq.org\/en\/visit\/membership\/#primaryimage","url":"https:\/\/mcq.org\/wp-content\/uploads\/2023\/05\/abonnement_engage_750x580.jpg","contentUrl":"https:\/\/mcq.org\/wp-content\/uploads\/2023\/05\/abonnement_engage_750x580.jpg","width":750,"height":580,"caption":"Abonnement engag\u00e9"},{"@type":"BreadcrumbList","@id":"https:\/\/mcq.org\/en\/visit\/membership\/#breadcrumb","itemListElement":[{"@type":"ListItem","position":1,"name":"Home","item":"https:\/\/mcq.org\/en\/"},{"@type":"ListItem","position":2,"name":"Visit","item":"https:\/\/mcq.org\/en\/visit\/"},{"@type":"ListItem","position":3,"name":"Membership"}]},{"@type":"WebSite","@id":"https:\/\/mcq.org\/en\/#website","url":"https:\/\/mcq.org\/en\/","name":"Mus\u00e9e de la civilisation","description":"Le Mus\u00e9e de la civilisation explore les diff\u00e9rentes facettes de la r\u00e9alit\u00e9 humaine avec sa d\u00e9marche unique qui combine enchantement, connaissance et r\u00e9flexion.","publisher":{"@id":"https:\/\/mcq.org\/en\/#organization"},"alternateName":"MCQ","potentialAction":[{"@type":"SearchAction","target":{"@type":"EntryPoint","urlTemplate":"https:\/\/mcq.org\/en\/?s={search_term_string}"},"query-input":{"@type":"PropertyValueSpecification","valueRequired":true,"valueName":"search_term_string"}}],"inLanguage":"en-US"},{"@type":"Organization","@id":"https:\/\/mcq.org\/en\/#organization","name":"Mus\u00e9e de la civilisation","alternateName":"MCQ","url":"https:\/\/mcq.org\/en\/","logo":{"@type":"ImageObject","inLanguage":"en-US","@id":"https:\/\/mcq.org\/en\/#\/schema\/logo\/image\/","url":"https:\/\/mcq.org\/wp-content\/uploads\/2023\/04\/logo-mcq-300x123-1.png","contentUrl":"https:\/\/mcq.org\/wp-content\/uploads\/2023\/04\/logo-mcq-300x123-1.png","width":300,"height":123,"caption":"Mus\u00e9e de la civilisation"},"image":{"@id":"https:\/\/mcq.org\/en\/#\/schema\/logo\/image\/"},"sameAs":["https:\/\/www.facebook.com\/mcqorg","https:\/\/x.com\/mcqorg","https:\/\/www.instagram.com\/mcqorg\/","https:\/\/www.linkedin.com\/company\/mcqorg\/"]}]}},"_links":{"self":[{"href":"https:\/\/mcq.org\/en\/wp-json\/wp\/v2\/pages\/2240","targetHints":{"allow":["GET"]}}],"collection":[{"href":"https:\/\/mcq.org\/en\/wp-json\/wp\/v2\/pages"}],"about":[{"href":"https:\/\/mcq.org\/en\/wp-json\/wp\/v2\/types\/page"}],"author":[{"embeddable":true,"href":"https:\/\/mcq.org\/en\/wp-json\/wp\/v2\/users\/1"}],"replies":[{"embeddable":true,"href":"https:\/\/mcq.org\/en\/wp-json\/wp\/v2\/comments?post=2240"}],"version-history":[{"count":30,"href":"https:\/\/mcq.org\/en\/wp-json\/wp\/v2\/pages\/2240\/revisions"}],"predecessor-version":[{"id":29975,"href":"https:\/\/mcq.org\/en\/wp-json\/wp\/v2\/pages\/2240\/revisions\/29975"}],"up":[{"embeddable":true,"href":"https:\/\/mcq.org\/en\/wp-json\/wp\/v2\/pages\/416"}],"wp:featuredmedia":[{"embeddable":true,"href":"https:\/\/mcq.org\/en\/wp-json\/wp\/v2\/media\/2055"}],"wp:attachment":[{"href":"https:\/\/mcq.org\/en\/wp-json\/wp\/v2\/media?parent=2240"}],"wp:term":[{"taxonomy":"page-tax","embeddable":true,"href":"https:\/\/mcq.org\/en\/wp-json\/wp\/v2\/page-tax?post=2240"},{"taxonomy":"folder","embeddable":true,"href":"https:\/\/mcq.org\/en\/wp-json\/wp\/v2\/folder?post=2240"}],"curies":[{"name":"wp","href":"https:\/\/api.w.org\/{rel}","templated":true}]}}