{"id":2017,"date":"2023-05-05T13:09:04","date_gmt":"2023-05-05T17:09:04","guid":{"rendered":"https:\/\/prod.mcq.org\/about-us\/nous-joindre\/"},"modified":"2026-03-02T09:21:27","modified_gmt":"2026-03-02T14:21:27","slug":"contact-us","status":"publish","type":"page","link":"https:\/\/mcq.org\/en\/about-us\/contact-us\/","title":{"rendered":"Contact Us"},"content":{"rendered":"<div  class=\"container contenu-centre\">\n  <div class=\"row justify-content-center\">\n    <div class=\"col-lg-10 col-xl-8\">\n      \n        \n\n<p>If you have questions or comments, please feel free to contact a staff member in one of the Mus\u00e9e de la civilisation\u2019s various departments.<\/p>\n\n\n          <\/div>\n  <\/div>\n<\/div>\n\n    <div class=\"container bloc-informations-utiles\">\n      <div class=\"row justify-content-md-center\">\n                  <div class=\"col-lg-6\">\n            <div class=\"inner\">\n                              <img decoding=\"async\" src=\"https:\/\/mcq.org\/wp-content\/uploads\/2023\/04\/ico-info-telephone.svg\" alt=\"T\u00e9l\u00e9phone\" aria-hidden=\"true\">\n                            <span class=\"info-utiles-title\">Information\u00a0<\/span>\n              <p>Email : <a href=\"mailto:renseignements@mcq.org\">renseignements@mcq.org <\/a><br \/>\nTelephone : 418-643\u20132158<br \/>\nToll-free : 1-866-710-8031<\/p>\n            <\/div>\n          <\/div>\n                  <div class=\"col-lg-6\">\n            <div class=\"inner\">\n                              <img decoding=\"async\" src=\"https:\/\/mcq.org\/wp-content\/uploads\/2023\/04\/ico-info-direction.svg\" alt=\"Direction\" aria-hidden=\"true\">\n                            <span class=\"info-utiles-title\">Address\u00a0<\/span>\n              <p>The Mus\u00e9e : 85 Dalhousie Street, Qu\u00e9bec City, QC G1K 8R2<br \/>\nDelivery : 16 De la Barricade Street, Qu\u00e9bec City, QC G1K 8W9<\/p>\n            <\/div>\n          <\/div>\n              <\/div>\n    <\/div>\n\n\n<div  class=\"container contenu-centre\">\n  <div class=\"row justify-content-center\">\n    <div class=\"col-lg-10 col-xl-8\">\n      \n        \n  <div class=\"accordion\" >\n    <!-- item -->\n    <div class=\"accordion-item\">\n      <span class=\"accordion-header\" id=\"panel-Administration\">\n        <button class=\"accordion-button collapsed\" type=\"button\" data-bs-toggle=\"collapse\" data-bs-target=\"#Administration\" aria-expanded=\"false\" aria-controls=\"panel-Administration\">\n          <span>Administration<\/span>\n        <\/button>\n      <\/span>\n      <div id=\"Administration\" class=\"accordion-collapse  collapse\" aria-labelledby=\"panel-Administration\">\n        <div class=\"accordion-body\">\n          <p>Supplier information : <a href=\"mailto:tdube@mcq.org\">tdube@mcq.org <\/a><br \/>\nFinance : <a href=\"mailto:mcq.finances@mcq.org\">mcq.finances@mcq.org<\/a><br \/>\nSecurity : <a href=\"mailto:securite@mcq.org\">securite@mcq.org<\/a><\/p>\n        <\/div>\n      <\/div>\n    <\/div>\n    <!-- \/\/ item -->\n  <\/div>\n\n\n  <div class=\"accordion\" >\n    <!-- item -->\n    <div class=\"accordion-item\">\n      <span class=\"accordion-header\" id=\"panel-Collections\">\n        <button class=\"accordion-button collapsed\" type=\"button\" data-bs-toggle=\"collapse\" data-bs-target=\"#Collections\" aria-expanded=\"false\" aria-controls=\"panel-Collections\">\n          <span>Collections<\/span>\n        <\/button>\n      <\/span>\n      <div id=\"Collections\" class=\"accordion-collapse  collapse\" aria-labelledby=\"panel-Collections\">\n        <div class=\"accordion-body\">\n          <p>Collections, historical archives and library : <a href=\"mailto:renseignements@mcq.org\">renseignements@mcq.org<\/a><br \/>\nConsultation hall : <a href=\"mailto:renseignements@mcq.org\">renseignements@mcq.org<\/a><br \/>\nCopyright : <a href=\"mailto:droitdauteur@mcq.org\">droitdauteur@mcq.org<\/a><\/p>\n        <\/div>\n      <\/div>\n    <\/div>\n    <!-- \/\/ item -->\n  <\/div>\n\n\n  <div class=\"accordion\" >\n    <!-- item -->\n    <div class=\"accordion-item\">\n      <span class=\"accordion-header\" id=\"panel-Communications-and-Development\">\n        <button class=\"accordion-button collapsed\" type=\"button\" data-bs-toggle=\"collapse\" data-bs-target=\"#Communications-and-Development\" aria-expanded=\"false\" aria-controls=\"panel-Communications-and-Development\">\n          <span>Communications and Development<\/span>\n        <\/button>\n      <\/span>\n      <div id=\"Communications-and-Development\" class=\"accordion-collapse  collapse\" aria-labelledby=\"panel-Communications-and-Development\">\n        <div class=\"accordion-body\">\n          <p>Press Relations : <a href=\"mailto:adufour@mcq.org\">adufour@mcq.org<\/a> \/ <a href=\"mailto:asdesmeules@mcq.org\">asdesmeules@mcq.org<\/a><br \/>\nSponsorship requests : <a href=\"mailto:commandites@mcq.org\">commandites@mcq.org<\/a><br \/>\nWebsite : <a href=\"mailto:webmestre@mcq.org\">webmestre@mcq.org<\/a><\/p>\n        <\/div>\n      <\/div>\n    <\/div>\n    <!-- \/\/ item -->\n  <\/div>\n\n\n  <div class=\"accordion\" >\n    <!-- item -->\n    <div class=\"accordion-item\">\n      <span class=\"accordion-header\" id=\"panel-Choeur-du-Muse\">\n        <button class=\"accordion-button collapsed\" type=\"button\" data-bs-toggle=\"collapse\" data-bs-target=\"#Choeur-du-Muse\" aria-expanded=\"false\" aria-controls=\"panel-Choeur-du-Muse\">\n          <span>Choeur du Mus\u00e9e<\/span>\n        <\/button>\n      <\/span>\n      <div id=\"Choeur-du-Muse\" class=\"accordion-collapse  collapse\" aria-labelledby=\"panel-Choeur-du-Muse\">\n        <div class=\"accordion-body\">\n          <p>Visit the Choeur du Mus\u00e9e de la civilisation <a href=\"https:\/\/www.choeurmuseecivilisation.com\/coordonnees\">website<\/a><\/p>\n        <\/div>\n      <\/div>\n    <\/div>\n    <!-- \/\/ item -->\n  <\/div>\n\n\n  <div class=\"accordion\" >\n    <!-- item -->\n    <div class=\"accordion-item\">\n      <span class=\"accordion-header\" id=\"panel-Diversity-equity-and-inclusion\">\n        <button class=\"accordion-button collapsed\" type=\"button\" data-bs-toggle=\"collapse\" data-bs-target=\"#Diversity-equity-and-inclusion\" aria-expanded=\"false\" aria-controls=\"panel-Diversity-equity-and-inclusion\">\n          <span>Diversity, equity and inclusion<\/span>\n        <\/button>\n      <\/span>\n      <div id=\"Diversity-equity-and-inclusion\" class=\"accordion-collapse  collapse\" aria-labelledby=\"panel-Diversity-equity-and-inclusion\">\n        <div class=\"accordion-body\">\n          <p>Complaint regarding diversity, equity and inclusion : <a href=\"mailto:plainte-edi@mcq.org\">plainte-<span data-markjs=\"true\">edi<\/span>@mcq.org<\/a><\/p>\n<p>Comments and suggestion on diversity, equity and inclusion\u00a0: <a href=\"mailto:edi@mcq.org\"><span data-markjs=\"true\">edi<\/span>@mcq.org<\/a><\/p>\n        <\/div>\n      <\/div>\n    <\/div>\n    <!-- \/\/ item -->\n  <\/div>\n\n\n  <div class=\"accordion\" >\n    <!-- item -->\n    <div class=\"accordion-item\">\n      <span class=\"accordion-header\" id=\"panel-Espace-saveurs-by-Nollen-\">\n        <button class=\"accordion-button collapsed\" type=\"button\" data-bs-toggle=\"collapse\" data-bs-target=\"#Espace-saveurs-by-Nollen-\" aria-expanded=\"false\" aria-controls=\"panel-Espace-saveurs-by-Nollen-\">\n          <span>Espace saveurs by Nollen <\/span>\n        <\/button>\n      <\/span>\n      <div id=\"Espace-saveurs-by-Nollen-\" class=\"accordion-collapse  collapse\" aria-labelledby=\"panel-Espace-saveurs-by-Nollen-\">\n        <div class=\"accordion-body\">\n          <p>Email : <a href=\"mailto:info@nollen.ca\">info@nollen.ca<\/a><\/p>\n        <\/div>\n      <\/div>\n    <\/div>\n    <!-- \/\/ item -->\n  <\/div>\n\n\n  <div class=\"accordion\" >\n    <!-- item -->\n    <div class=\"accordion-item\">\n      <span class=\"accordion-header\" id=\"panel-Human-Resources\">\n        <button class=\"accordion-button collapsed\" type=\"button\" data-bs-toggle=\"collapse\" data-bs-target=\"#Human-Resources\" aria-expanded=\"false\" aria-controls=\"panel-Human-Resources\">\n          <span>Human Resources<\/span>\n        <\/button>\n      <\/span>\n      <div id=\"Human-Resources\" class=\"accordion-collapse  collapse\" aria-labelledby=\"panel-Human-Resources\">\n        <div class=\"accordion-body\">\n          <p>Visit the <a href=\"\/en\/careers\/a-career-at-the-musee\/\">Careers<\/a> section of our website<\/p>\n        <\/div>\n      <\/div>\n    <\/div>\n    <!-- \/\/ item -->\n  <\/div>\n\n\n  <div class=\"accordion\" >\n    <!-- item -->\n    <div class=\"accordion-item\">\n      <span class=\"accordion-header\" id=\"panel-Private-parties-and-space-rental\">\n        <button class=\"accordion-button collapsed\" type=\"button\" data-bs-toggle=\"collapse\" data-bs-target=\"#Private-parties-and-space-rental\" aria-expanded=\"false\" aria-controls=\"panel-Private-parties-and-space-rental\">\n          <span>Private parties and space rental\u00a0<\/span>\n        <\/button>\n      <\/span>\n      <div id=\"Private-parties-and-space-rental\" class=\"accordion-collapse  collapse\" aria-labelledby=\"panel-Private-parties-and-space-rental\">\n        <div class=\"accordion-body\">\n          <p>Telephone : 418-643-2158, option 4<br \/>\nToll-free : 1-866-710-8031<br \/>\nEmail: <a href=\"mailto:location@mcq.org\">location@mcq.org<\/a><\/p>\n        <\/div>\n      <\/div>\n    <\/div>\n    <!-- \/\/ item -->\n  <\/div>\n\n\n  <div class=\"accordion\" >\n    <!-- item -->\n    <div class=\"accordion-item\">\n      <span class=\"accordion-header\" id=\"panel-Programming\">\n        <button class=\"accordion-button collapsed\" type=\"button\" data-bs-toggle=\"collapse\" data-bs-target=\"#Programming\" aria-expanded=\"false\" aria-controls=\"panel-Programming\">\n          <span>Programming\u00a0<\/span>\n        <\/button>\n      <\/span>\n      <div id=\"Programming\" class=\"accordion-collapse  collapse\" aria-labelledby=\"panel-Programming\">\n        <div class=\"accordion-body\">\n          <p>Cultural mediation : <a href=\"mailto:mediation@mcq.org\">mediation@mcq.org<\/a><br \/>\nEducational mediation : <a href=\"mailto:education@mcq.org\">education@mcq.org<\/a><br \/>\nTravelling exhibitions : <a href=\"mailto:rayonnement@mcq.org\">rayonnement@mcq.org<\/a><br \/>\nSubmit a project : <a title=\"mailto:projets@mcq.org\" href=\"mailto:projets@mcq.org\" data-outlook-id=\"2969385e-afbf-447e-80eb-0e5a9d5fe4f6\">projets@mcq.org<\/a><\/p>\n        <\/div>\n      <\/div>\n    <\/div>\n    <!-- \/\/ item -->\n  <\/div>\n\n\n  <div class=\"accordion\" >\n    <!-- item -->\n    <div class=\"accordion-item\">\n      <span class=\"accordion-header\" id=\"panel-The-Fondation-du-Muse-de-la-civilisation-\">\n        <button class=\"accordion-button collapsed\" type=\"button\" data-bs-toggle=\"collapse\" data-bs-target=\"#The-Fondation-du-Muse-de-la-civilisation-\" aria-expanded=\"false\" aria-controls=\"panel-The-Fondation-du-Muse-de-la-civilisation-\">\n          <span>The Fondation du Mus\u00e9e de la civilisation <\/span>\n        <\/button>\n      <\/span>\n      <div id=\"The-Fondation-du-Muse-de-la-civilisation-\" class=\"accordion-collapse  collapse\" aria-labelledby=\"panel-The-Fondation-du-Muse-de-la-civilisation-\">\n        <div class=\"accordion-body\">\n          <p>Telephone : 581-318\u20132162<br \/>\nEmail : <a href=\"mailto:fondation@mcq.org\">fondation@mcq.org <\/a><\/p>\n        <\/div>\n      <\/div>\n    <\/div>\n    <!-- \/\/ item -->\n  <\/div>\n\n\n  <div class=\"accordion\" >\n    <!-- item -->\n    <div class=\"accordion-item\">\n      <span class=\"accordion-header\" id=\"panel-Subscriptions\">\n        <button class=\"accordion-button collapsed\" type=\"button\" data-bs-toggle=\"collapse\" data-bs-target=\"#Subscriptions\" aria-expanded=\"false\" aria-controls=\"panel-Subscriptions\">\n          <span>Subscriptions\u00a0\u00a0<\/span>\n        <\/button>\n      <\/span>\n      <div id=\"Subscriptions\" class=\"accordion-collapse  collapse\" aria-labelledby=\"panel-Subscriptions\">\n        <div class=\"accordion-body\">\n          <p>Telephone : 418-643-2158, ext. 3<br \/>\nEmail : <a href=\"mailto:abonnement@mcq.org\">abonnement@mcq.org<\/a><\/p>\n        <\/div>\n      <\/div>\n    <\/div>\n    <!-- \/\/ item -->\n  <\/div>\n\n\n  <div class=\"accordion\" >\n    <!-- item -->\n    <div class=\"accordion-item\">\n      <span class=\"accordion-header\" id=\"panel-The-Muse-shop--\">\n        <button class=\"accordion-button collapsed\" type=\"button\" data-bs-toggle=\"collapse\" data-bs-target=\"#The-Muse-shop--\" aria-expanded=\"false\" aria-controls=\"panel-The-Muse-shop--\">\n          <span>The Mus\u00e9e shop  <\/span>\n        <\/button>\n      <\/span>\n      <div id=\"The-Muse-shop--\" class=\"accordion-collapse  collapse\" aria-labelledby=\"panel-The-Muse-shop--\">\n        <div class=\"accordion-body\">\n          <p>Telephone : 418-643\u20139859<br \/>\nToll-free : 1-866-710-8031<br \/>\nEmail : <a href=\"mailto:boutique@mcq.org\">boutique@mcq.org<\/a><\/p>\n        <\/div>\n      <\/div>\n    <\/div>\n    <!-- \/\/ item -->\n  <\/div>\n\n\n  <div class=\"accordion mb-90\" >\n    <!-- item -->\n    <div class=\"accordion-item\">\n      <span class=\"accordion-header\" id=\"panel-Volunteer\">\n        <button class=\"accordion-button collapsed\" type=\"button\" data-bs-toggle=\"collapse\" data-bs-target=\"#Volunteer\" aria-expanded=\"false\" aria-controls=\"panel-Volunteer\">\n          <span>Volunteer<\/span>\n        <\/button>\n      <\/span>\n      <div id=\"Volunteer\" class=\"accordion-collapse  collapse\" aria-labelledby=\"panel-Volunteer\">\n        <div class=\"accordion-body\">\n          <p>Volunteer Coordinator : <a href=\"mailto:cgoulet@mcq.org\">cgoulet@mcq.org<\/a><br \/>\nTelephone : 418 643-2158, ext. 407 <\/p>\n        <\/div>\n      <\/div>\n    <\/div>\n    <!-- \/\/ item -->\n  <\/div>\n\n\n\n<p>To email Mus\u00e9e de la civilisation staff, type the staff member\u2019s first name, followed by a period (.), followed by the full last name (in lower case and without accents) followed by @mcq.org.<\/p>\n<p>For example, if you want to reach Jane Smith, write to jane.smith@mcq.org.<\/p>\n\n\n          <\/div>\n  <\/div>\n<\/div>","protected":false},"excerpt":{"rendered":"","protected":false},"author":1,"featured_media":0,"parent":1241,"menu_order":0,"comment_status":"closed","ping_status":"closed","template":"","meta":{"_acf_changed":false,"footnotes":""},"page-tax":[256],"folder":[],"class_list":["post-2017","page","type-page","status-publish","hentry","page-tax-general-en"],"acf":[],"yoast_head":"<!-- This site is optimized with the Yoast SEO Premium plugin v27.3 (Yoast SEO v27.3) - https:\/\/yoast.com\/product\/yoast-seo-premium-wordpress\/ -->\n<title>Contact Us | Mus\u00e9e de la civilisation<\/title>\n<meta name=\"description\" content=\"Browse our directory of the Mus\u00e9e de la civilisation\u2019s various teams and services to find the person that can help with your inquiry.\" \/>\n<meta name=\"robots\" content=\"index, follow, max-snippet:-1, max-image-preview:large, max-video-preview:-1\" \/>\n<link rel=\"canonical\" href=\"https:\/\/mcq.org\/en\/about-us\/contact-us\/\" \/>\n<meta property=\"og:locale\" content=\"en_US\" \/>\n<meta property=\"og:type\" content=\"article\" \/>\n<meta property=\"og:title\" content=\"Contact Us | Mus\u00e9e de la civilisation\" \/>\n<meta property=\"og:description\" content=\"Browse our directory of the Mus\u00e9e de la civilisation\u2019s various teams and services to find the person that can help with your inquiry.\" \/>\n<meta property=\"og:url\" content=\"https:\/\/mcq.org\/en\/about-us\/contact-us\/\" \/>\n<meta property=\"og:site_name\" content=\"Mus\u00e9e de la civilisation\" \/>\n<meta property=\"article:publisher\" content=\"https:\/\/www.facebook.com\/mcqorg\" \/>\n<meta property=\"article:modified_time\" content=\"2026-03-02T14:21:27+00:00\" \/>\n<meta property=\"og:image\" content=\"https:\/\/mcq.org\/wp-content\/uploads\/2023\/04\/Visuel_Generique_OG_1200x675.jpg?ver=1682613626\" \/>\n\t<meta property=\"og:image:width\" content=\"1200\" \/>\n\t<meta property=\"og:image:height\" content=\"675\" \/>\n\t<meta property=\"og:image:type\" content=\"image\/jpeg\" \/>\n<meta name=\"twitter:card\" content=\"summary_large_image\" \/>\n<meta name=\"twitter:title\" content=\"Contact Us | Mus\u00e9e de la civilisation\" \/>\n<meta name=\"twitter:description\" content=\"Browse our directory of the Mus\u00e9e de la civilisation\u2019s various teams and services to find the person that can help with your inquiry.\" \/>\n<meta name=\"twitter:site\" content=\"@mcqorg\" \/>\n<meta name=\"twitter:label1\" content=\"Est. reading time\" \/>\n\t<meta name=\"twitter:data1\" content=\"1 minute\" \/>\n<!-- \/ Yoast SEO Premium plugin. -->","yoast_head_json":{"title":"Contact Us | Mus\u00e9e de la civilisation","description":"Browse our directory of the Mus\u00e9e de la civilisation\u2019s various teams and services to find the person that can help with your inquiry.","robots":{"index":"index","follow":"follow","max-snippet":"max-snippet:-1","max-image-preview":"max-image-preview:large","max-video-preview":"max-video-preview:-1"},"canonical":"https:\/\/mcq.org\/en\/about-us\/contact-us\/","og_locale":"en_US","og_type":"article","og_title":"Contact Us | Mus\u00e9e de la civilisation","og_description":"Browse our directory of the Mus\u00e9e de la civilisation\u2019s various teams and services to find the person that can help with your inquiry.","og_url":"https:\/\/mcq.org\/en\/about-us\/contact-us\/","og_site_name":"Mus\u00e9e de la civilisation","article_publisher":"https:\/\/www.facebook.com\/mcqorg","article_modified_time":"2026-03-02T14:21:27+00:00","og_image":[{"width":1200,"height":675,"url":"https:\/\/mcq.org\/wp-content\/uploads\/2023\/04\/Visuel_Generique_OG_1200x675.jpg?ver=1682613626","type":"image\/jpeg"}],"twitter_card":"summary_large_image","twitter_title":"Contact Us | Mus\u00e9e de la civilisation","twitter_description":"Browse our directory of the Mus\u00e9e de la civilisation\u2019s various teams and services to find the person that can help with your inquiry.","twitter_site":"@mcqorg","twitter_misc":{"Est. reading time":"1 minute"},"schema":{"@context":"https:\/\/schema.org","@graph":[{"@type":"WebPage","@id":"https:\/\/mcq.org\/en\/about-us\/contact-us\/","url":"https:\/\/mcq.org\/en\/about-us\/contact-us\/","name":"Contact Us | Mus\u00e9e de la civilisation","isPartOf":{"@id":"https:\/\/mcq.org\/en\/#website"},"datePublished":"2023-05-05T17:09:04+00:00","dateModified":"2026-03-02T14:21:27+00:00","description":"Browse our directory of the Mus\u00e9e de la civilisation\u2019s various teams and services to find the person that can help with your inquiry.","breadcrumb":{"@id":"https:\/\/mcq.org\/en\/about-us\/contact-us\/#breadcrumb"},"inLanguage":"en-US","potentialAction":[{"@type":"ReadAction","target":["https:\/\/mcq.org\/en\/about-us\/contact-us\/"]}]},{"@type":"BreadcrumbList","@id":"https:\/\/mcq.org\/en\/about-us\/contact-us\/#breadcrumb","itemListElement":[{"@type":"ListItem","position":1,"name":"Home","item":"https:\/\/mcq.org\/en\/"},{"@type":"ListItem","position":2,"name":"About Us","item":"https:\/\/mcq.org\/en\/about-us\/"},{"@type":"ListItem","position":3,"name":"Contact Us"}]},{"@type":"WebSite","@id":"https:\/\/mcq.org\/en\/#website","url":"https:\/\/mcq.org\/en\/","name":"Mus\u00e9e de la civilisation","description":"Le Mus\u00e9e de la civilisation explore les diff\u00e9rentes facettes de la r\u00e9alit\u00e9 humaine avec sa d\u00e9marche unique qui combine enchantement, connaissance et r\u00e9flexion.","publisher":{"@id":"https:\/\/mcq.org\/en\/#organization"},"alternateName":"MCQ","potentialAction":[{"@type":"SearchAction","target":{"@type":"EntryPoint","urlTemplate":"https:\/\/mcq.org\/en\/?s={search_term_string}"},"query-input":{"@type":"PropertyValueSpecification","valueRequired":true,"valueName":"search_term_string"}}],"inLanguage":"en-US"},{"@type":"Organization","@id":"https:\/\/mcq.org\/en\/#organization","name":"Mus\u00e9e de la civilisation","alternateName":"MCQ","url":"https:\/\/mcq.org\/en\/","logo":{"@type":"ImageObject","inLanguage":"en-US","@id":"https:\/\/mcq.org\/en\/#\/schema\/logo\/image\/","url":"https:\/\/mcq.org\/wp-content\/uploads\/2023\/04\/logo-mcq-300x123-1.png","contentUrl":"https:\/\/mcq.org\/wp-content\/uploads\/2023\/04\/logo-mcq-300x123-1.png","width":300,"height":123,"caption":"Mus\u00e9e de la civilisation"},"image":{"@id":"https:\/\/mcq.org\/en\/#\/schema\/logo\/image\/"},"sameAs":["https:\/\/www.facebook.com\/mcqorg","https:\/\/x.com\/mcqorg","https:\/\/www.instagram.com\/mcqorg\/","https:\/\/www.linkedin.com\/company\/mcqorg\/"]}]}},"_links":{"self":[{"href":"https:\/\/mcq.org\/en\/wp-json\/wp\/v2\/pages\/2017","targetHints":{"allow":["GET"]}}],"collection":[{"href":"https:\/\/mcq.org\/en\/wp-json\/wp\/v2\/pages"}],"about":[{"href":"https:\/\/mcq.org\/en\/wp-json\/wp\/v2\/types\/page"}],"author":[{"embeddable":true,"href":"https:\/\/mcq.org\/en\/wp-json\/wp\/v2\/users\/1"}],"replies":[{"embeddable":true,"href":"https:\/\/mcq.org\/en\/wp-json\/wp\/v2\/comments?post=2017"}],"version-history":[{"count":24,"href":"https:\/\/mcq.org\/en\/wp-json\/wp\/v2\/pages\/2017\/revisions"}],"predecessor-version":[{"id":28957,"href":"https:\/\/mcq.org\/en\/wp-json\/wp\/v2\/pages\/2017\/revisions\/28957"}],"up":[{"embeddable":true,"href":"https:\/\/mcq.org\/en\/wp-json\/wp\/v2\/pages\/1241"}],"wp:attachment":[{"href":"https:\/\/mcq.org\/en\/wp-json\/wp\/v2\/media?parent=2017"}],"wp:term":[{"taxonomy":"page-tax","embeddable":true,"href":"https:\/\/mcq.org\/en\/wp-json\/wp\/v2\/page-tax?post=2017"},{"taxonomy":"folder","embeddable":true,"href":"https:\/\/mcq.org\/en\/wp-json\/wp\/v2\/folder?post=2017"}],"curies":[{"name":"wp","href":"https:\/\/api.w.org\/{rel}","templated":true}]}}