{"id":16208,"date":"2023-05-11T09:14:55","date_gmt":"2023-05-11T13:14:55","guid":{"rendered":"https:\/\/mcq.org\/visit\/groups\/petite-enfance-primaire-secondaire\/"},"modified":"2024-07-05T10:49:44","modified_gmt":"2024-07-05T14:49:44","slug":"childcare-centres-and-schools","status":"publish","type":"page","link":"https:\/\/mcq.org\/en\/visit\/groups\/childcare-centres-and-schools\/","title":{"rendered":"Childcare Centres and Schools"},"content":{"rendered":"  <div class=\"container block-texte-image\" >\n    <div class=\"row\">\n              <div class=\"col-md-6 d-flex align-items-center\">\n          <img decoding=\"async\" aria-hidden=\"true\" width=\"750\" height=\"580\" class=\"rounded img-fluid\" src=\"https:\/\/mcq.org\/wp-content\/uploads\/2023\/05\/enfants-visite-scolaire-750x580-1.jpg\" alt=\"Enfants en visite scolaire avec une \u00e9ducatrice qui leur pointe un objet en vitrine.\" \/>\n        <\/div>\n            <div class=\"col-md-6 promo-txt\">\n                  <p class=\"promo-accroche\">Practical information   <\/p>\n                <h3 class=\"promo-title\">An educational outing to the Mus\u00e9e <\/h3>\n        <p>Give your preschool to high-school age students an original, surprising and knowledge-rich experience. <\/p>\n<p><a class=\"bouton-noir\" href=\"https:\/\/mcq.org\/en\/visit\/groups\/plan-your-group-visit\/\">Plan your visit  <\/a><\/p>\n      <\/div>\n    <\/div>\n  <\/div>\n\n\n<div  class=\"container contenu-centre\">\n  <div class=\"row justify-content-center\">\n    <div class=\"col-lg-10 col-xl-8\">\n      \n        \n\n<h2>Activities\u00a0\u00a0<\/h2>\n<p>Choose between two types of visit:<\/p>\n<ul>\n<li>Guided tour: Visit an exhibition with a guide and benefit from their expertise<\/li>\n<li>Self-guided tour: Visit the exhibitions of your choice without a guide<\/li>\n<\/ul>\n<p>For childcare centers and elementary schools groups, guided tours are offered in French only.<\/p>\n<p>Educational activities can be adapted for groups or individuals with specific needs.<\/p>\n<h2 class=\"mt-60\">Booking and information<\/h2>\n<p>For more information about our activities, contact Group Reservations by phone at 418 692-1151 or by email at <a href=\"mailto:reservations.groupes@mcq.org\">reservations.groupes@mcq.org<\/a>.<\/p>\n\n\n          <\/div>\n  <\/div>\n<\/div>","protected":false},"excerpt":{"rendered":"","protected":false},"author":1,"featured_media":2576,"parent":10480,"menu_order":0,"comment_status":"closed","ping_status":"closed","template":"pages\/page-ecole.php","meta":{"_acf_changed":false,"footnotes":""},"page-tax":[258,257],"folder":[],"class_list":["post-16208","page","type-page","status-publish","has-post-thumbnail","hentry","page-tax-ecole-en","page-tax-groupe-en"],"acf":[],"yoast_head":"<!-- This site is optimized with the Yoast SEO Premium plugin v27.3 (Yoast SEO v27.3) - https:\/\/yoast.com\/product\/yoast-seo-premium-wordpress\/ -->\n<title>Activities and resources for schools | Mus\u00e9e de la civilisation<\/title>\n<meta name=\"description\" content=\"Get all the tools, educational activities and resources you need for school group visits to the Museum that children will truly enjoy.\" \/>\n<meta name=\"robots\" content=\"index, follow, max-snippet:-1, max-image-preview:large, max-video-preview:-1\" \/>\n<link rel=\"canonical\" href=\"https:\/\/mcq.org\/en\/visit\/groups\/childcare-centres-and-schools\/\" \/>\n<meta property=\"og:locale\" content=\"en_US\" \/>\n<meta property=\"og:type\" content=\"article\" \/>\n<meta property=\"og:title\" content=\"Activities and resources for schools | Mus\u00e9e de la civilisation\" \/>\n<meta property=\"og:description\" content=\"Get all the tools, educational activities and resources you need for school group visits to the Museum that children will truly enjoy.\" \/>\n<meta property=\"og:url\" content=\"https:\/\/mcq.org\/en\/visit\/groups\/childcare-centres-and-schools\/\" \/>\n<meta property=\"og:site_name\" content=\"Mus\u00e9e de la civilisation\" \/>\n<meta property=\"article:publisher\" content=\"https:\/\/www.facebook.com\/mcqorg\" \/>\n<meta property=\"article:modified_time\" content=\"2024-07-05T14:49:44+00:00\" \/>\n<meta property=\"og:image\" content=\"https:\/\/mcq.org\/wp-content\/uploads\/2023\/05\/enfants-camp-jour-750x580-1.jpg\" \/>\n\t<meta property=\"og:image:width\" content=\"750\" \/>\n\t<meta property=\"og:image:height\" content=\"580\" \/>\n\t<meta property=\"og:image:type\" content=\"image\/jpeg\" \/>\n<meta name=\"twitter:card\" content=\"summary_large_image\" \/>\n<meta name=\"twitter:title\" content=\"Activities and resources for schools | Mus\u00e9e de la civilisation\" \/>\n<meta name=\"twitter:description\" content=\"Get all the tools, educational activities and resources you need for school group visits to the Museum that children will truly enjoy.\" \/>\n<meta name=\"twitter:site\" content=\"@mcqorg\" \/>\n<meta name=\"twitter:label1\" content=\"Est. reading time\" \/>\n\t<meta name=\"twitter:data1\" content=\"1 minute\" \/>\n<!-- \/ Yoast SEO Premium plugin. -->","yoast_head_json":{"title":"Activities and resources for schools | Mus\u00e9e de la civilisation","description":"Get all the tools, educational activities and resources you need for school group visits to the Museum that children will truly enjoy.","robots":{"index":"index","follow":"follow","max-snippet":"max-snippet:-1","max-image-preview":"max-image-preview:large","max-video-preview":"max-video-preview:-1"},"canonical":"https:\/\/mcq.org\/en\/visit\/groups\/childcare-centres-and-schools\/","og_locale":"en_US","og_type":"article","og_title":"Activities and resources for schools | Mus\u00e9e de la civilisation","og_description":"Get all the tools, educational activities and resources you need for school group visits to the Museum that children will truly enjoy.","og_url":"https:\/\/mcq.org\/en\/visit\/groups\/childcare-centres-and-schools\/","og_site_name":"Mus\u00e9e de la civilisation","article_publisher":"https:\/\/www.facebook.com\/mcqorg","article_modified_time":"2024-07-05T14:49:44+00:00","og_image":[{"width":750,"height":580,"url":"https:\/\/mcq.org\/wp-content\/uploads\/2023\/05\/enfants-camp-jour-750x580-1.jpg","type":"image\/jpeg"}],"twitter_card":"summary_large_image","twitter_title":"Activities and resources for schools | Mus\u00e9e de la civilisation","twitter_description":"Get all the tools, educational activities and resources you need for school group visits to the Museum that children will truly enjoy.","twitter_site":"@mcqorg","twitter_misc":{"Est. reading time":"1 minute"},"schema":{"@context":"https:\/\/schema.org","@graph":[{"@type":"WebPage","@id":"https:\/\/mcq.org\/en\/visit\/groups\/childcare-centres-and-schools\/","url":"https:\/\/mcq.org\/en\/visit\/groups\/childcare-centres-and-schools\/","name":"Activities and resources for schools | Mus\u00e9e de la civilisation","isPartOf":{"@id":"https:\/\/mcq.org\/en\/#website"},"primaryImageOfPage":{"@id":"https:\/\/mcq.org\/en\/visit\/groups\/childcare-centres-and-schools\/#primaryimage"},"image":{"@id":"https:\/\/mcq.org\/en\/visit\/groups\/childcare-centres-and-schools\/#primaryimage"},"thumbnailUrl":"https:\/\/mcq.org\/wp-content\/uploads\/2023\/05\/enfants-camp-jour-750x580-1.jpg","datePublished":"2023-05-11T13:14:55+00:00","dateModified":"2024-07-05T14:49:44+00:00","description":"Get all the tools, educational activities and resources you need for school group visits to the Museum that children will truly enjoy.","breadcrumb":{"@id":"https:\/\/mcq.org\/en\/visit\/groups\/childcare-centres-and-schools\/#breadcrumb"},"inLanguage":"en-US","potentialAction":[{"@type":"ReadAction","target":["https:\/\/mcq.org\/en\/visit\/groups\/childcare-centres-and-schools\/"]}]},{"@type":"ImageObject","inLanguage":"en-US","@id":"https:\/\/mcq.org\/en\/visit\/groups\/childcare-centres-and-schools\/#primaryimage","url":"https:\/\/mcq.org\/wp-content\/uploads\/2023\/05\/enfants-camp-jour-750x580-1.jpg","contentUrl":"https:\/\/mcq.org\/wp-content\/uploads\/2023\/05\/enfants-camp-jour-750x580-1.jpg","width":750,"height":580,"caption":"Enfants camp de jour dans l'auditorium Roland-Arpin"},{"@type":"BreadcrumbList","@id":"https:\/\/mcq.org\/en\/visit\/groups\/childcare-centres-and-schools\/#breadcrumb","itemListElement":[{"@type":"ListItem","position":1,"name":"Home","item":"https:\/\/mcq.org\/en\/"},{"@type":"ListItem","position":2,"name":"Visit","item":"https:\/\/mcq.org\/en\/visit\/"},{"@type":"ListItem","position":3,"name":"Groups","item":"https:\/\/mcq.org\/en\/visit\/groups\/"},{"@type":"ListItem","position":4,"name":"Childcare Centres and Schools"}]},{"@type":"WebSite","@id":"https:\/\/mcq.org\/en\/#website","url":"https:\/\/mcq.org\/en\/","name":"Mus\u00e9e de la civilisation","description":"Le Mus\u00e9e de la civilisation explore les diff\u00e9rentes facettes de la r\u00e9alit\u00e9 humaine avec sa d\u00e9marche unique qui combine enchantement, connaissance et r\u00e9flexion.","publisher":{"@id":"https:\/\/mcq.org\/en\/#organization"},"alternateName":"MCQ","potentialAction":[{"@type":"SearchAction","target":{"@type":"EntryPoint","urlTemplate":"https:\/\/mcq.org\/en\/?s={search_term_string}"},"query-input":{"@type":"PropertyValueSpecification","valueRequired":true,"valueName":"search_term_string"}}],"inLanguage":"en-US"},{"@type":"Organization","@id":"https:\/\/mcq.org\/en\/#organization","name":"Mus\u00e9e de la civilisation","alternateName":"MCQ","url":"https:\/\/mcq.org\/en\/","logo":{"@type":"ImageObject","inLanguage":"en-US","@id":"https:\/\/mcq.org\/en\/#\/schema\/logo\/image\/","url":"https:\/\/mcq.org\/wp-content\/uploads\/2023\/04\/logo-mcq-300x123-1.png","contentUrl":"https:\/\/mcq.org\/wp-content\/uploads\/2023\/04\/logo-mcq-300x123-1.png","width":300,"height":123,"caption":"Mus\u00e9e de la civilisation"},"image":{"@id":"https:\/\/mcq.org\/en\/#\/schema\/logo\/image\/"},"sameAs":["https:\/\/www.facebook.com\/mcqorg","https:\/\/x.com\/mcqorg","https:\/\/www.instagram.com\/mcqorg\/","https:\/\/www.linkedin.com\/company\/mcqorg\/"]}]}},"_links":{"self":[{"href":"https:\/\/mcq.org\/en\/wp-json\/wp\/v2\/pages\/16208","targetHints":{"allow":["GET"]}}],"collection":[{"href":"https:\/\/mcq.org\/en\/wp-json\/wp\/v2\/pages"}],"about":[{"href":"https:\/\/mcq.org\/en\/wp-json\/wp\/v2\/types\/page"}],"author":[{"embeddable":true,"href":"https:\/\/mcq.org\/en\/wp-json\/wp\/v2\/users\/1"}],"replies":[{"embeddable":true,"href":"https:\/\/mcq.org\/en\/wp-json\/wp\/v2\/comments?post=16208"}],"version-history":[{"count":12,"href":"https:\/\/mcq.org\/en\/wp-json\/wp\/v2\/pages\/16208\/revisions"}],"predecessor-version":[{"id":17474,"href":"https:\/\/mcq.org\/en\/wp-json\/wp\/v2\/pages\/16208\/revisions\/17474"}],"up":[{"embeddable":true,"href":"https:\/\/mcq.org\/en\/wp-json\/wp\/v2\/pages\/10480"}],"wp:featuredmedia":[{"embeddable":true,"href":"https:\/\/mcq.org\/en\/wp-json\/wp\/v2\/media\/2576"}],"wp:attachment":[{"href":"https:\/\/mcq.org\/en\/wp-json\/wp\/v2\/media?parent=16208"}],"wp:term":[{"taxonomy":"page-tax","embeddable":true,"href":"https:\/\/mcq.org\/en\/wp-json\/wp\/v2\/page-tax?post=16208"},{"taxonomy":"folder","embeddable":true,"href":"https:\/\/mcq.org\/en\/wp-json\/wp\/v2\/folder?post=16208"}],"curies":[{"name":"wp","href":"https:\/\/api.w.org\/{rel}","templated":true}]}}