{"id":10486,"date":"2023-05-11T08:32:55","date_gmt":"2023-05-11T12:32:55","guid":{"rendered":"https:\/\/mcq.org\/visit\/groups\/preparer-sa-visite-de-groupe\/"},"modified":"2026-04-29T15:48:32","modified_gmt":"2026-04-29T19:48:32","slug":"plan-your-group-visit","status":"publish","type":"page","link":"https:\/\/mcq.org\/en\/visit\/groups\/plan-your-group-visit\/","title":{"rendered":"Plan Your Group Visit\u00a0"},"content":{"rendered":"<div  class=\"container contenu-centre\">\n  <div class=\"row justify-content-center\">\n    <div class=\"col-lg-10 col-xl-8\">\n      \n        \n\n<h2 class=\"mb-30\">Useful information for groups<\/h2>\n\n\n    <div class=\"block-pictos-textes\">\n                <div class=\"col-12\"><img decoding=\"async\" src=\"https:\/\/mcq.org\/wp-content\/uploads\/2023\/10\/ico-horloge-rose-1.png\" alt=\"Pictogramme d&#039;horloge de couleur rose\" class=\"rounded img-fluid\">\n              <div><h3>Opening hours<\/h3>\n<ul>\n<li>Until June 21, 2026: Tuesday to Sunday, from 10 a.m. to 5 p.m<\/li>\n<li>June 22, to September 7, 2026: daily, from 10 a.m. to 5 p.m.<\/li>\n<\/ul>\n<p>Please note that you can arrive as of 9 a.m. for guided tours (by a Mus\u00e9e guide).<\/p>\n<\/div>\n    <\/div>\n          <div class=\"col-12\"><img decoding=\"async\" src=\"https:\/\/mcq.org\/wp-content\/uploads\/2023\/04\/ico-voiture.svg\" alt=\"Voiture\" class=\"rounded img-fluid\">\n              <div><h3>Location and access<\/h3>\n<p>When arriving at the Mus\u00e9e with your group, use the drop-off lane in front of the Mus\u00e9e or one of the parking lots in the Vieux-Port. For more details, consult the <a href=\"https:\/\/www.ville.quebec.qc.ca\/en\/gens_affaires\/entreprises_specialisees\/autobus_touristiques.aspx\">Qu\u00e9bec City Guide for Tour Bus Drivers.<\/a><\/p>\n<\/div>\n    <\/div>\n          <div class=\"col-12\"><img decoding=\"async\" src=\"https:\/\/mcq.org\/wp-content\/uploads\/2023\/04\/ico-planif-restaurant.svg\" alt=\"Restauration\" class=\"rounded img-fluid\">\n              <div><h3>Dining area<\/h3>\n<p>Tables are available in the basement. Reservations are required and capacity is limited. Let us know if you will need tables when making your reservation or go to\u202fgroup reservations.<\/p>\n<\/div>\n    <\/div>\n          <div class=\"col-12\"><img decoding=\"async\" src=\"https:\/\/mcq.org\/wp-content\/uploads\/2023\/04\/ico-planif-acces-universelle.svg\" alt=\"Accessibilit\u00e9 universelle\" class=\"rounded img-fluid\">\n              <div><h3>Universal accessibility<\/h3>\n<p>The Mus\u00e9e is an accessible site. Consult the\u202f<a href=\"https:\/\/mcq.org\/en\/about-us\/universal-accessibility\/\">Universal Accessibility<\/a> section for details.<\/p>\n<\/div>\n    <\/div>\n          <div class=\"col-12\"><img decoding=\"async\" src=\"https:\/\/mcq.org\/wp-content\/uploads\/2023\/04\/ico-planif-vestiaire.svg\" alt=\"Vestiaire\" class=\"rounded img-fluid\">\n              <div><h3>Cloakroom<\/h3>\n<p>Cloakrooms are available and reserved for your visit.<\/p>\n<\/div>\n    <\/div>\n          <div class=\"col-12\"><img decoding=\"async\" src=\"https:\/\/mcq.org\/wp-content\/uploads\/2023\/04\/ico-planif-accueil.svg\" alt=\"Accueil\" class=\"rounded img-fluid\">\n              <div><h3>Reception<\/h3>\n<p>When you arrive at the Mus\u00e9e, please use the group entrance located to the right of the main doors on Dalhousie Street. If you have chosen a guided tour with a Mus\u00e9e guide, they will meet you when you arrive. Otherwise, make your way to the group reception desk where you will be given all information necessary for your visit.<\/p>\n<\/div>\n    <\/div>\n          <div class=\"col-12\"><img decoding=\"async\" src=\"https:\/\/mcq.org\/wp-content\/uploads\/2023\/04\/ico-planif-info.svg\" alt=\"Comptoir d\u2019information\" class=\"rounded img-fluid\">\n              <div><h3>Remember\u2026<\/h3>\n<ul>\n<li>No food or drink is allowed in the exhibition halls.<\/li>\n<li>Water bottles and containers with liquid should be stored in your purse or backpack.<\/li>\n<li>As light can deteriorate many works of art, flash photography is not permitted.<\/li>\n<li>Do not touch any of the objects in the exhibition halls.<\/li>\n<li>Move around the Mus\u00e9e calmly. Running is not allowed.<\/li>\n<li>Umbrellas must be left in the cloakroom.<\/li>\n<\/ul>\n<\/div>\n    <\/div>\n          <div class=\"col-12\"><img decoding=\"async\" src=\"https:\/\/mcq.org\/wp-content\/uploads\/2023\/06\/ico-planif-drapeau.svg\" alt=\"Groupe avec personne qui tient un drapeau\" class=\"rounded img-fluid\">\n              <div><h3>Accompanying adults<\/h3>\n<p>Primary school groups: Students must move around the Mus\u00e9e in small groups, accompanied by at least one adult.<\/p>\n<p>&nbsp;<\/p>\n<p>Secondary school groups: Students are free to move around the Mus\u00e9e on their own. Accompanying adults must be present in each exhibition room visite<\/p>\n<\/div>\n    <\/div>\n<\/div>\n\n\n          <\/div>\n  <\/div>\n<\/div>","protected":false},"excerpt":{"rendered":"","protected":false},"author":1,"featured_media":0,"parent":10480,"menu_order":0,"comment_status":"closed","ping_status":"closed","template":"","meta":{"_acf_changed":false,"footnotes":""},"page-tax":[257],"folder":[],"class_list":["post-10486","page","type-page","status-publish","hentry","page-tax-groupe-en"],"acf":[],"yoast_head":"<!-- This site is optimized with the Yoast SEO Premium plugin v27.3 (Yoast SEO v27.3) - https:\/\/yoast.com\/product\/yoast-seo-premium-wordpress\/ -->\n<title>Plan Your Group Visit\u00a0 | Mus\u00e9e de la civilisation<\/title>\n<meta name=\"description\" content=\"Have a question about the Mus\u00e9e de la civilisation? Want to plan your group visit? Find the answers you need to prepare in this guide.\" \/>\n<meta name=\"robots\" content=\"index, follow, max-snippet:-1, max-image-preview:large, max-video-preview:-1\" \/>\n<link rel=\"canonical\" href=\"https:\/\/mcq.org\/en\/visit\/groups\/plan-your-group-visit\/\" \/>\n<meta property=\"og:locale\" content=\"en_US\" \/>\n<meta property=\"og:type\" content=\"article\" \/>\n<meta property=\"og:title\" content=\"Plan Your Group Visit\u00a0 | Mus\u00e9e de la civilisation\" \/>\n<meta property=\"og:description\" content=\"Have a question about the Mus\u00e9e de la civilisation? Want to plan your group visit? Find the answers you need to prepare in this guide.\" \/>\n<meta property=\"og:url\" content=\"https:\/\/mcq.org\/en\/visit\/groups\/plan-your-group-visit\/\" \/>\n<meta property=\"og:site_name\" content=\"Mus\u00e9e de la civilisation\" \/>\n<meta property=\"article:publisher\" content=\"https:\/\/www.facebook.com\/mcqorg\" \/>\n<meta property=\"article:modified_time\" content=\"2026-04-29T19:48:32+00:00\" \/>\n<meta property=\"og:image\" content=\"https:\/\/mcq.org\/wp-content\/uploads\/2023\/04\/Visuel_Generique_OG_1200x675.jpg?ver=1682613626\" \/>\n\t<meta property=\"og:image:width\" content=\"1200\" \/>\n\t<meta property=\"og:image:height\" content=\"675\" \/>\n\t<meta property=\"og:image:type\" content=\"image\/jpeg\" \/>\n<meta name=\"twitter:card\" content=\"summary_large_image\" \/>\n<meta name=\"twitter:description\" content=\"Have a question about the Mus\u00e9e de la civilisation? Want to plan your group visit? Find the answers you need to prepare in this guide.\" \/>\n<meta name=\"twitter:site\" content=\"@mcqorg\" \/>\n<meta name=\"twitter:label1\" content=\"Est. reading time\" \/>\n\t<meta name=\"twitter:data1\" content=\"1 minute\" \/>\n<!-- \/ Yoast SEO Premium plugin. -->","yoast_head_json":{"title":"Plan Your Group Visit\u00a0 | Mus\u00e9e de la civilisation","description":"Have a question about the Mus\u00e9e de la civilisation? Want to plan your group visit? Find the answers you need to prepare in this guide.","robots":{"index":"index","follow":"follow","max-snippet":"max-snippet:-1","max-image-preview":"max-image-preview:large","max-video-preview":"max-video-preview:-1"},"canonical":"https:\/\/mcq.org\/en\/visit\/groups\/plan-your-group-visit\/","og_locale":"en_US","og_type":"article","og_title":"Plan Your Group Visit\u00a0 | Mus\u00e9e de la civilisation","og_description":"Have a question about the Mus\u00e9e de la civilisation? Want to plan your group visit? Find the answers you need to prepare in this guide.","og_url":"https:\/\/mcq.org\/en\/visit\/groups\/plan-your-group-visit\/","og_site_name":"Mus\u00e9e de la civilisation","article_publisher":"https:\/\/www.facebook.com\/mcqorg","article_modified_time":"2026-04-29T19:48:32+00:00","og_image":[{"width":1200,"height":675,"url":"https:\/\/mcq.org\/wp-content\/uploads\/2023\/04\/Visuel_Generique_OG_1200x675.jpg?ver=1682613626","type":"image\/jpeg"}],"twitter_card":"summary_large_image","twitter_description":"Have a question about the Mus\u00e9e de la civilisation? Want to plan your group visit? Find the answers you need to prepare in this guide.","twitter_site":"@mcqorg","twitter_misc":{"Est. reading time":"1 minute"},"schema":{"@context":"https:\/\/schema.org","@graph":[{"@type":"WebPage","@id":"https:\/\/mcq.org\/en\/visit\/groups\/plan-your-group-visit\/","url":"https:\/\/mcq.org\/en\/visit\/groups\/plan-your-group-visit\/","name":"Plan Your Group Visit\u00a0 | Mus\u00e9e de la civilisation","isPartOf":{"@id":"https:\/\/mcq.org\/en\/#website"},"datePublished":"2023-05-11T12:32:55+00:00","dateModified":"2026-04-29T19:48:32+00:00","description":"Have a question about the Mus\u00e9e de la civilisation? Want to plan your group visit? Find the answers you need to prepare in this guide.","breadcrumb":{"@id":"https:\/\/mcq.org\/en\/visit\/groups\/plan-your-group-visit\/#breadcrumb"},"inLanguage":"en-US","potentialAction":[{"@type":"ReadAction","target":["https:\/\/mcq.org\/en\/visit\/groups\/plan-your-group-visit\/"]}]},{"@type":"BreadcrumbList","@id":"https:\/\/mcq.org\/en\/visit\/groups\/plan-your-group-visit\/#breadcrumb","itemListElement":[{"@type":"ListItem","position":1,"name":"Home","item":"https:\/\/mcq.org\/en\/"},{"@type":"ListItem","position":2,"name":"Visit","item":"https:\/\/mcq.org\/en\/visit\/"},{"@type":"ListItem","position":3,"name":"Groups","item":"https:\/\/mcq.org\/en\/visit\/groups\/"},{"@type":"ListItem","position":4,"name":"Plan Your Group Visit\u00a0"}]},{"@type":"WebSite","@id":"https:\/\/mcq.org\/en\/#website","url":"https:\/\/mcq.org\/en\/","name":"Mus\u00e9e de la civilisation","description":"Le Mus\u00e9e de la civilisation explore les diff\u00e9rentes facettes de la r\u00e9alit\u00e9 humaine avec sa d\u00e9marche unique qui combine enchantement, connaissance et r\u00e9flexion.","publisher":{"@id":"https:\/\/mcq.org\/en\/#organization"},"alternateName":"MCQ","potentialAction":[{"@type":"SearchAction","target":{"@type":"EntryPoint","urlTemplate":"https:\/\/mcq.org\/en\/?s={search_term_string}"},"query-input":{"@type":"PropertyValueSpecification","valueRequired":true,"valueName":"search_term_string"}}],"inLanguage":"en-US"},{"@type":"Organization","@id":"https:\/\/mcq.org\/en\/#organization","name":"Mus\u00e9e de la civilisation","alternateName":"MCQ","url":"https:\/\/mcq.org\/en\/","logo":{"@type":"ImageObject","inLanguage":"en-US","@id":"https:\/\/mcq.org\/en\/#\/schema\/logo\/image\/","url":"https:\/\/mcq.org\/wp-content\/uploads\/2023\/04\/logo-mcq-300x123-1.png","contentUrl":"https:\/\/mcq.org\/wp-content\/uploads\/2023\/04\/logo-mcq-300x123-1.png","width":300,"height":123,"caption":"Mus\u00e9e de la civilisation"},"image":{"@id":"https:\/\/mcq.org\/en\/#\/schema\/logo\/image\/"},"sameAs":["https:\/\/www.facebook.com\/mcqorg","https:\/\/x.com\/mcqorg","https:\/\/www.instagram.com\/mcqorg\/","https:\/\/www.linkedin.com\/company\/mcqorg\/"]}]}},"_links":{"self":[{"href":"https:\/\/mcq.org\/en\/wp-json\/wp\/v2\/pages\/10486","targetHints":{"allow":["GET"]}}],"collection":[{"href":"https:\/\/mcq.org\/en\/wp-json\/wp\/v2\/pages"}],"about":[{"href":"https:\/\/mcq.org\/en\/wp-json\/wp\/v2\/types\/page"}],"author":[{"embeddable":true,"href":"https:\/\/mcq.org\/en\/wp-json\/wp\/v2\/users\/1"}],"replies":[{"embeddable":true,"href":"https:\/\/mcq.org\/en\/wp-json\/wp\/v2\/comments?post=10486"}],"version-history":[{"count":30,"href":"https:\/\/mcq.org\/en\/wp-json\/wp\/v2\/pages\/10486\/revisions"}],"predecessor-version":[{"id":30230,"href":"https:\/\/mcq.org\/en\/wp-json\/wp\/v2\/pages\/10486\/revisions\/30230"}],"up":[{"embeddable":true,"href":"https:\/\/mcq.org\/en\/wp-json\/wp\/v2\/pages\/10480"}],"wp:attachment":[{"href":"https:\/\/mcq.org\/en\/wp-json\/wp\/v2\/media?parent=10486"}],"wp:term":[{"taxonomy":"page-tax","embeddable":true,"href":"https:\/\/mcq.org\/en\/wp-json\/wp\/v2\/page-tax?post=10486"},{"taxonomy":"folder","embeddable":true,"href":"https:\/\/mcq.org\/en\/wp-json\/wp\/v2\/folder?post=10486"}],"curies":[{"name":"wp","href":"https:\/\/api.w.org\/{rel}","templated":true}]}}