{"id":10482,"date":"2023-05-11T10:29:11","date_gmt":"2023-05-11T14:29:11","guid":{"rendered":"https:\/\/mcq.org\/visit\/groups\/groupes-adultes\/"},"modified":"2025-02-12T17:39:38","modified_gmt":"2025-02-12T22:39:38","slug":"adults","status":"publish","type":"page","link":"https:\/\/mcq.org\/en\/visit\/groups\/adults\/","title":{"rendered":"Adults"},"content":{"rendered":"  <div class=\"container block-texte-image\" >\n    <div class=\"row\">\n              <div class=\"col-md-6 d-flex align-items-center\">\n          <img decoding=\"async\" aria-hidden=\"true\" width=\"750\" height=\"580\" class=\"rounded img-fluid\" src=\"https:\/\/mcq.org\/wp-content\/uploads\/2023\/05\/jeunes-adultes-750x580-1.jpg\" alt=\"Jeunes adultes assis dans des fauteuils blanc \u00e9coutant et regardant une vid\u00e9o dans une exposition.\" \/>\n        <\/div>\n            <div class=\"col-md-6 promo-txt\">\n                  <p class=\"promo-accroche\">Practical information <\/p>\n                <h3 class=\"promo-title\">A group visit to the Mus\u00e9e<\/h3>\n        <p>The Mus\u00e9e offers group visits for adults as well as for post-secondary learners. Whether you opt for a guided or self-guided tour, your visit to the Mus\u00e9e will be a memorable and moving experience and a chance to expand your horizons. <\/p>\n<p><a href=\"https:\/\/mcq.org\/en\/visit\/groups\/plan-your-group-visit\/\" class=\"bouton-noir\">Plan your visit\u00a0<\/a><\/p>\n      <\/div>\n    <\/div>\n  <\/div>\n\n\n<div  class=\"container contenu-centre\">\n  <div class=\"row justify-content-center\">\n    <div class=\"col-lg-10 col-xl-8\">\n      \n        \n\n<h2>Activities<\/h2>\n<p>Choose between are two types of visit:<\/p>\n<ul>\n<li>Guided tour: Visit an exhibition with a guide and benefit from their expertise<\/li>\n<li>Self-guided tour: Visit the <a href=\"\/en\/discover\/exhibitions\/\">exhibitions<\/a> of your choice without a guide<\/li>\n<\/ul>\n<p>In all cases, a <a href=\"\/en\/visit\/groups\/group-reservations\/\">reservation is required<\/a>.<\/p>\n\n\n          <\/div>\n  <\/div>\n<\/div>","protected":false},"excerpt":{"rendered":"","protected":false},"author":1,"featured_media":0,"parent":10480,"menu_order":0,"comment_status":"closed","ping_status":"closed","template":"pages\/page-groupe.php","meta":{"_acf_changed":false,"footnotes":""},"page-tax":[257],"folder":[],"class_list":["post-10482","page","type-page","status-publish","hentry","page-tax-groupe-en"],"acf":[],"yoast_head":"<!-- This site is optimized with the Yoast SEO Premium plugin v27.3 (Yoast SEO v27.3) - https:\/\/yoast.com\/product\/yoast-seo-premium-wordpress\/ -->\n<title>Group visits - Adults | Mus\u00e9e de la civilisation<\/title>\n<meta name=\"description\" content=\"The Mus\u00e9e de la civilisation offers organized tours for groups of adults. Plan a tour for adults and post-secondary learners groups.\" \/>\n<meta name=\"robots\" content=\"index, follow, max-snippet:-1, max-image-preview:large, max-video-preview:-1\" \/>\n<link rel=\"canonical\" href=\"https:\/\/mcq.org\/en\/visit\/groups\/adults\/\" \/>\n<meta property=\"og:locale\" content=\"en_US\" \/>\n<meta property=\"og:type\" content=\"article\" \/>\n<meta property=\"og:title\" content=\"Group visit - Adults | Mus\u00e9e de la civilisation\" \/>\n<meta property=\"og:description\" content=\"The Mus\u00e9e de la civilisation offers organized tours for groups of adults. Plan a tour for adults and post-secondary learners groups.\" \/>\n<meta property=\"og:url\" content=\"https:\/\/mcq.org\/en\/visit\/groups\/adults\/\" \/>\n<meta property=\"og:site_name\" content=\"Mus\u00e9e de la civilisation\" \/>\n<meta property=\"article:publisher\" content=\"https:\/\/www.facebook.com\/mcqorg\" \/>\n<meta property=\"article:modified_time\" content=\"2025-02-12T22:39:38+00:00\" \/>\n<meta property=\"og:image\" content=\"https:\/\/mcq.org\/wp-content\/uploads\/2023\/04\/Visuel_Generique_OG_1200x675.jpg?ver=1682613626\" \/>\n\t<meta property=\"og:image:width\" content=\"1200\" \/>\n\t<meta property=\"og:image:height\" content=\"675\" \/>\n\t<meta property=\"og:image:type\" content=\"image\/jpeg\" \/>\n<meta name=\"twitter:card\" content=\"summary_large_image\" \/>\n<meta name=\"twitter:title\" content=\"Group visit - Adults | Mus\u00e9e de la civilisation\" \/>\n<meta name=\"twitter:description\" content=\"The Mus\u00e9e de la civilisation offers organized tours for groups of adults. Plan a tour for adults and post-secondary learners groups.\" \/>\n<meta name=\"twitter:site\" content=\"@mcqorg\" \/>\n<meta name=\"twitter:label1\" content=\"Est. reading time\" \/>\n\t<meta name=\"twitter:data1\" content=\"1 minute\" \/>\n<!-- \/ Yoast SEO Premium plugin. -->","yoast_head_json":{"title":"Group visits - Adults | Mus\u00e9e de la civilisation","description":"The Mus\u00e9e de la civilisation offers organized tours for groups of adults. Plan a tour for adults and post-secondary learners groups.","robots":{"index":"index","follow":"follow","max-snippet":"max-snippet:-1","max-image-preview":"max-image-preview:large","max-video-preview":"max-video-preview:-1"},"canonical":"https:\/\/mcq.org\/en\/visit\/groups\/adults\/","og_locale":"en_US","og_type":"article","og_title":"Group visit - Adults | Mus\u00e9e de la civilisation","og_description":"The Mus\u00e9e de la civilisation offers organized tours for groups of adults. Plan a tour for adults and post-secondary learners groups.","og_url":"https:\/\/mcq.org\/en\/visit\/groups\/adults\/","og_site_name":"Mus\u00e9e de la civilisation","article_publisher":"https:\/\/www.facebook.com\/mcqorg","article_modified_time":"2025-02-12T22:39:38+00:00","og_image":[{"width":1200,"height":675,"url":"https:\/\/mcq.org\/wp-content\/uploads\/2023\/04\/Visuel_Generique_OG_1200x675.jpg?ver=1682613626","type":"image\/jpeg"}],"twitter_card":"summary_large_image","twitter_title":"Group visit - Adults | Mus\u00e9e de la civilisation","twitter_description":"The Mus\u00e9e de la civilisation offers organized tours for groups of adults. Plan a tour for adults and post-secondary learners groups.","twitter_site":"@mcqorg","twitter_misc":{"Est. reading time":"1 minute"},"schema":{"@context":"https:\/\/schema.org","@graph":[{"@type":"WebPage","@id":"https:\/\/mcq.org\/en\/visit\/groups\/adults\/","url":"https:\/\/mcq.org\/en\/visit\/groups\/adults\/","name":"Group visits - Adults | Mus\u00e9e de la civilisation","isPartOf":{"@id":"https:\/\/mcq.org\/en\/#website"},"datePublished":"2023-05-11T14:29:11+00:00","dateModified":"2025-02-12T22:39:38+00:00","description":"The Mus\u00e9e de la civilisation offers organized tours for groups of adults. Plan a tour for adults and post-secondary learners groups.","breadcrumb":{"@id":"https:\/\/mcq.org\/en\/visit\/groups\/adults\/#breadcrumb"},"inLanguage":"en-US","potentialAction":[{"@type":"ReadAction","target":["https:\/\/mcq.org\/en\/visit\/groups\/adults\/"]}]},{"@type":"BreadcrumbList","@id":"https:\/\/mcq.org\/en\/visit\/groups\/adults\/#breadcrumb","itemListElement":[{"@type":"ListItem","position":1,"name":"Home","item":"https:\/\/mcq.org\/en\/"},{"@type":"ListItem","position":2,"name":"Visit","item":"https:\/\/mcq.org\/en\/visit\/"},{"@type":"ListItem","position":3,"name":"Groups","item":"https:\/\/mcq.org\/en\/visit\/groups\/"},{"@type":"ListItem","position":4,"name":"Adults"}]},{"@type":"WebSite","@id":"https:\/\/mcq.org\/en\/#website","url":"https:\/\/mcq.org\/en\/","name":"Mus\u00e9e de la civilisation","description":"Le Mus\u00e9e de la civilisation explore les diff\u00e9rentes facettes de la r\u00e9alit\u00e9 humaine avec sa d\u00e9marche unique qui combine enchantement, connaissance et r\u00e9flexion.","publisher":{"@id":"https:\/\/mcq.org\/en\/#organization"},"alternateName":"MCQ","potentialAction":[{"@type":"SearchAction","target":{"@type":"EntryPoint","urlTemplate":"https:\/\/mcq.org\/en\/?s={search_term_string}"},"query-input":{"@type":"PropertyValueSpecification","valueRequired":true,"valueName":"search_term_string"}}],"inLanguage":"en-US"},{"@type":"Organization","@id":"https:\/\/mcq.org\/en\/#organization","name":"Mus\u00e9e de la civilisation","alternateName":"MCQ","url":"https:\/\/mcq.org\/en\/","logo":{"@type":"ImageObject","inLanguage":"en-US","@id":"https:\/\/mcq.org\/en\/#\/schema\/logo\/image\/","url":"https:\/\/mcq.org\/wp-content\/uploads\/2023\/04\/logo-mcq-300x123-1.png","contentUrl":"https:\/\/mcq.org\/wp-content\/uploads\/2023\/04\/logo-mcq-300x123-1.png","width":300,"height":123,"caption":"Mus\u00e9e de la civilisation"},"image":{"@id":"https:\/\/mcq.org\/en\/#\/schema\/logo\/image\/"},"sameAs":["https:\/\/www.facebook.com\/mcqorg","https:\/\/x.com\/mcqorg","https:\/\/www.instagram.com\/mcqorg\/","https:\/\/www.linkedin.com\/company\/mcqorg\/"]}]}},"_links":{"self":[{"href":"https:\/\/mcq.org\/en\/wp-json\/wp\/v2\/pages\/10482","targetHints":{"allow":["GET"]}}],"collection":[{"href":"https:\/\/mcq.org\/en\/wp-json\/wp\/v2\/pages"}],"about":[{"href":"https:\/\/mcq.org\/en\/wp-json\/wp\/v2\/types\/page"}],"author":[{"embeddable":true,"href":"https:\/\/mcq.org\/en\/wp-json\/wp\/v2\/users\/1"}],"replies":[{"embeddable":true,"href":"https:\/\/mcq.org\/en\/wp-json\/wp\/v2\/comments?post=10482"}],"version-history":[{"count":24,"href":"https:\/\/mcq.org\/en\/wp-json\/wp\/v2\/pages\/10482\/revisions"}],"predecessor-version":[{"id":20716,"href":"https:\/\/mcq.org\/en\/wp-json\/wp\/v2\/pages\/10482\/revisions\/20716"}],"up":[{"embeddable":true,"href":"https:\/\/mcq.org\/en\/wp-json\/wp\/v2\/pages\/10480"}],"wp:attachment":[{"href":"https:\/\/mcq.org\/en\/wp-json\/wp\/v2\/media?parent=10482"}],"wp:term":[{"taxonomy":"page-tax","embeddable":true,"href":"https:\/\/mcq.org\/en\/wp-json\/wp\/v2\/page-tax?post=10482"},{"taxonomy":"folder","embeddable":true,"href":"https:\/\/mcq.org\/en\/wp-json\/wp\/v2\/folder?post=10482"}],"curies":[{"name":"wp","href":"https:\/\/api.w.org\/{rel}","templated":true}]}}