{"id":1000,"date":"2023-04-27T13:15:36","date_gmt":"2023-04-27T17:15:36","guid":{"rendered":"https:\/\/prod.mcq.org\/accessibilite-universelle\/"},"modified":"2025-09-04T10:07:02","modified_gmt":"2025-09-04T14:07:02","slug":"universal-accessibility","status":"publish","type":"page","link":"https:\/\/mcq.org\/en\/about-us\/universal-accessibility\/","title":{"rendered":"Universal Accessibility"},"content":{"rendered":"<div  class=\"container contenu-centre\">\n  <div class=\"row justify-content-center\">\n    <div class=\"col-lg-10 col-xl-8\">\n      \n        \n\n<h2>Accessibility for all<\/h2>\n<p>Improving the quality of life and the quality of visits to our museum for people with disabilities\u2014whether they are customers, partners or employees\u2014has always been a concern for the Mus\u00e9e de la civilisation. The Mus\u00e9e aims to eliminate or minimize barriers with the goal of ensuring a fair, equitable, respectful and safe environment for everyone. <\/p>\n\n\n\n<h2 class=\"mt-60 mb-30\">Support measures&nbsp;<\/h2>\n\n\n  <div class=\"accordion\" >\n    <!-- item -->\n    <div class=\"accordion-item\">\n      <span class=\"accordion-header\" id=\"panel-Free-admission-policy\">\n        <button class=\"accordion-button collapsed\" type=\"button\" data-bs-toggle=\"collapse\" data-bs-target=\"#Free-admission-policy\" aria-expanded=\"false\" aria-controls=\"panel-Free-admission-policy\">\n          <span>Free admission policy<\/span>\n        <\/button>\n      <\/span>\n      <div id=\"Free-admission-policy\" class=\"accordion-collapse  collapse\" aria-labelledby=\"panel-Free-admission-policy\">\n        <div class=\"accordion-body\">\n          <p><strong>Individuals <\/strong><\/p>\n<p>Anyone living with a physical or intellectual disability can visit the Mus\u00e9e with their support person for free, regardless of their disability or origin. Either go directly to the Mus\u00e9e\u2019s ticket office during opening hours or call 418-643-2158.  <\/p>\n<p><strong>Officially recognized groups and organizations  <\/strong><\/p>\n<p>Any volunteer-based or non-profit group from the community can benefit from free admission. However, a representative must apply for accreditation to ensure that the group\u2019s mission is consistent with Mus\u00e9e\u2019s policy.   <\/p>\n<p><a href=\"https:\/\/mcq.org\/en\/about-us\/universal-accessibility\/request-for-accreditation\/\" class=\"bouton-noir\">Request accreditation <\/a><\/p>\n<p><strong>Schools and school groups  <\/strong><\/p>\n<p>Students and school chaperones with special needs can benefit from free admission. To receive free admission, contact the group reservations department at 418-692-1151, from 8:30 a.m. to 12\u202fp.m. and from 1 p.m. to 4:30 p.m., or by email at <a href=\"mailto:reservations.groupes@mcq.org\">reservations.groupes@mcq.org<\/a>. <\/p>\n        <\/div>\n      <\/div>\n    <\/div>\n    <!-- \/\/ item -->\n  <\/div>\n\n\n  <div class=\"accordion\" >\n    <!-- item -->\n    <div class=\"accordion-item\">\n      <span class=\"accordion-header\" id=\"panel-Adapted-educational-activities\">\n        <button class=\"accordion-button collapsed\" type=\"button\" data-bs-toggle=\"collapse\" data-bs-target=\"#Adapted-educational-activities\" aria-expanded=\"false\" aria-controls=\"panel-Adapted-educational-activities\">\n          <span>Adapted educational activities<\/span>\n        <\/button>\n      <\/span>\n      <div id=\"Adapted-educational-activities\" class=\"accordion-collapse  collapse\" aria-labelledby=\"panel-Adapted-educational-activities\">\n        <div class=\"accordion-body\">\n          <p>Educational activities can be adapted for groups or individuals with specific needs. Prior to your visit, contact group reservations at the Cultural and Educational Mediation Department at 418-692-1151, from 8:30 a.m. to 12 p.m. and from 1 p.m. to 4:30 p.m., or by email at <a href=\"mailto:reservations.groupes@mcq.org\">reservations.groupes@mcq.org<\/a>.<\/p>\n        <\/div>\n      <\/div>\n    <\/div>\n    <!-- \/\/ item -->\n  <\/div>\n\n\n  <div class=\"accordion\" >\n    <!-- item -->\n    <div class=\"accordion-item\">\n      <span class=\"accordion-header\" id=\"panel-Equipment-you-can-borrow\">\n        <button class=\"accordion-button collapsed\" type=\"button\" data-bs-toggle=\"collapse\" data-bs-target=\"#Equipment-you-can-borrow\" aria-expanded=\"false\" aria-controls=\"panel-Equipment-you-can-borrow\">\n          <span>Equipment you can borrow\u00a0<\/span>\n        <\/button>\n      <\/span>\n      <div id=\"Equipment-you-can-borrow\" class=\"accordion-collapse  collapse\" aria-labelledby=\"panel-Equipment-you-can-borrow\">\n        <div class=\"accordion-body\">\n          <ul>\n<li>Wheelchairs<\/li>\n<li>Strollers<\/li>\n<li>Hearing aids for the hearing impaired in the auditoriums<\/li>\n<\/ul>\n<p>Ask at the information desk.<\/p>\n        <\/div>\n      <\/div>\n    <\/div>\n    <!-- \/\/ item -->\n  <\/div>\n\n\n  <div class=\"accordion\" >\n    <!-- item -->\n    <div class=\"accordion-item\">\n      <span class=\"accordion-header\" id=\"panel-Disabled-parking\">\n        <button class=\"accordion-button collapsed\" type=\"button\" data-bs-toggle=\"collapse\" data-bs-target=\"#Disabled-parking\" aria-expanded=\"false\" aria-controls=\"panel-Disabled-parking\">\n          <span>Disabled parking<\/span>\n        <\/button>\n      <\/span>\n      <div id=\"Disabled-parking\" class=\"accordion-collapse  collapse\" aria-labelledby=\"panel-Disabled-parking\">\n        <div class=\"accordion-body\">\n          <p>Parking is available for people with a disabled parking permit issued by the Soci\u00e9t\u00e9 de l\u2019assurance automobile du Qu\u00e9bec. They are located on Bell street, at the corner of rue de la Barricade.<\/p>\n        <\/div>\n      <\/div>\n    <\/div>\n    <!-- \/\/ item -->\n  <\/div>\n\n\n  <div class=\"accordion\" >\n    <!-- item -->\n    <div class=\"accordion-item\">\n      <span class=\"accordion-header\" id=\"panel-Elevators-and-automatic-doors\">\n        <button class=\"accordion-button collapsed\" type=\"button\" data-bs-toggle=\"collapse\" data-bs-target=\"#Elevators-and-automatic-doors\" aria-expanded=\"false\" aria-controls=\"panel-Elevators-and-automatic-doors\">\n          <span>Elevators and automatic doors\u00a0<\/span>\n        <\/button>\n      <\/span>\n      <div id=\"Elevators-and-automatic-doors\" class=\"accordion-collapse  collapse\" aria-labelledby=\"panel-Elevators-and-automatic-doors\">\n        <div class=\"accordion-body\">\n          <p>All floors of the Mus\u00e9e are accessible by elevator. Automatic doors are available at every entrance. <\/p>\n        <\/div>\n      <\/div>\n    <\/div>\n    <!-- \/\/ item -->\n  <\/div>\n\n\n  <div class=\"accordion\" >\n    <!-- item -->\n    <div class=\"accordion-item\">\n      <span class=\"accordion-header\" id=\"panel-Gender-neutral-washrooms-and-toilets-adapted-for-people-with-disabilities\">\n        <button class=\"accordion-button collapsed\" type=\"button\" data-bs-toggle=\"collapse\" data-bs-target=\"#Gender-neutral-washrooms-and-toilets-adapted-for-people-with-disabilities\" aria-expanded=\"false\" aria-controls=\"panel-Gender-neutral-washrooms-and-toilets-adapted-for-people-with-disabilities\">\n          <span>Gender-neutral washrooms and toilets adapted for people with disabilities<\/span>\n        <\/button>\n      <\/span>\n      <div id=\"Gender-neutral-washrooms-and-toilets-adapted-for-people-with-disabilities\" class=\"accordion-collapse  collapse\" aria-labelledby=\"panel-Gender-neutral-washrooms-and-toilets-adapted-for-people-with-disabilities\">\n        <div class=\"accordion-body\">\n          <p>Gender-neutral washrooms are available next to the dining area on the second floor. Sanitary waste disposal is available in both the women\u2019s and men\u2019s washrooms. Every washroom is equipped with a toilet adapted for people with disabilities.<\/p>\n        <\/div>\n      <\/div>\n    <\/div>\n    <!-- \/\/ item -->\n  <\/div>\n\n\n          <\/div>\n  <\/div>\n<\/div>","protected":false},"excerpt":{"rendered":"","protected":false},"author":1,"featured_media":0,"parent":1241,"menu_order":0,"comment_status":"closed","ping_status":"closed","template":"","meta":{"_acf_changed":false,"footnotes":""},"page-tax":[256],"folder":[],"class_list":["post-1000","page","type-page","status-publish","hentry","page-tax-general-en"],"acf":[],"yoast_head":"<!-- This site is optimized with the Yoast SEO Premium plugin v27.3 (Yoast SEO v27.3) - https:\/\/yoast.com\/product\/yoast-seo-premium-wordpress\/ -->\n<title>Universal Accessibility | Mus\u00e9e de la civilisation<\/title>\n<meta name=\"description\" content=\"The Mus\u00e9e de la civilisation is committed to universal accessibility. Discover the support measures we have put in place.\" \/>\n<meta name=\"robots\" content=\"index, follow, max-snippet:-1, max-image-preview:large, max-video-preview:-1\" \/>\n<link rel=\"canonical\" href=\"https:\/\/mcq.org\/en\/about-us\/universal-accessibility\/\" \/>\n<meta property=\"og:locale\" content=\"en_US\" \/>\n<meta property=\"og:type\" content=\"article\" \/>\n<meta property=\"og:title\" content=\"Universal Accessibility | Mus\u00e9e de la civilisation\" \/>\n<meta property=\"og:description\" content=\"Le Mus\u00e9e de la civilisation s\u2019engage pour l\u2019accessibilit\u00e9 universelle. D\u00e9couvrez les mesures de soutien que nous avons mises en place.\" \/>\n<meta property=\"og:url\" content=\"https:\/\/mcq.org\/en\/about-us\/universal-accessibility\/\" \/>\n<meta property=\"og:site_name\" content=\"Mus\u00e9e de la civilisation\" \/>\n<meta property=\"article:publisher\" content=\"https:\/\/www.facebook.com\/mcqorg\" \/>\n<meta property=\"article:modified_time\" content=\"2025-09-04T14:07:02+00:00\" \/>\n<meta property=\"og:image\" content=\"https:\/\/mcq.org\/wp-content\/uploads\/2023\/04\/Visuel_Generique_OG_1200x675.jpg?ver=1682613626\" \/>\n\t<meta property=\"og:image:width\" content=\"1200\" \/>\n\t<meta property=\"og:image:height\" content=\"675\" \/>\n\t<meta property=\"og:image:type\" content=\"image\/jpeg\" \/>\n<meta name=\"twitter:card\" content=\"summary_large_image\" \/>\n<meta name=\"twitter:description\" content=\"Le Mus\u00e9e de la civilisation s\u2019engage pour l\u2019accessibilit\u00e9 universelle. D\u00e9couvrez les mesures de soutien que nous avons mises en place.\" \/>\n<meta name=\"twitter:site\" content=\"@mcqorg\" \/>\n<meta name=\"twitter:label1\" content=\"Est. reading time\" \/>\n\t<meta name=\"twitter:data1\" content=\"1 minute\" \/>\n<!-- \/ Yoast SEO Premium plugin. -->","yoast_head_json":{"title":"Universal Accessibility | Mus\u00e9e de la civilisation","description":"The Mus\u00e9e de la civilisation is committed to universal accessibility. Discover the support measures we have put in place.","robots":{"index":"index","follow":"follow","max-snippet":"max-snippet:-1","max-image-preview":"max-image-preview:large","max-video-preview":"max-video-preview:-1"},"canonical":"https:\/\/mcq.org\/en\/about-us\/universal-accessibility\/","og_locale":"en_US","og_type":"article","og_title":"Universal Accessibility | Mus\u00e9e de la civilisation","og_description":"Le Mus\u00e9e de la civilisation s\u2019engage pour l\u2019accessibilit\u00e9 universelle. D\u00e9couvrez les mesures de soutien que nous avons mises en place.","og_url":"https:\/\/mcq.org\/en\/about-us\/universal-accessibility\/","og_site_name":"Mus\u00e9e de la civilisation","article_publisher":"https:\/\/www.facebook.com\/mcqorg","article_modified_time":"2025-09-04T14:07:02+00:00","og_image":[{"width":1200,"height":675,"url":"https:\/\/mcq.org\/wp-content\/uploads\/2023\/04\/Visuel_Generique_OG_1200x675.jpg?ver=1682613626","type":"image\/jpeg"}],"twitter_card":"summary_large_image","twitter_description":"Le Mus\u00e9e de la civilisation s\u2019engage pour l\u2019accessibilit\u00e9 universelle. D\u00e9couvrez les mesures de soutien que nous avons mises en place.","twitter_site":"@mcqorg","twitter_misc":{"Est. reading time":"1 minute"},"schema":{"@context":"https:\/\/schema.org","@graph":[{"@type":"WebPage","@id":"https:\/\/mcq.org\/en\/about-us\/universal-accessibility\/","url":"https:\/\/mcq.org\/en\/about-us\/universal-accessibility\/","name":"Universal Accessibility | Mus\u00e9e de la civilisation","isPartOf":{"@id":"https:\/\/mcq.org\/en\/#website"},"datePublished":"2023-04-27T17:15:36+00:00","dateModified":"2025-09-04T14:07:02+00:00","description":"The Mus\u00e9e de la civilisation is committed to universal accessibility. Discover the support measures we have put in place.","breadcrumb":{"@id":"https:\/\/mcq.org\/en\/about-us\/universal-accessibility\/#breadcrumb"},"inLanguage":"en-US","potentialAction":[{"@type":"ReadAction","target":["https:\/\/mcq.org\/en\/about-us\/universal-accessibility\/"]}]},{"@type":"BreadcrumbList","@id":"https:\/\/mcq.org\/en\/about-us\/universal-accessibility\/#breadcrumb","itemListElement":[{"@type":"ListItem","position":1,"name":"Home","item":"https:\/\/mcq.org\/en\/"},{"@type":"ListItem","position":2,"name":"About Us","item":"https:\/\/mcq.org\/en\/about-us\/"},{"@type":"ListItem","position":3,"name":"Universal Accessibility"}]},{"@type":"WebSite","@id":"https:\/\/mcq.org\/en\/#website","url":"https:\/\/mcq.org\/en\/","name":"Mus\u00e9e de la civilisation","description":"Le Mus\u00e9e de la civilisation explore les diff\u00e9rentes facettes de la r\u00e9alit\u00e9 humaine avec sa d\u00e9marche unique qui combine enchantement, connaissance et r\u00e9flexion.","publisher":{"@id":"https:\/\/mcq.org\/en\/#organization"},"alternateName":"MCQ","potentialAction":[{"@type":"SearchAction","target":{"@type":"EntryPoint","urlTemplate":"https:\/\/mcq.org\/en\/?s={search_term_string}"},"query-input":{"@type":"PropertyValueSpecification","valueRequired":true,"valueName":"search_term_string"}}],"inLanguage":"en-US"},{"@type":"Organization","@id":"https:\/\/mcq.org\/en\/#organization","name":"Mus\u00e9e de la civilisation","alternateName":"MCQ","url":"https:\/\/mcq.org\/en\/","logo":{"@type":"ImageObject","inLanguage":"en-US","@id":"https:\/\/mcq.org\/en\/#\/schema\/logo\/image\/","url":"https:\/\/mcq.org\/wp-content\/uploads\/2023\/04\/logo-mcq-300x123-1.png","contentUrl":"https:\/\/mcq.org\/wp-content\/uploads\/2023\/04\/logo-mcq-300x123-1.png","width":300,"height":123,"caption":"Mus\u00e9e de la civilisation"},"image":{"@id":"https:\/\/mcq.org\/en\/#\/schema\/logo\/image\/"},"sameAs":["https:\/\/www.facebook.com\/mcqorg","https:\/\/x.com\/mcqorg","https:\/\/www.instagram.com\/mcqorg\/","https:\/\/www.linkedin.com\/company\/mcqorg\/"]}]}},"_links":{"self":[{"href":"https:\/\/mcq.org\/en\/wp-json\/wp\/v2\/pages\/1000","targetHints":{"allow":["GET"]}}],"collection":[{"href":"https:\/\/mcq.org\/en\/wp-json\/wp\/v2\/pages"}],"about":[{"href":"https:\/\/mcq.org\/en\/wp-json\/wp\/v2\/types\/page"}],"author":[{"embeddable":true,"href":"https:\/\/mcq.org\/en\/wp-json\/wp\/v2\/users\/1"}],"replies":[{"embeddable":true,"href":"https:\/\/mcq.org\/en\/wp-json\/wp\/v2\/comments?post=1000"}],"version-history":[{"count":16,"href":"https:\/\/mcq.org\/en\/wp-json\/wp\/v2\/pages\/1000\/revisions"}],"predecessor-version":[{"id":26533,"href":"https:\/\/mcq.org\/en\/wp-json\/wp\/v2\/pages\/1000\/revisions\/26533"}],"up":[{"embeddable":true,"href":"https:\/\/mcq.org\/en\/wp-json\/wp\/v2\/pages\/1241"}],"wp:attachment":[{"href":"https:\/\/mcq.org\/en\/wp-json\/wp\/v2\/media?parent=1000"}],"wp:term":[{"taxonomy":"page-tax","embeddable":true,"href":"https:\/\/mcq.org\/en\/wp-json\/wp\/v2\/page-tax?post=1000"},{"taxonomy":"folder","embeddable":true,"href":"https:\/\/mcq.org\/en\/wp-json\/wp\/v2\/folder?post=1000"}],"curies":[{"name":"wp","href":"https:\/\/api.w.org\/{rel}","templated":true}]}}